{"id":1152,"date":"2025-05-20T12:31:09","date_gmt":"2025-05-20T12:31:09","guid":{"rendered":"https:\/\/linkbuildinggermany.de\/?page_id=1152"},"modified":"2025-06-13T09:39:32","modified_gmt":"2025-06-13T09:39:32","slug":"seo-texterstellung","status":"publish","type":"page","link":"https:\/\/linkbuildinggermany.de\/de\/seo-texterstellung\/","title":{"rendered":"SEO-Texterstellung"},"content":{"rendered":"<section id=\"wp-block-themeisle-blocks-advanced-columns-6a24f348\" class=\"wp-block-themeisle-blocks-advanced-columns alignfull has-1-columns has-desktop-equal-layout has-tablet-equal-layout has-mobile-equal-layout has-vertical-center has-dark-bg\"><div class=\"wp-block-themeisle-blocks-advanced-columns-overlay\"><\/div><div class=\"innerblocks-wrap\">\n<div id=\"wp-block-themeisle-blocks-advanced-column-4a61d9aa\" class=\"wp-block-themeisle-blocks-advanced-column\">\n<h2 class=\"wp-block-heading alignfull has-text-align-center has-base-2-color has-text-color has-huge-font-size\" style=\"font-style:normal;font-weight:700\">SEO Copywriting Dienstleistungen in Deutschland: Mit Sitz in der EU<\/h2>\n\n\n\n<p class=\"has-text-align-center has-nv-text-dark-bg-color has-text-color\">Als vertrauensw\u00fcrdige Agentur sind wir darauf spezialisiert, effektive Linkbuilding-Strategien zu entwickeln, die messbare Ergebnisse liefern. Schlie\u00dfen Sie sich den \u00fcber 350 Unternehmen und Agenturen an, die sich auf unsere Expertise verlassen, um ihr Suchmaschinenranking zu verbessern und ihre SEO-Leistung in Deutschland zu optimieren.<\/p>\n\n\n\n<div class=\"wp-block-buttons is-horizontal is-content-justification-center is-layout-flex wp-container-core-buttons-is-layout-499968f5 wp-block-buttons-is-layout-flex\">\n<div class=\"wp-block-button is-style-primary\"><a class=\"wp-block-button__link has-text-color has-background has-link-color wp-element-button\" href=\"https:\/\/linkbuildinggermany.de\/de\/bcd31-kontakt\/\" style=\"border-radius:100px;color:#ffffff;background-color:#49a392\">Nehmen Sie noch heute Kontakt mit uns auf<\/a><\/div>\n<\/div>\n<\/div>\n<\/div><\/section>\n\n\n\n<div id=\"wp-block-themeisle-blocks-timeline-e5d5c4b6\" class=\"wp-block-themeisle-blocks-timeline\"><div class=\"o-timeline-root\">\n<div id=\"wp-block-themeisle-blocks-timeline-item-68257b8b\" class=\"wp-block-themeisle-blocks-timeline-item\"><div class=\"o-timeline-container\"><div class=\"o-timeline-icon\"><i class=\"fas fa-circle\"><\/i><\/div><div class=\"o-timeline-content\">\n<h3 class=\"wp-block-heading\">Verbesserte Online-Sichtbarkeit<\/h3>\n\n\n\n<p>Die Eintragung Ihrer Website in seri\u00f6se Verzeichnisse erh\u00f6ht ihre Sichtbarkeit und erleichtert es potenziellen Kunden, Sie online zu finden.<\/p>\n<\/div><\/div><\/div>\n\n\n\n<div id=\"wp-block-themeisle-blocks-timeline-item-4f133270\" class=\"wp-block-themeisle-blocks-timeline-item\"><div class=\"o-timeline-container\"><div class=\"o-timeline-icon\"><i class=\"fas fa-circle\"><\/i><\/div><div class=\"o-timeline-content\">\n<h3 class=\"wp-block-heading\">Gest\u00e4rkte Markenautorit\u00e4t und Vertrauen<\/h3>\n\n\n\n<p>Die Aufnahme in f\u00fchrende Verzeichnisse erh\u00f6ht die Glaubw\u00fcrdigkeit sowohl bei Suchmaschinen als auch bei Nutzern und macht Ihre Marke zu einer vertrauensw\u00fcrdigen Autorit\u00e4t in Ihrer Branche.<\/p>\n<\/div><\/div><\/div>\n\n\n\n<div id=\"wp-block-themeisle-blocks-timeline-item-318b777e\" class=\"wp-block-themeisle-blocks-timeline-item\"><div class=\"o-timeline-container\"><div class=\"o-timeline-icon\"><i class=\"fas fa-circle\"><\/i><\/div><div class=\"o-timeline-content\">\n<h3 class=\"wp-block-heading\">Erh\u00f6hter organischer Empfehlungsverkehr<\/h3>\n\n\n\n<p>Unternehmensverzeichnisse ziehen organischen Verkehr an, indem sie Ihre Website mit potenziellen Kunden verbinden, die aktiv nach Ihren Produkten oder Dienstleistungen suchen.<\/p>\n<\/div><\/div><\/div>\n\n\n\n<div id=\"wp-block-themeisle-blocks-timeline-item-854b8e5c\" class=\"wp-block-themeisle-blocks-timeline-item\"><div class=\"o-timeline-container\"><div class=\"o-timeline-icon\"><i class=\"fas fa-circle\"><\/i><\/div><div class=\"o-timeline-content\">\n<h3 class=\"wp-block-heading\">Verbesserte Suchmaschinenplatzierungen<\/h3>\n\n\n\n<p>Die Platzierung in hochwertigen Verzeichnissen sendet starke Signale an die Suchmaschinen \u00fcber die Vertrauensw\u00fcrdigkeit und Relevanz Ihrer Website und verbessert Ihre Platzierung in den Suchergebnissen.<\/p>\n<\/div><\/div><\/div>\n<\/div><\/div>\n\n\n\n<p><\/p>\n\n\n\n<section id=\"wp-block-themeisle-blocks-advanced-columns-03d78f51\" class=\"wp-block-themeisle-blocks-advanced-columns alignfull has-1-columns has-desktop-equal-layout has-tablet-equal-layout has-mobile-equal-layout has-vertical-flex-start\"><div class=\"wp-block-themeisle-blocks-advanced-columns-overlay\"><\/div><div class=\"innerblocks-wrap\">\n<div id=\"wp-block-themeisle-blocks-advanced-column-f5ef6035\" class=\"wp-block-themeisle-blocks-advanced-column\">\n<section id=\"wp-block-themeisle-blocks-advanced-columns-d40d972d\" class=\"wp-block-themeisle-blocks-advanced-columns has-1-columns has-desktop-equal-layout has-tablet-equal-layout has-mobile-equal-layout has-vertical-flex-start\"><div class=\"wp-block-themeisle-blocks-advanced-columns-overlay\"><\/div><div class=\"innerblocks-wrap\">\n<div id=\"wp-block-themeisle-blocks-advanced-column-b3e970ed\" class=\"wp-block-themeisle-blocks-advanced-column\">\n<h2 class=\"wp-block-heading has-text-align-center has-text-color\" style=\"color:#ffffff\">Was sind wei\u00dfe Verzeichnisse?<\/h2>\n\n\n\n<p class=\"has-text-color\" style=\"color:#ffffff\">Wei\u00dfe Verzeichnisse sind sorgf\u00e4ltig kuratierte Online-Plattformen, bei denen jedes Unternehmen manuell \u00fcberpr\u00fcft wird, bevor es aufgenommen wird. Im Gegensatz zu automatischen Verzeichnissen, die alle Arten von Websites akzeptieren, gew\u00e4hrleisten wei\u00dfe Verzeichnisse die Qualit\u00e4t und Relevanz der Links, die sie aufnehmen. Suchmaschinen erkennen diese Verzeichnisse als vertrauensw\u00fcrdige Quellen an, was sie zu einem wichtigen Element in Ihrer SEO-Strategie macht.<\/p>\n\n\n\n<p class=\"has-text-align-left has-text-color\" style=\"color:#ffffff\">Die Eintragung in diese Verzeichnisse steigert nicht nur den Linkwert Ihrer Website, sondern erh\u00f6ht auch ihre Sichtbarkeit und schafft Vertrauen bei den Suchmaschinenalgorithmen. Trotz des technologischen Fortschritts bleibt die manuelle Eintragung in verifizierte wei\u00dfe Verzeichnisse ein wichtiger Bestandteil eines effektiven SEO-Ansatzes.<\/p>\n\n\n\n<h2 class=\"wp-block-heading has-text-align-center has-text-color\" style=\"color:#ffffff\">Welche Unternehmen sollten sich f\u00fcr eine bessere Online-Promotion in Unternehmensverzeichnisse eintragen?<\/h2>\n\n\n\n<p class=\"has-text-color\" style=\"color:#ffffff\">Die Eintragung in Unternehmensverzeichnisse ist f\u00fcr Unternehmen in jedem Entwicklungsstadium von Vorteil, ganz gleich, ob Sie gerade erst anfangen oder eine bekannte Marke weiter etablieren wollen. Von neuen Unternehmen, die ihre ersten Schritte machen, bis hin zu etablierten Unternehmen, die auf langfristiges Wachstum ausgerichtet sind, bieten wei\u00dfe Verzeichnisse eine sichere und effektive M\u00f6glichkeit, Ihre Online-Pr\u00e4senz zu verbessern.<\/p>\n\n\n\n<p class=\"has-text-color\" style=\"color:#ffffff\">Diese Verzeichnisse erm\u00f6glichen es Unternehmen, ein organisches Linkprofil durch hochwertige, nischenrelevante Websites aufzubauen. Wenn traditionelle SEO-Methoden nicht mehr ausreichen, werden Unternehmensverzeichnisse zu einem unverzichtbaren Instrument zur Verbesserung Ihres Rufs bei gleichzeitiger Minimierung der SEO-Risiken.<\/p>\n\n\n\n<h2 class=\"wp-block-heading has-text-align-center has-text-color\" style=\"color:#ffffff\">Was sollten Sie in Ihr Branchenbuchprofil aufnehmen, um maximale Sichtbarkeit zu erreichen?<\/h2>\n\n\n\n<p class=\"has-text-color\" style=\"color:#ffffff\">Um sicherzustellen, dass Ihr Unternehmensprofil hervorsticht, achten wir auf jedes wichtige Detail. Dazu geh\u00f6rt die Auflistung Ihres Markennamens, der Gesch\u00e4ftsart und einer aussagekr\u00e4ftigen Beschreibung mit relevanten Schl\u00fcsselw\u00f6rtern und Georeferenzierung.<\/p>\n\n\n\n<p><mark style=\"background-color:rgba(0, 0, 0, 0)\" class=\"has-inline-color has-nv-text-dark-bg-color\">Wir f\u00fcgen auch Ihre Kontaktinformationen, Arbeitszeiten und Adresse ein, damit potenzielle Kunden Sie leicht erreichen k\u00f6nnen. Wenn Sie Ihr Profil mit einem professionellen Logo und ansprechenden Bildern versehen, hebt es sich von der Konkurrenz ab und erregt mehr Aufmerksamkeit.<\/mark><\/p>\n\n\n\n<p class=\"has-text-color\" style=\"color:#ffffff\">All diese Elemente sind ausschlie\u00dflich in verifizierten, relevanten Verzeichnissen enthalten und bieten echte SEO-Vorteile und einen Mehrwert f\u00fcr Ihre Nutzer.<\/p>\n\n\n\n<p><\/p>\n\n\n\n<h2 class=\"wp-block-heading has-text-align-center has-text-color\" style=\"color:#ffffff\">Warum w\u00e4hlen <strong>LinkBuildingGermany.de<\/strong> f\u00fcr White Directory Submissions?<\/h2>\n\n\n\n<p class=\"has-text-color\" style=\"color:#ffffff\">Unternehmensverzeichnisse sind eine hervorragende M\u00f6glichkeit, hochwertige und sichere Backlinks zu erhalten, die die Sichtbarkeit Ihrer Website in den Suchergebnissen verbessern. Auf <strong>LinkBuildingGermany.de<\/strong>sind wir darauf spezialisiert, die seri\u00f6sesten Verzeichnisse f\u00fcr Ihr Unternehmen auszuw\u00e4hlen. Unsere Experten bewerten sorgf\u00e4ltig die Glaubw\u00fcrdigkeit der einzelnen Verzeichnisse und w\u00e4hlen nur solche aus, die aussagekr\u00e4ftige Ergebnisse liefern.<\/p>\n\n\n\n<p class=\"has-text-color\" style=\"color:#ffffff\">Wir verlassen uns nicht auf automatisierte Methoden oder Masseneinreichungen. Jede Verzeichnisplatzierung wird manuell vorgenommen, um die Authentizit\u00e4t und Sicherheit der Links zu gew\u00e4hrleisten. Dieser Ansatz hilft Ihnen, ein robustes und nachhaltiges Linkprofil aufzubauen, das echte, langfristige SEO-Ergebnisse liefert.<\/p>\n\n\n\n<div style=\"height:20px\" aria-hidden=\"true\" class=\"wp-block-spacer\"><\/div>\n<\/div>\n<\/div><\/section>\n<\/div>\n<\/div><\/section>\n\n\n\n<div id=\"wp-block-themeisle-blocks-advanced-columns-0082e7f2\" class=\"wp-block-themeisle-blocks-advanced-columns alignfull has-2-columns has-desktop-equal-layout has-tablet-equal-layout has-mobile-collapsedRows-layout has-vertical-unset has-light-bg\"><div class=\"wp-block-themeisle-blocks-advanced-columns-overlay\"><\/div><div class=\"innerblocks-wrap\">\n<div id=\"wp-block-themeisle-blocks-advanced-column-bb276aff\" class=\"wp-block-themeisle-blocks-advanced-column has-light-bg\">\n<p><strong>F\u00fcr digitale Marketing-Agenturen und SEO-Fachleute<\/strong><\/p>\n\n\n\n<p>Wenn Sie ein SEO-Fachmann, eine Agentur f\u00fcr digitales Marketing oder ein Auftragnehmer sind, der mehrere Projekte verwaltet, wissen Sie, wie zeitaufw\u00e4ndig die genaue Platzierung von Verzeichnissen sein kann. Durch die Partnerschaft mit <strong>LinkBuildingGermany.de<\/strong>k\u00f6nnen Sie den gesamten Prozess an unser erfahrenes Team delegieren und so sicherstellen, dass Ihre Verzeichnisse ordnungsgem\u00e4\u00df verwaltet und optimiert werden, um die besten Ergebnisse zu erzielen.<\/p>\n<\/div>\n\n\n\n<div id=\"wp-block-themeisle-blocks-advanced-column-ebaf5fd9\" class=\"wp-block-themeisle-blocks-advanced-column has-dark-bg\"><p class=\"wp-block-site-tagline\">F\u00fcr Unternehmen<\/p>\n\n\n<p>Unternehmen k\u00f6nnen zwar versuchen, sich auf eigene Faust in Webverzeichnisse einzutragen, aber die Ergebnisse sind oft mangelhaft. Links werden m\u00f6glicherweise nicht indiziert, Profile verschwinden, und Ihre SEO-Bem\u00fchungen bringen nicht die gew\u00fcnschten Ergebnisse. Ohne das richtige Fachwissen kann die Verwaltung von Verzeichnissen zeitaufw\u00e4ndig und frustrierend sein. Was Sie brauchen, sind die richtige Erfahrung, zuverl\u00e4ssige Tools und eine kontinuierliche \u00dcberwachung, um sicherzustellen, dass Sie nur mit effektiven Plattformen arbeiten.<\/p>\n<\/div>\n<\/div><\/div>\n\n\n\n<p><\/p>\n\n\n\n<section id=\"wp-block-themeisle-blocks-advanced-columns-7aee849b\" class=\"wp-block-themeisle-blocks-advanced-columns alignfull has-1-columns has-desktop-equal-layout has-tablet-equal-layout has-mobile-equal-layout has-vertical-center has-dark-bg\"><div class=\"wp-block-themeisle-blocks-advanced-columns-overlay\"><\/div><div class=\"innerblocks-wrap\">\n<div id=\"wp-block-themeisle-blocks-advanced-column-4c94f841\" class=\"wp-block-themeisle-blocks-advanced-column\">\n<h2 class=\"wp-block-heading has-text-align-center has-base-2-color has-text-color has-huge-font-size\" style=\"font-style:normal;font-weight:700\">Steigern Sie die Sichtbarkeit Ihrer Marke mit SEO Copywriting in Deutschland<\/h2>\n\n\n\n<p class=\"has-text-align-center has-nv-text-dark-bg-color has-text-color\">Maximieren Sie Ihre Online-Pr\u00e4senz mit fachkundigen SEO-Inhalten, die zu Ergebnissen f\u00fchren. Setzen Sie sich noch heute mit LinkBuildingGermany.de in Verbindung, um Ihr Ranking zu verbessern!<\/p>\n\n\n\n<div class=\"wp-block-buttons is-horizontal is-content-justification-center is-layout-flex wp-container-core-buttons-is-layout-499968f5 wp-block-buttons-is-layout-flex\">\n<div class=\"wp-block-button is-style-primary\"><a class=\"wp-block-button__link has-text-color has-background has-link-color wp-element-button\" href=\"https:\/\/linkbuildinggermany.de\/de\/bcd31-kontakt\/\" style=\"border-radius:100px;color:#ffffff;background-color:#49a392\">Kontaktieren Sie uns jetzt und erfahren Sie mehr<\/a><\/div>\n<\/div>\n<\/div>\n<\/div><\/section>","protected":false},"excerpt":{"rendered":"","protected":false},"author":1,"featured_media":0,"parent":0,"menu_order":0,"comment_status":"closed","ping_status":"closed","template":"","meta":{"neve_meta_sidebar":"","neve_meta_container":"","neve_meta_enable_content_width":"","neve_meta_content_width":0,"neve_meta_title_alignment":"","neve_meta_author_avatar":"","neve_post_elements_order":"","neve_meta_disable_header":"","neve_meta_disable_footer":"","neve_meta_disable_title":"on","_themeisle_gutenberg_block_has_review":false,"footnotes":""},"class_list":["post-1152","page","type-page","status-publish","hentry"],"_links":{"self":[{"href":"https:\/\/linkbuildinggermany.de\/de\/wp-json\/wp\/v2\/pages\/1152","targetHints":{"allow":["GET"]}}],"collection":[{"href":"https:\/\/linkbuildinggermany.de\/de\/wp-json\/wp\/v2\/pages"}],"about":[{"href":"https:\/\/linkbuildinggermany.de\/de\/wp-json\/wp\/v2\/types\/page"}],"author":[{"embeddable":true,"href":"https:\/\/linkbuildinggermany.de\/de\/wp-json\/wp\/v2\/users\/1"}],"replies":[{"embeddable":true,"href":"https:\/\/linkbuildinggermany.de\/de\/wp-json\/wp\/v2\/comments?post=1152"}],"version-history":[{"count":16,"href":"https:\/\/linkbuildinggermany.de\/de\/wp-json\/wp\/v2\/pages\/1152\/revisions"}],"predecessor-version":[{"id":1712,"href":"https:\/\/linkbuildinggermany.de\/de\/wp-json\/wp\/v2\/pages\/1152\/revisions\/1712"}],"wp:attachment":[{"href":"https:\/\/linkbuildinggermany.de\/de\/wp-json\/wp\/v2\/media?parent=1152"}],"curies":[{"name":"wp","href":"https:\/\/api.w.org\/{rel}","templated":true}]}}