{"id":1154,"date":"2025-05-20T12:31:31","date_gmt":"2025-05-20T12:31:31","guid":{"rendered":"https:\/\/linkbuildinggermany.de\/?page_id=1154"},"modified":"2025-06-13T09:38:56","modified_gmt":"2025-06-13T09:38:56","slug":"seo","status":"publish","type":"page","link":"https:\/\/linkbuildinggermany.de\/de\/seo\/","title":{"rendered":"SEO"},"content":{"rendered":"<section id=\"wp-block-themeisle-blocks-advanced-columns-6a24f348\" class=\"wp-block-themeisle-blocks-advanced-columns alignfull has-1-columns has-desktop-equal-layout has-tablet-equal-layout has-mobile-equal-layout has-vertical-center has-dark-bg\"><div class=\"wp-block-themeisle-blocks-advanced-columns-overlay\"><\/div><div class=\"innerblocks-wrap\">\n<div id=\"wp-block-themeisle-blocks-advanced-column-4a61d9aa\" class=\"wp-block-themeisle-blocks-advanced-column\">\n<h2 class=\"wp-block-heading alignfull has-text-align-center has-base-2-color has-text-color has-huge-font-size\" style=\"font-style:normal;font-weight:700\">SEO Services Agentur mit Sitz in Deutschland<\/h2>\n\n\n\n<p class=\"has-text-align-center has-nv-text-dark-bg-color has-text-color\">Wir sind eine vertrauensw\u00fcrdige Agentur, die sich auf fortschrittliche Linkbuilding-Strategien spezialisiert hat. Mehr als 350 Unternehmen und Agenturen vertrauen auf uns. Wir helfen bei der Verbesserung von Suchmaschinen-Rankings und liefern hervorragende SEO-Ergebnisse.<\/p>\n\n\n\n<div class=\"wp-block-buttons is-horizontal is-content-justification-center is-layout-flex wp-container-core-buttons-is-layout-499968f5 wp-block-buttons-is-layout-flex\">\n<div class=\"wp-block-button is-style-primary\"><a class=\"wp-block-button__link has-text-color has-background has-link-color wp-element-button\" href=\"https:\/\/linkbuildinggermany.de\/de\/bcd31-kontakt\/\" style=\"border-radius:100px;color:#ffffff;background-color:#49a392\">Kontakt aufnehmen<\/a><\/div>\n<\/div>\n<\/div>\n<\/div><\/section>\n\n\n\n<div id=\"wp-block-themeisle-blocks-advanced-columns-81f9f30f\" class=\"wp-block-themeisle-blocks-advanced-columns alignfull has-2-columns has-desktop-equal-layout has-tablet-equal-layout has-mobile-collapsedRows-layout has-vertical-center has-light-bg\"><div class=\"wp-block-themeisle-blocks-advanced-columns-overlay\"><\/div><div class=\"innerblocks-wrap\">\n<div id=\"wp-block-themeisle-blocks-advanced-column-d10a7c4b\" class=\"wp-block-themeisle-blocks-advanced-column has-light-bg\">\n<figure class=\"wp-block-image size-large\"><img loading=\"lazy\" decoding=\"async\" width=\"1024\" height=\"682\" src=\"https:\/\/linkbuildinggermany.de\/wp-content\/uploads\/2025\/05\/backlinks-7791387_1280-1024x682.jpg\" alt=\"\" class=\"wp-image-1255\" srcset=\"https:\/\/linkbuildinggermany.de\/wp-content\/uploads\/2025\/05\/backlinks-7791387_1280-1024x682.jpg 1024w, https:\/\/linkbuildinggermany.de\/wp-content\/uploads\/2025\/05\/backlinks-7791387_1280-300x200.jpg 300w, https:\/\/linkbuildinggermany.de\/wp-content\/uploads\/2025\/05\/backlinks-7791387_1280-768x512.jpg 768w, https:\/\/linkbuildinggermany.de\/wp-content\/uploads\/2025\/05\/backlinks-7791387_1280-930x620.jpg 930w, https:\/\/linkbuildinggermany.de\/wp-content\/uploads\/2025\/05\/backlinks-7791387_1280.jpg 1280w\" sizes=\"auto, (max-width: 1024px) 100vw, 1024px\" \/><\/figure>\n<\/div>\n\n\n\n<div id=\"wp-block-themeisle-blocks-advanced-column-f085e4fa\" class=\"wp-block-themeisle-blocks-advanced-column\">\n<h6 class=\"wp-block-heading has-text-color\" style=\"color:#ee3832\"><strong>Willkommen bei linkbuildinggermany.de<\/strong><\/h6>\n\n\n\n<h3 class=\"wp-block-heading has-text-color\" style=\"color:#ee3832\"><strong><mark style=\"background-color:rgba(0, 0, 0, 0)\" class=\"has-inline-color has-nv-dark-bg-color\">Die Link Building Agency, die au\u00dfergew\u00f6hnliche Rankings liefert<\/mark><\/strong><\/h3>\n\n\n\n<p class=\"has-text-color has-link-color wp-elements-0067c474f2f1ae71a78c1367466c4323\" style=\"color:#070731\">Bei LinkBuildingGermany.de setzen wir einen ergebnisorientierten Ansatz und modernste Techniken ein, um Ihr Suchmaschinenranking zu verbessern und Ihre SEO-Leistung zu steigern. Wir werden von f\u00fchrenden SEO-Profis auf der ganzen Welt gesch\u00e4tzt und liefern hochwertige Backlinks, die das Angebot anderer Linkbuilding-Anbieter \u00fcbertreffen.<\/p>\n\n\n\n<p class=\"has-text-color has-link-color wp-elements-bd8dc89851c54419f3502664cdf8f1ea\" style=\"color:#070731\">Was macht uns anders? Wir passen unsere Dienstleistungen an die individuellen Bed\u00fcrfnisse jedes einzelnen Projekts an. Wir legen gro\u00dfen Wert auf Qualit\u00e4t und Kreativit\u00e4t und sorgen daf\u00fcr, dass Sie einen Wettbewerbsvorteil auf Ihrem Markt erlangen und behalten.<\/p>\n\n\n\n<div style=\"height:20px\" aria-hidden=\"true\" class=\"wp-block-spacer\"><\/div>\n\n\n\n<div class=\"wp-block-buttons is-layout-flex wp-block-buttons-is-layout-flex\">\n<div class=\"wp-block-button is-style-secondary\"><a class=\"wp-block-button__link has-text-color has-background has-link-color wp-element-button\" href=\"https:\/\/linkbuildinggermany.de\/de\/bcd31-kontakt\/\" style=\"color:#070731;background-color:#fdb72b\">Kontaktieren Sie uns jetzt<\/a><\/div>\n<\/div>\n<\/div>\n<\/div><\/div>\n\n\n\n<section id=\"wp-block-themeisle-blocks-advanced-columns-dab9e0bf\" class=\"wp-block-themeisle-blocks-advanced-columns alignfull has-1-columns has-desktop-equal-layout has-tablet-equal-layout has-mobile-equal-layout has-vertical-flex-start\"><div class=\"wp-block-themeisle-blocks-advanced-columns-overlay\"><\/div><div class=\"innerblocks-wrap\">\n<div id=\"wp-block-themeisle-blocks-advanced-column-9df22226\" class=\"wp-block-themeisle-blocks-advanced-column\">\n<section id=\"wp-block-themeisle-blocks-advanced-columns-25c95699\" class=\"wp-block-themeisle-blocks-advanced-columns has-1-columns has-desktop-equal-layout has-tablet-equal-layout has-mobile-equal-layout has-vertical-flex-start\"><div class=\"wp-block-themeisle-blocks-advanced-columns-overlay\"><\/div><div class=\"innerblocks-wrap\">\n<div id=\"wp-block-themeisle-blocks-advanced-column-d4d9a4f8\" class=\"wp-block-themeisle-blocks-advanced-column\">\n<h2 class=\"wp-block-heading has-text-align-left has-text-color\" style=\"color:#ffffff;font-size:50px\">Ihr Erfolg mit innovativem Link Building und SEO<\/h2>\n\n\n\n<p class=\"has-text-color\" style=\"color:#ffffff\">Wir von LinkBuildingGermany.de erweitern st\u00e4ndig unsere Datenbank mit hochwertigen Websites, um die Linkbuilding-Bem\u00fchungen unserer Kunden zu st\u00e4rken.<\/p>\n\n\n\n<div style=\"height:20px\" aria-hidden=\"true\" class=\"wp-block-spacer\"><\/div>\n<\/div>\n<\/div><\/section>\n\n\n\n<section id=\"wp-block-themeisle-blocks-advanced-columns-b56443a0\" class=\"wp-block-themeisle-blocks-advanced-columns has-3-columns has-desktop-equal-layout has-tablet-equal-layout has-mobile-collapsedRows-layout has-vertical-unset has-wide-gap has-vertical-undefined\"><div class=\"wp-block-themeisle-blocks-advanced-columns-overlay\"><\/div><div class=\"innerblocks-wrap\">\n<div id=\"wp-block-themeisle-blocks-advanced-column-1bb9ffb4\" class=\"wp-block-themeisle-blocks-advanced-column has-light-bg\">\n<p class=\"has-text-color has-link-color wp-elements-580f0b5cde7c66b864e21ec63be8f795\" style=\"color:#070731\">Unsere Kompetenz liegt darin, den Umsatz Ihres Unternehmens durch strategische Suchmaschinenoptimierung und PR zu steigern. Beginnen Sie Ihre Linkbuilding-Reise mit einer zuverl\u00e4ssigen, ergebnisorientierten Agentur, die kreative SEO-Strategien mit makelloser Ausf\u00fchrung und kontinuierlichem Support kombiniert.<\/p>\n<\/div>\n\n\n\n<div id=\"wp-block-themeisle-blocks-advanced-column-e0a218d6\" class=\"wp-block-themeisle-blocks-advanced-column has-light-bg\">\n<p class=\"has-text-color has-link-color wp-elements-11deda9360f8387948563cf210e0e71a\" style=\"color:#070731\">Unsere Kunden auf der ganzen Welt vertrauen auf unseren innovativen Ansatz f\u00fcr den Linkaufbau. Als Ihr engagierter Partner entwickeln wir eine ma\u00dfgeschneiderte Strategie, die sich mit der digitalen Landschaft weiterentwickelt und langfristiges Wachstum und Erfolg f\u00fcr Ihr Unternehmen gew\u00e4hrleistet.<\/p>\n<\/div>\n\n\n\n<div id=\"wp-block-themeisle-blocks-advanced-column-9285301c\" class=\"wp-block-themeisle-blocks-advanced-column has-light-bg\">\n<p class=\"has-text-color has-link-color wp-elements-db5e4634324124d7cb16887604ed37dc\" style=\"color:#070731\">Erhalten Sie noch heute eine kostenlose Beratung! Erhalten Sie fachkundige Beratung zum Kauf von Links und anderen Dienstleistungen. Profitieren Sie vom 24\/7-Support per Chat - fragen Sie uns, und wir helfen Ihnen gerne weiter!<\/p>\n<\/div>\n<\/div><\/section>\n\n\n\n<section id=\"wp-block-themeisle-blocks-advanced-columns-2155ed89\" class=\"wp-block-themeisle-blocks-advanced-columns has-0-columns has-desktop-equal-layout has-tablet-equal-layout has-mobile-equal-layout has-vertical-flex-start\"><div class=\"wp-block-themeisle-blocks-advanced-columns-overlay\"><\/div><div class=\"innerblocks-wrap\"><\/div><\/section>\n<\/div>\n<\/div><\/section>\n\n\n\n<hr class=\"wp-block-separator has-alpha-channel-opacity\"\/>\n\n\n\n<h2 id=\"wp-block-themeisle-blocks-advanced-heading-f3d886ce\" class=\"wp-block-themeisle-blocks-advanced-heading wp-block-themeisle-blocks-advanced-heading-f3d886ce\"><strong>Wer kann von unseren Link Building Services profitieren?<\/strong><\/h2>\n\n\n\n<p>Backlinks sind einer der wichtigsten Faktoren f\u00fcr die Verbesserung der SEO-Leistung Ihrer Website. Sie dienen als Vertrauensbeweis von anderen Websites und signalisieren den Suchmaschinen, dass Ihre Inhalte wertvoll und vertrauensw\u00fcrdig sind. Hochwertige Backlinks k\u00f6nnen die Sichtbarkeit, die Autorit\u00e4t und das Ranking Ihrer Website erheblich steigern und sind daher ein unverzichtbarer Bestandteil jeder erfolgreichen SEO-Strategie.<\/p>\n\n\n\n<div id=\"wp-block-themeisle-blocks-advanced-columns-7db7d9ae\" class=\"wp-block-themeisle-blocks-advanced-columns alignfull has-1-columns has-desktop-equal-layout has-tablet-equal-layout has-mobile-equal-layout has-vertical-unset has-light-bg\"><div class=\"wp-block-themeisle-blocks-advanced-columns-overlay\"><\/div><div class=\"innerblocks-wrap\">\n<div id=\"wp-block-themeisle-blocks-advanced-column-05840067\" class=\"wp-block-themeisle-blocks-advanced-column\">\n<div id=\"wp-block-themeisle-blocks-tabs-b47ccf3b\" class=\"wp-block-themeisle-blocks-tabs\"><div class=\"wp-block-themeisle-blocks-tabs__content\">\n<div data-title=\"Authority &amp; Trust\" class=\"wp-block-themeisle-blocks-tabs-item\"><div class=\"wp-block-themeisle-blocks-tabs-item__header\" tabindex=\"0\">Autorit\u00e4t und Vertrauen<\/div><div class=\"wp-block-themeisle-blocks-tabs-item__content\">\n<p>Organische Backlinks geh\u00f6ren zu den wertvollsten Links, die Sie erwerben k\u00f6nnen. Diese Links entstehen auf nat\u00fcrliche Weise, wenn andere Websites Ihre Inhalte als wertvoll und relevant f\u00fcr ihr Publikum erachten und ohne Ihr Zutun auf sie verlinken. Suchmaschinen haben gro\u00dfes Vertrauen in organische Backlinks, die die Autorit\u00e4t Ihrer Website erheblich steigern und ihre Position in den Suchmaschinenergebnissen verbessern.<\/p>\n<\/div><\/div>\n\n\n\n<div data-title=\"Relevance\" class=\"wp-block-themeisle-blocks-tabs-item\"><div class=\"wp-block-themeisle-blocks-tabs-item__header\" tabindex=\"0\">Relevanz<\/div><div class=\"wp-block-themeisle-blocks-tabs-item__content\">\n<p>Um Ihre Online-Pr\u00e4senz zu st\u00e4rken, m\u00fcssen Sie sich darauf konzentrieren, Backlinks von Websites zu erhalten, die zu Ihrer Nische passen. Suchmaschinen nutzen diese relevanten Links, um den Inhalt Ihrer Website besser zu verstehen. Wenn Sie z. B. f\u00fcr Suchbegriffe wie \"Sprachkurse\" ranken m\u00f6chten, werden Backlinks von Websites mit Sprachkursen Ihre SEO-Bem\u00fchungen erheblich verbessern.<\/p>\n<\/div><\/div>\n\n\n\n<div data-title=\"Diversity\" class=\"wp-block-themeisle-blocks-tabs-item\"><div class=\"wp-block-themeisle-blocks-tabs-item__header\" tabindex=\"0\">Diversit\u00e4t<\/div><div class=\"wp-block-themeisle-blocks-tabs-item__content\">\n<p>Ein gesundes Backlink-Profil ist entscheidend f\u00fcr eine erfolgreiche SEO-Strategie. Um die Leistung Ihrer Website in den organischen Suchergebnissen zu verbessern, ist es wichtig, eine Vielzahl von Backlinks zu haben. Je vielf\u00e4ltiger Ihre Backlinks sind, desto vertrauensw\u00fcrdiger und ma\u00dfgeblicher wird Ihre Website von den Suchmaschinen eingestuft.<\/p>\n<\/div><\/div>\n\n\n\n<div data-title=\"Competitive Advantage\" class=\"wp-block-themeisle-blocks-tabs-item\"><div class=\"wp-block-themeisle-blocks-tabs-item__header\" tabindex=\"0\">Wettbewerbsvorteil<\/div><div class=\"wp-block-themeisle-blocks-tabs-item__content\">\n<p>Wenn Ihre Website mehr Backlinks als Ihre Konkurrenten erh\u00e4lt, signalisiert dies den Suchmaschinen, dass Ihr Publikum Ihre Inhalte sch\u00e4tzt. Das verschafft Ihnen einen Wettbewerbsvorteil, hebt Ihre Marke hervor und macht es f\u00fcr potenzielle Kunden einfacher, Sie zu finden und mit Ihnen in Kontakt zu treten. Backlinks f\u00fchren auch zu mehr Besucherzahlen auf Ihrer Website, was Ihre Reichweite vergr\u00f6\u00dfert und potenziell die Konversionsrate erh\u00f6ht.<\/p>\n<\/div><\/div>\n\n\n\n<div data-title=\"Referral Traffic\" class=\"wp-block-themeisle-blocks-tabs-item\"><div class=\"wp-block-themeisle-blocks-tabs-item__header\" tabindex=\"0\">Empfehlungsverkehr<\/div><div class=\"wp-block-themeisle-blocks-tabs-item__content\">\n<p>Ein starkes Backlink-Profil verbessert nicht nur Ihre Rankings, sondern bringt auch wertvollen Referral-Traffic auf Ihre Website. Backlinks er\u00f6ffnen M\u00f6glichkeiten, neue Zielgruppen zu erreichen, helfen Ihnen, die Sichtbarkeit f\u00fcr Ihre Ziel-Keywords aufrechtzuerhalten, und erm\u00f6glichen es, dass Ihre Inhalte von Nischen-Communities durch Gastbeitr\u00e4ge entdeckt werden.<\/p>\n<\/div><\/div>\n\n\n\n<div data-title=\"Link Equity\" class=\"wp-block-themeisle-blocks-tabs-item\"><div class=\"wp-block-themeisle-blocks-tabs-item__header\" tabindex=\"0\">Link Eigenkapital<\/div><div class=\"wp-block-themeisle-blocks-tabs-item__content\">\n<p>Der Linkwert Ihrer Website ist ein wichtiger Aspekt der Suchmaschinenoptimierung. Je mehr hochwertige eingehende Links Sie von vertrauensw\u00fcrdigen Websites haben, desto h\u00f6her ist die Autorit\u00e4t Ihrer Website. Diese vertrauensw\u00fcrdigen Websites geben einen Teil ihrer Autorit\u00e4t an Ihre Website weiter, was oft als \"Link Juice\" oder \"Link Equity\" bezeichnet wird. Suchmaschinen verwenden diesen Wert, um den Wert Ihrer Website zu bestimmen und sie entsprechend h\u00f6her einzustufen.<\/p>\n<\/div><\/div>\n<\/div><\/div>\n<\/div>\n<\/div><\/div>\n\n\n\n<h2 class=\"wp-block-heading has-text-align-center\">Wer kann von unseren Link Building Services in Deutschland profitieren?<\/h2>\n\n\n\n<div id=\"wp-block-themeisle-blocks-advanced-columns-caaa2c1e\" class=\"wp-block-themeisle-blocks-advanced-columns alignfull has-1-columns has-desktop-equal-layout has-tablet-collapsedRows-layout has-mobile-collapsedRows-layout has-vertical-center\"><div class=\"wp-block-themeisle-blocks-advanced-columns-overlay\"><\/div><div class=\"innerblocks-wrap\">\n<div id=\"wp-block-themeisle-blocks-advanced-column-265aa0ff\" class=\"wp-block-themeisle-blocks-advanced-column\">\n<div class=\"wp-block-columns is-layout-flex wp-container-core-columns-is-layout-9d6595d7 wp-block-columns-is-layout-flex\">\n<div class=\"wp-block-column is-layout-flow wp-block-column-is-layout-flow\">\n<section class=\"who-can-benefit\">\n  <!-- For Businesses -->\n  <div class=\"benefit-for-businesses\">\n    <h3>F\u00fcr Unternehmen<\/h3>\n    <p>Ganz gleich, ob Sie ein lokales Startup oder ein internationales Unternehmen sind, Link Building kann Ihrem Unternehmen einen Wettbewerbsvorteil verschaffen, indem es Ihre Online-Sichtbarkeit verbessert, mehr Besucher anlockt und den Gesamtumsatz steigert. Der Aufbau eines eigenen Teams scheint zwar eine praktikable Option zu sein, ist aber oft mit hohen Kosten und einer langen Lernkurve verbunden. Durch die Zusammenarbeit mit einem erfahrenen Linkbuilding-Berater k\u00f6nnen Sie schnell wirksame Kampagnen starten und dabei dessen Fachwissen und etabliertes Netzwerk nutzen.<\/p>\n    <p>Der Aufbau einer starken Online-Pr\u00e4senz muss nicht bedeuten, dass man intern ein Team aufbauen muss. LinkBuildingGermany.de hilft Ihnen mit Nischenredaktionen und bew\u00e4hrten Linkbuilding-Methoden, Ihr Suchranking zu verbessern, Ihre Autorit\u00e4t zu st\u00e4rken und mehr Kunden anzuziehen. Unsere umfangreiche Datenbank stellt sicher, dass Sie ma\u00dfgebliche und relevante Websites in Ihrer spezifischen Branche finden, die auf Ihre individuellen Bed\u00fcrfnisse zugeschnitten sind.<\/p>\n    <p>Mit jahrelanger Erfahrung in verschiedenen Branchen, einer ausgew\u00e4hlten Liste hochwertiger Websites und detaillierten Analysen maximieren wir Ihren Return on Investment. Au\u00dferdem stellen wir detaillierte Berichte zur Verf\u00fcgung, die Ihnen helfen, die Wirksamkeit Ihrer Kampagnen zu \u00fcberwachen und sich schnell an Ver\u00e4nderungen auf dem Markt anzupassen.<\/p>\n  <\/div>\n<\/div>\n\n\n\n<div class=\"wp-block-column is-layout-flow wp-block-column-is-layout-flow\">\n<!-- For Digital Marketing Agencies and SEO Resellers -->\n  <div class=\"benefit-for-agencies\">\n    <h3>F\u00fcr digitale Marketing-Agenturen und SEO-Wiederverk\u00e4ufer<\/h3>\n    <p>Wenn Sie ein:<\/p>\n    <ul>\n      <li>Agentur f\u00fcr digitales Marketing<\/li>\n      <li>SEO-Profi, der mehrere Kunden betreut<\/li>\n      <li>Interner SEO-Spezialist, der f\u00fcr eine einzige Marke arbeitet<\/li>\n    <\/ul>\n    <p>Sie wissen, wie wichtig eine zuverl\u00e4ssige, regelm\u00e4\u00dfig aktualisierte Datenbank mit Domains f\u00fcr den Linkaufbau ist.<\/p>\n    <p>Unter <strong>LinkBuildingGermany.de<\/strong>, wir rationalisieren den Prozess. Unabh\u00e4ngig davon, ob Sie sich daf\u00fcr entscheiden, Ihre Linkaufbau-Bem\u00fchungen an uns auszulagern oder sie weiterhin intern zu verwalten, wird unsere st\u00e4ndig aktualisierte Datenbank Ihre Bem\u00fchungen unterst\u00fctzen und den Linkaufbau einfacher und effizienter machen.<\/p>\n    <p>Mit <strong>LinkBuildingGermany.de<\/strong>haben Sie alles, was Sie brauchen, um Ihre Linkbuilding-Strategie zu verbessern und SEO-Erfolge zu erzielen!<\/p>\n  <\/div>\n<\/section>\n<\/div>\n<\/div>\n<\/div>\n<\/div><\/div>\n\n\n\n<section id=\"wp-block-themeisle-blocks-advanced-columns-03d78f51\" class=\"wp-block-themeisle-blocks-advanced-columns alignfull has-1-columns has-desktop-equal-layout has-tablet-equal-layout has-mobile-equal-layout has-vertical-flex-start\"><div class=\"wp-block-themeisle-blocks-advanced-columns-overlay\"><\/div><div class=\"innerblocks-wrap\">\n<div id=\"wp-block-themeisle-blocks-advanced-column-f5ef6035\" class=\"wp-block-themeisle-blocks-advanced-column\">\n<section id=\"wp-block-themeisle-blocks-advanced-columns-d40d972d\" class=\"wp-block-themeisle-blocks-advanced-columns has-1-columns has-desktop-equal-layout has-tablet-equal-layout has-mobile-equal-layout has-vertical-flex-start\"><div class=\"wp-block-themeisle-blocks-advanced-columns-overlay\"><\/div><div class=\"innerblocks-wrap\">\n<div id=\"wp-block-themeisle-blocks-advanced-column-b3e970ed\" class=\"wp-block-themeisle-blocks-advanced-column\">\n<h2 class=\"wp-block-heading has-text-align-left has-text-color\" style=\"color:#ffffff\">Alles, was Sie \u00fcber Link Building wissen sollten<\/h2>\n\n\n\n<p class=\"has-text-color\" style=\"color:#ffffff\">Linkaufbau ist ein wichtiger Bestandteil jeder erfolgreichen SEO-Strategie. Dazu geh\u00f6rt der Erwerb hochwertiger Backlinks von ma\u00dfgeblichen Websites, die die Glaubw\u00fcrdigkeit Ihrer Website, das Suchranking und die allgemeine Online-Pr\u00e4senz verbessern. Auf <strong>LinkBuildingGermany.de<\/strong>Wir sind darauf spezialisiert, ma\u00dfgeschneiderte Linkbuilding-Strategien zu entwickeln, die auf Ihre Gesch\u00e4ftsziele und Ihren Zielmarkt abgestimmt sind. Zu verstehen, wie Linkbuilding funktioniert und wie es sich auf SEO auswirkt, ist wichtig, um nachhaltiges Wachstum zu erzielen und in der digitalen Landschaft wettbewerbsf\u00e4hig zu bleiben.<\/p>\n\n\n\n<div style=\"height:20px\" aria-hidden=\"true\" class=\"wp-block-spacer\"><\/div>\n<\/div>\n<\/div><\/section>\n\n\n\n<section id=\"wp-block-themeisle-blocks-advanced-columns-5822b2d4\" class=\"wp-block-themeisle-blocks-advanced-columns has-2-columns has-desktop-equal-layout has-tablet-equal-layout has-mobile-collapsedRows-layout has-vertical-flex-start\"><div class=\"wp-block-themeisle-blocks-advanced-columns-overlay\"><\/div><div class=\"innerblocks-wrap\">\n<div id=\"wp-block-themeisle-blocks-advanced-column-0cf7416b\" class=\"wp-block-themeisle-blocks-advanced-column\">\n<h5 id=\"wp-block-themeisle-blocks-advanced-heading-3e37d83f\" class=\"wp-block-themeisle-blocks-advanced-heading wp-block-themeisle-blocks-advanced-heading-3e37d83f\">Was ist Link Building?<\/h5>\n\n\n\n<p><\/p>\n\n\n\n<p class=\"has-text-color\" style=\"color:#ffffff\">Linkaufbau ist eine wichtige digitale Marketingstrategie, die darauf abzielt, die Sichtbarkeit Ihrer Website zu erh\u00f6hen. Dazu geh\u00f6rt der Erwerb von Backlinks - Hyperlinks, die Nutzer von einer Seite zu einer anderen leiten. Diese Backlinks helfen Suchmaschinen wie Google, die Relevanz und Autorit\u00e4t Ihrer Inhalte zu bewerten. Indem Sie hochwertige Backlinks erhalten, verbessern Sie die Glaubw\u00fcrdigkeit Ihrer Website und erh\u00f6hen ihre Sichtbarkeit in den Suchmaschinenergebnissen. Eine starke Linkbuilding-Strategie spielt eine entscheidende Rolle, wenn es darum geht, den organischen Traffic zu steigern, Ihre Online-Pr\u00e4senz zu verbessern und Ihre Marke als Branchenf\u00fchrer zu positionieren.<\/p>\n\n\n\n<div style=\"height:16px\" aria-hidden=\"true\" class=\"wp-block-spacer\"><\/div>\n<\/div>\n\n\n\n<div id=\"wp-block-themeisle-blocks-advanced-column-5e5524c8\" class=\"wp-block-themeisle-blocks-advanced-column\">\n<h6 id=\"wp-block-themeisle-blocks-advanced-heading-543cec2b\" class=\"wp-block-themeisle-blocks-advanced-heading wp-block-themeisle-blocks-advanced-heading-543cec2b\">Warum sind Link Building Services unerl\u00e4sslich?<\/h6>\n\n\n\n<p><\/p>\n\n\n\n<p class=\"has-white-color has-text-color\">Linkaufbau ist f\u00fcr den Erfolg jeder SEO-Kampagne von grundlegender Bedeutung. Er erm\u00f6glicht es Ihrer Website, Backlinks von vertrauensw\u00fcrdigen, ma\u00dfgeblichen Websites zu erhalten, die von Suchmaschinen verwendet werden, um die Relevanz und Glaubw\u00fcrdigkeit Ihrer Website zu bewerten. Die St\u00e4rkung Ihres Backlink-Profils durch Linkbuilding-Services verbessert nat\u00fcrlich das Suchmaschinen-Ranking Ihrer Website und macht sie f\u00fcr potenzielle Kunden besser auffindbar. Unter <strong>LinkBuildingGermany.de<\/strong>Wir bieten Ihnen individuelle L\u00f6sungen, die auf Ihre spezifischen SEO-Ziele zugeschnitten sind, um mehr Besucher auf Ihre Website zu bringen und Ihre Online-Autorit\u00e4t zu st\u00e4rken. Unser umfassender, ergebnisorientierter Ansatz sichert den langfristigen Erfolg Ihres Unternehmens.<\/p>\n\n\n\n<div style=\"height:16px\" aria-hidden=\"true\" class=\"wp-block-spacer\"><\/div>\n<\/div>\n<\/div><\/section>\n<\/div>\n<\/div><\/section>\n\n\n\n<div id=\"wp-block-themeisle-blocks-advanced-columns-ac73c19c\" class=\"wp-block-themeisle-blocks-advanced-columns alignfull has-1-columns has-desktop-equal-layout has-tablet-equal-layout has-mobile-equal-layout has-vertical-unset\"><div class=\"wp-block-themeisle-blocks-advanced-columns-overlay\"><\/div><div class=\"innerblocks-wrap\">\n<div id=\"wp-block-themeisle-blocks-advanced-column-4ca65bcb\" class=\"wp-block-themeisle-blocks-advanced-column\">\n<h2 class=\"wp-block-heading has-text-align-center has-text-color has-link-color wp-elements-ee0c3c803b87e6353765043934ee2e00\" style=\"color:#070731\"><strong>Erstklassige SEO-Dienstleistungsagentur mit Sitz in der EU<\/strong><\/h2>\n\n\n\n<p class=\"has-text-color has-link-color wp-elements-ac18224fde126f566ae51a97e2746ff0\" style=\"color:#070731\">Als vertrauensw\u00fcrdige Agentur sind wir darauf spezialisiert, erstklassige Linkbuilding-Strategien zu entwickeln, die Ihre Online-Pr\u00e4senz verbessern. Mit \u00fcber 350 Unternehmen und Agenturen, die mit uns zusammenarbeiten, um ihr Suchmaschinenranking zu verbessern, liefern wir durchweg au\u00dfergew\u00f6hnliche SEO-Ergebnisse.<\/p>\n<\/div>\n<\/div><\/div>\n\n\n\n<div class=\"wp-block-buttons is-content-justification-center is-layout-flex wp-container-core-buttons-is-layout-16018d1d wp-block-buttons-is-layout-flex\">\n<div class=\"wp-block-button\"><a class=\"wp-block-button__link has-neve-link-color-background-color has-background has-text-align-center wp-element-button\" href=\"https:\/\/linkbuildinggermany.de\/de\/bcd31-kontakt\/\">Nehmen Sie noch heute Kontakt mit uns auf<\/a><\/div>\n<\/div>\n\n\n\n<p><\/p>","protected":false},"excerpt":{"rendered":"<p>Backlinks are one of the most important factors for improving your website&#8217;s SEO performance. They act as a vote of confidence from other sites, signaling to search engines that your content is valuable and trustworthy. High-quality backlinks can significantly boost your website\u2019s visibility, authority, and rankings, making them an indispensable part of any successful SEO&hellip;&nbsp;<a href=\"https:\/\/linkbuildinggermany.de\/de\/seo\/\" rel=\"bookmark\">Weiterlesen \"<span class=\"screen-reader-text\">SEO<\/span><\/a><\/p>","protected":false},"author":1,"featured_media":0,"parent":0,"menu_order":0,"comment_status":"closed","ping_status":"closed","template":"","meta":{"neve_meta_sidebar":"","neve_meta_container":"","neve_meta_enable_content_width":"","neve_meta_content_width":0,"neve_meta_title_alignment":"","neve_meta_author_avatar":"","neve_post_elements_order":"","neve_meta_disable_header":"","neve_meta_disable_footer":"","neve_meta_disable_title":"on","_themeisle_gutenberg_block_has_review":false,"footnotes":""},"class_list":["post-1154","page","type-page","status-publish","hentry"],"_links":{"self":[{"href":"https:\/\/linkbuildinggermany.de\/de\/wp-json\/wp\/v2\/pages\/1154","targetHints":{"allow":["GET"]}}],"collection":[{"href":"https:\/\/linkbuildinggermany.de\/de\/wp-json\/wp\/v2\/pages"}],"about":[{"href":"https:\/\/linkbuildinggermany.de\/de\/wp-json\/wp\/v2\/types\/page"}],"author":[{"embeddable":true,"href":"https:\/\/linkbuildinggermany.de\/de\/wp-json\/wp\/v2\/users\/1"}],"replies":[{"embeddable":true,"href":"https:\/\/linkbuildinggermany.de\/de\/wp-json\/wp\/v2\/comments?post=1154"}],"version-history":[{"count":28,"href":"https:\/\/linkbuildinggermany.de\/de\/wp-json\/wp\/v2\/pages\/1154\/revisions"}],"predecessor-version":[{"id":1711,"href":"https:\/\/linkbuildinggermany.de\/de\/wp-json\/wp\/v2\/pages\/1154\/revisions\/1711"}],"wp:attachment":[{"href":"https:\/\/linkbuildinggermany.de\/de\/wp-json\/wp\/v2\/media?parent=1154"}],"curies":[{"name":"wp","href":"https:\/\/api.w.org\/{rel}","templated":true}]}}