{"id":1156,"date":"2025-05-20T12:31:52","date_gmt":"2025-05-20T12:31:52","guid":{"rendered":"https:\/\/linkbuildinggermany.de\/?page_id=1156"},"modified":"2025-06-13T09:41:44","modified_gmt":"2025-06-13T09:41:44","slug":"digital-pr","status":"publish","type":"page","link":"https:\/\/linkbuildinggermany.de\/de\/digital-pr\/","title":{"rendered":"Digitale PR"},"content":{"rendered":"<section id=\"wp-block-themeisle-blocks-advanced-columns-6a24f348\" class=\"wp-block-themeisle-blocks-advanced-columns alignfull has-1-columns has-desktop-equal-layout has-tablet-equal-layout has-mobile-equal-layout has-vertical-center has-dark-bg\"><div class=\"wp-block-themeisle-blocks-advanced-columns-overlay\"><\/div><div class=\"innerblocks-wrap\">\n<div id=\"wp-block-themeisle-blocks-advanced-column-4a61d9aa\" class=\"wp-block-themeisle-blocks-advanced-column\">\n<h2 class=\"wp-block-heading alignfull has-text-align-center has-base-2-color has-text-color has-huge-font-size\" style=\"font-style:normal;font-weight:700\">Premium Link Building und digitale PR Dienstleistungen in Deutschland<\/h2>\n\n\n\n<p class=\"has-text-align-center has-nv-text-dark-bg-color has-text-color\">Als f\u00fchrende Agentur in der EU konzentrieren wir uns darauf, erstklassige Linkbuilding-L\u00f6sungen zu liefern, die speziell auf Unternehmen in Deutschland zugeschnitten sind. \u00dcber 350 Unternehmen verlassen sich auf uns, um ihre SEO zu verbessern, ihre Suchmaschinen-Rankings zu steigern und nachhaltiges Online-Wachstum zu f\u00f6rdern.<\/p>\n\n\n\n<div class=\"wp-block-buttons is-horizontal is-content-justification-center is-layout-flex wp-container-core-buttons-is-layout-499968f5 wp-block-buttons-is-layout-flex\">\n<div class=\"wp-block-button is-style-primary\"><a class=\"wp-block-button__link has-text-color has-background has-link-color wp-element-button\" href=\"https:\/\/linkbuildinggermany.de\/de\/bcd31-kontakt\/\" style=\"border-radius:100px;color:#ffffff;background-color:#49a392\">Kontaktieren Sie uns noch heute, um Ihre Rankings zu verbessern<\/a><\/div>\n<\/div>\n<\/div>\n<\/div><\/section>\n\n\n\n<section id=\"services\" class=\"wp-block-themeisle-blocks-advanced-columns alignfull has-1-columns has-desktop-equal-layout has-tablet-equal-layout has-mobile-equal-layout has-vertical-flex-start has-light-bg\"><div class=\"wp-block-themeisle-blocks-advanced-columns-overlay\"><\/div><div class=\"innerblocks-wrap\">\n<div id=\"wp-block-themeisle-blocks-advanced-column-9642dc3f\" class=\"wp-block-themeisle-blocks-advanced-column\">\n<section id=\"wp-block-themeisle-blocks-advanced-columns-62d68e08\" class=\"wp-block-themeisle-blocks-advanced-columns has-1-columns has-desktop-equal-layout has-tablet-equal-layout has-mobile-equal-layout has-vertical-flex-start\"><div class=\"wp-block-themeisle-blocks-advanced-columns-overlay\"><\/div><div class=\"innerblocks-wrap\">\n<div id=\"wp-block-themeisle-blocks-advanced-column-ba020b38\" class=\"wp-block-themeisle-blocks-advanced-column\">\n<h2 class=\"wp-block-heading has-text-align-center has-text-color has-link-color wp-elements-c946a03d40a8f1ac484a1edd5d6bc92d\" style=\"color:#070731;font-size:50px;line-height:1\">Alles, was Sie \u00fcber Link Building in Deutschland wissen m\u00fcssen<\/h2>\n<\/div>\n<\/div><\/section>\n\n\n\n<section id=\"wp-block-themeisle-blocks-advanced-columns-c568fbc0\" class=\"wp-block-themeisle-blocks-advanced-columns has-2-columns has-desktop-equal-layout has-tablet-equal-layout has-mobile-collapsedRows-layout has-vertical-flex-start has-light-bg\"><div class=\"wp-block-themeisle-blocks-advanced-columns-overlay\"><\/div><div class=\"innerblocks-wrap\">\n<div id=\"wp-block-themeisle-blocks-advanced-column-a0efaca1\" class=\"wp-block-themeisle-blocks-advanced-column has-light-bg\">\n<div id=\"wp-block-themeisle-blocks-advanced-columns-9ba29e73\" class=\"wp-block-themeisle-blocks-advanced-columns has-1-columns has-desktop-equal-layout has-tablet-equal-layout has-mobile-equal-layout has-vertical-unset has-default-gap\"><div class=\"wp-block-themeisle-blocks-advanced-columns-overlay\"><\/div><div class=\"innerblocks-wrap\">\n<div id=\"wp-block-themeisle-blocks-advanced-column-ff89ae48\" class=\"wp-block-themeisle-blocks-advanced-column\">\n<p class=\"has-text-color has-link-color wp-elements-3f7dca4301afee4d1de39f2b87847c8b\" style=\"color:#070731\">Linkaufbau ist ein grundlegender Aspekt der Suchmaschinenoptimierung, der Webseiten durch Hyperlinks oder Backlinks miteinander verbindet. Diese Links f\u00fchren die Nutzer zu wertvolleren und verwandten Inhalten und verbessern so das gesamte Surferlebnis. Suchmaschinen wie Google verwenden Backlinks als entscheidenden Faktor bei der Bewertung der Relevanz und Autorit\u00e4t des Inhalts einer Website, was sich direkt auf die Platzierung in den Suchergebnissen auswirkt. Durch den strategischen Aufbau von Backlinks k\u00f6nnen Unternehmen ihre Online-Sichtbarkeit verbessern, mehr organischen Traffic anziehen und ihre Position in wettbewerbsorientierten M\u00e4rkten st\u00e4rken.<\/p>\n\n\n\n<div style=\"height:20px\" aria-hidden=\"true\" class=\"wp-block-spacer\"><\/div>\n<\/div>\n<\/div><\/div>\n<\/div>\n\n\n\n<div id=\"wp-block-themeisle-blocks-advanced-column-40db6121\" class=\"wp-block-themeisle-blocks-advanced-column has-light-bg\">\n<div id=\"wp-block-themeisle-blocks-advanced-columns-23f47e1b\" class=\"wp-block-themeisle-blocks-advanced-columns has-1-columns has-desktop-equal-layout has-tablet-equal-layout has-mobile-equal-layout has-vertical-unset has-default-gap\"><div class=\"wp-block-themeisle-blocks-advanced-columns-overlay\"><\/div><div class=\"innerblocks-wrap\">\n<div id=\"wp-block-themeisle-blocks-advanced-column-c84a296a\" class=\"wp-block-themeisle-blocks-advanced-column\">\n<p class=\"has-text-color has-link-color wp-elements-c0881f5a157f2945e9ce9fef65a42238\" style=\"color:#070731\">Link-Building-Dienste sind f\u00fcr jede wirksame SEO-Strategie unerl\u00e4sslich. Diese Dienste zielen darauf ab, qualitativ hochwertige Links von vertrauensw\u00fcrdigen, ma\u00dfgeblichen Websites zu sichern, die nicht nur die Glaubw\u00fcrdigkeit Ihrer Website erh\u00f6hen, sondern auch ihr Ranking in den Suchergebnissen verbessern. Unter <strong>linkbuildinggermany.de<\/strong>bieten wir ein umfassendes Angebot an Linkbuilding-Services, die auf die spezifischen Bed\u00fcrfnisse Ihres Unternehmens zugeschnitten sind. Unsere Strategien sind optimiert, um sicherzustellen, dass Ihre Marke die besten Ergebnisse erzielt, und helfen Ihnen, langfristigen SEO-Erfolg zu erzielen.<\/p>\n\n\n\n<div style=\"height:20px\" aria-hidden=\"true\" class=\"wp-block-spacer\"><\/div>\n<\/div>\n<\/div><\/div>\n<\/div>\n<\/div><\/section>\n\n\n\n<div style=\"height:20px\" aria-hidden=\"true\" class=\"wp-block-spacer\"><\/div>\n\n\n\n<section id=\"wp-block-themeisle-blocks-advanced-columns-875ace6e\" class=\"wp-block-themeisle-blocks-advanced-columns has-2-columns has-desktop-equal-layout has-tablet-equal-layout has-mobile-collapsedRows-layout has-vertical-flex-start has-light-bg\"><div class=\"wp-block-themeisle-blocks-advanced-columns-overlay\"><\/div><div class=\"innerblocks-wrap\">\n<div id=\"wp-block-themeisle-blocks-advanced-column-23aa970e\" class=\"wp-block-themeisle-blocks-advanced-column has-light-bg\">\n<div id=\"wp-block-themeisle-blocks-advanced-columns-b6f16303\" class=\"wp-block-themeisle-blocks-advanced-columns has-1-columns has-desktop-equal-layout has-tablet-equal-layout has-mobile-equal-layout has-vertical-unset has-default-gap\"><div class=\"wp-block-themeisle-blocks-advanced-columns-overlay\"><\/div><div class=\"innerblocks-wrap\">\n<div id=\"wp-block-themeisle-blocks-advanced-column-d16cfe5d\" class=\"wp-block-themeisle-blocks-advanced-column\">\n<p class=\"has-text-color has-link-color wp-elements-cdd1b3c646776bf6a89ced929314c1d2\" style=\"color:#070731\">A <strong>Link-Builder<\/strong> ist ein Experte f\u00fcr digitales Marketing, der sich auf die Beschaffung wertvoller Backlinks f\u00fcr Websites spezialisiert hat. Diese Spezialisten setzen verschiedene Strategien ein, wie z. B. die Erstellung von Inhalten, Outreach-Kampagnen und den Aufbau von Beziehungen zu relevanten Branchenakteuren, um hochwertige Links zu sichern. Unter <strong>linkbuildinggermany.de<\/strong>Wir gehen \u00fcber die traditionelle Suchmaschinenoptimierung hinaus, indem wir Ihr vertrauensw\u00fcrdiger Partner bei der Steigerung der Sichtbarkeit und des Vertrauens in Suchmaschinen werden. Unser fachkundiger Ansatz stellt sicher, dass Sie die relevantesten und effektivsten Backlinks erhalten, um Ihr Unternehmen zu vergr\u00f6\u00dfern.<\/p>\n\n\n\n<div style=\"height:20px\" aria-hidden=\"true\" class=\"wp-block-spacer\"><\/div>\n<\/div>\n<\/div><\/div>\n<\/div>\n\n\n\n<div id=\"wp-block-themeisle-blocks-advanced-column-44794dea\" class=\"wp-block-themeisle-blocks-advanced-column has-light-bg\">\n<div id=\"wp-block-themeisle-blocks-advanced-columns-116c2739\" class=\"wp-block-themeisle-blocks-advanced-columns has-1-columns has-desktop-equal-layout has-tablet-equal-layout has-mobile-equal-layout has-vertical-unset has-default-gap\"><div class=\"wp-block-themeisle-blocks-advanced-columns-overlay\"><\/div><div class=\"innerblocks-wrap\">\n<div id=\"wp-block-themeisle-blocks-advanced-column-5fdfc19c\" class=\"wp-block-themeisle-blocks-advanced-column\">\n<p class=\"has-text-color has-link-color wp-elements-3f8f898d234bb92cef393f063238c483\" style=\"color:#070731\">A <strong>Agentur f\u00fcr Linkaufbau<\/strong> ist Experte f\u00fcr die Verbesserung der Online-Pr\u00e4senz einer Website und des Suchmaschinen-Rankings durch strategische Backlink-Akquisition. Unsere Agentur konzentriert sich auf bew\u00e4hrte Methoden, die hochwertige Links liefern und die Sichtbarkeit Ihrer Website in den Suchergebnissen erh\u00f6hen. Mit jahrelanger Erfahrung in der Durchf\u00fchrung erfolgreicher Kampagnen sind unsere Berater bestrebt, messbare Ergebnisse zu liefern und Ihrem Unternehmen von Anfang an zu einer starken SEO-Leistung zu verhelfen.<\/p>\n\n\n\n<div style=\"height:20px\" aria-hidden=\"true\" class=\"wp-block-spacer\"><\/div>\n<\/div>\n<\/div><\/div>\n<\/div>\n<\/div><\/section>\n<\/div>\n<\/div><\/section>\n\n\n\n<div id=\"wp-block-themeisle-blocks-advanced-columns-7e42dd7a\" class=\"wp-block-themeisle-blocks-advanced-columns alignfull has-1-columns has-desktop-equal-layout has-tablet-equal-layout has-mobile-equal-layout has-vertical-unset\"><div class=\"wp-block-themeisle-blocks-advanced-columns-overlay\"><\/div><div class=\"innerblocks-wrap\">\n<div id=\"wp-block-themeisle-blocks-advanced-column-bf1522ac\" class=\"wp-block-themeisle-blocks-advanced-column\">\n<h2 class=\"wp-block-heading has-text-align-center has-text-color\" style=\"color:#ffffff;font-size:50px\"><strong>Die wichtigsten Vorteile von Link Building Services in Deutschland<\/strong><\/h2>\n\n\n\n<div id=\"wp-block-themeisle-blocks-advanced-columns-8e5ca004\" class=\"wp-block-themeisle-blocks-advanced-columns has-1-columns has-desktop-equal-layout has-tablet-equal-layout has-mobile-equal-layout has-vertical-unset has-default-gap\"><div class=\"wp-block-themeisle-blocks-advanced-columns-overlay\"><\/div><div class=\"innerblocks-wrap\">\n<div id=\"wp-block-themeisle-blocks-advanced-column-6de54627\" class=\"wp-block-themeisle-blocks-advanced-column\">\n<div id=\"wp-block-themeisle-blocks-advanced-columns-eab8d757\" class=\"wp-block-themeisle-blocks-advanced-columns has-1-columns has-desktop-equal-layout has-tablet-equal-layout has-mobile-equal-layout has-vertical-unset\"><div class=\"wp-block-themeisle-blocks-advanced-columns-overlay\"><\/div><div class=\"innerblocks-wrap\">\n<div id=\"wp-block-themeisle-blocks-advanced-column-46193fb5\" class=\"wp-block-themeisle-blocks-advanced-column\">\n<p><mark style=\"background-color:rgba(0, 0, 0, 0)\" class=\"has-inline-color has-nv-text-dark-bg-color\"><strong>St\u00e4ndig aktualisierte Datenbank<\/strong>: Wir sind immer auf der Suche nach neuen, hochwertigen Websites, die wir in unsere Datenbank aufnehmen k\u00f6nnen, um die Linkbuilding-Strategien unserer Kunden zu verbessern.<\/mark><\/p>\n\n\n\n<p><mark style=\"background-color:rgba(0, 0, 0, 0)\" class=\"has-inline-color has-nv-text-dark-bg-color\"><strong>Umsatzwachstum durch SEO und PR<\/strong>: Wir wissen, wie Sie den Umsatz Ihres Unternehmens durch eine auf den deutschen Markt zugeschnittene Suchmaschinenoptimierung und PR-Strategie steigern k\u00f6nnen.<\/mark><\/p>\n\n\n\n<p><mark style=\"background-color:rgba(0, 0, 0, 0)\" class=\"has-inline-color has-nv-text-dark-bg-color\"><strong>Zuverl\u00e4ssiger, prozessorientierter Ansatz<\/strong>: Beginnen Sie Ihre erfolgreiche Linkbuilding-Strategie mit einer zuverl\u00e4ssigen Agentur, die kreative SEO-Techniken mit einwandfreier Ausf\u00fchrung und kontinuierlicher Nachbereitung kombiniert.<\/mark><\/p>\n\n\n\n<p><mark style=\"background-color:rgba(0, 0, 0, 0)\" class=\"has-inline-color has-nv-text-dark-bg-color\"><strong>Innovativer Linkaufbau<\/strong>: Unsere Kunden auf der ganzen Welt sch\u00e4tzen unseren innovativen Ansatz f\u00fcr den Linkaufbau. Wir arbeiten als Ihr engagierter Berater, um eine solide, ma\u00dfgeschneiderte Strategie zu entwickeln, die kontinuierlichen Erfolg garantiert.<\/mark><\/p>\n\n\n\n<p><mark style=\"background-color:rgba(0, 0, 0, 0)\" class=\"has-inline-color has-nv-text-dark-bg-color\"><strong>Kostenlose Konsultation<\/strong>: Wir bieten Ihnen eine kostenlose Beratung vor dem Kauf an und beraten Sie fachkundig beim Kauf von Links und anderen Dienstleistungen.<\/mark><\/p>\n\n\n\n<p><mark style=\"background-color:rgba(0, 0, 0, 0)\" class=\"has-inline-color has-nv-text-dark-bg-color\"><strong>24\/7 Notfallsupport<\/strong>: Erhalten Sie jederzeit Unterst\u00fctzung! Unser Team ist rund um die Uhr per Chat f\u00fcr dringende Fragen oder Unterst\u00fctzung erreichbar. Fragen Sie uns - wir sind f\u00fcr Sie da!<\/mark><\/p>\n<\/div>\n<\/div><\/div>\n<\/div>\n<\/div><\/div>\n<\/div>\n<\/div><\/div>\n\n\n\n<div id=\"wp-block-themeisle-blocks-advanced-columns-8fbb683b\" class=\"wp-block-themeisle-blocks-advanced-columns alignfull has-2-columns has-desktop-equal-layout has-tablet-equal-layout has-mobile-collapsedRows-layout has-vertical-unset\"><div class=\"wp-block-themeisle-blocks-advanced-columns-overlay\"><\/div><div class=\"innerblocks-wrap\">\n<div id=\"wp-block-themeisle-blocks-advanced-column-620e3016\" class=\"wp-block-themeisle-blocks-advanced-column has-light-bg\">\n<p><span class=\"highlight\"><strong>Die Link Building Agentur, die au\u00dfergew\u00f6hnliche Rankings in Deutschland liefert<\/strong><\/span><br><\/p>\n\n\n\n<p class=\"has-text-color has-link-color wp-elements-085628ee13865ee563c29f50432aafda\" style=\"color:#070731\">Unter <strong>LinkBuildingGermany.de<\/strong>Wir verwenden einen gut strukturierten, ergebnisorientierten Ansatz, der durch fortschrittliche Strategien erg\u00e4nzt wird, um Ihre Suchmaschinenplatzierungen und Ihre allgemeine SEO-Leistung in Deutschland erheblich zu verbessern. SEO-Profis aus der ganzen Welt vertrauen uns wegen unserer F\u00e4higkeit, qualitativ hochwertige Backlinks zu liefern, die andere Linkbuilding-Services in Deutschland einfach nicht erreichen k\u00f6nnen.<\/p>\n\n\n\n<p class=\"has-text-color has-link-color wp-elements-54a0d168795e082c3efb4732116b7c6d\" style=\"color:#070731\">Im Gegensatz zu herk\u00f6mmlichen Linkbuilding-Diensten passen wir unsere Strategien an die spezifischen Bed\u00fcrfnisse jedes einzelnen Projekts an. Indem wir uns auf Qualit\u00e4t und Innovation konzentrieren, stellen wir sicher, dass Ihre Marke einen dauerhaften Wettbewerbsvorteil erlangt, auch in der sich schnell ver\u00e4ndernden digitalen Landschaft.<\/p>\n<\/div>\n\n\n\n<div id=\"wp-block-themeisle-blocks-advanced-column-df784873\" class=\"wp-block-themeisle-blocks-advanced-column has-light-bg\">\n<figure class=\"wp-block-image size-full has-custom-border\"><img loading=\"lazy\" decoding=\"async\" width=\"1024\" height=\"1024\" src=\"https:\/\/linkbuildinggermany.de\/wp-content\/uploads\/2025\/05\/ChatGPT-Image-22-\u043c\u0430\u044f-2025-\u0433.-22_19_44.png\" alt=\"\" class=\"wp-image-1383\" style=\"border-style:none;border-width:0px;border-radius:0px\" srcset=\"https:\/\/linkbuildinggermany.de\/wp-content\/uploads\/2025\/05\/ChatGPT-Image-22-\u043c\u0430\u044f-2025-\u0433.-22_19_44.png 1024w, https:\/\/linkbuildinggermany.de\/wp-content\/uploads\/2025\/05\/ChatGPT-Image-22-\u043c\u0430\u044f-2025-\u0433.-22_19_44-300x300.png 300w, https:\/\/linkbuildinggermany.de\/wp-content\/uploads\/2025\/05\/ChatGPT-Image-22-\u043c\u0430\u044f-2025-\u0433.-22_19_44-150x150.png 150w, https:\/\/linkbuildinggermany.de\/wp-content\/uploads\/2025\/05\/ChatGPT-Image-22-\u043c\u0430\u044f-2025-\u0433.-22_19_44-768x768.png 768w\" sizes=\"auto, (max-width: 1024px) 100vw, 1024px\" \/><\/figure>\n<\/div>\n<\/div><\/div>\n\n\n\n<h2 class=\"wp-block-heading has-text-align-center\">Warum Backlinks f\u00fcr SEO in Deutschland unerl\u00e4sslich sind<\/h2>\n\n\n\n<div id=\"wp-block-themeisle-blocks-advanced-columns-8455b000\" class=\"wp-block-themeisle-blocks-advanced-columns alignfull has-3-columns has-desktop-equal-layout has-tablet-equal-layout has-mobile-collapsedRows-layout has-vertical-center ticss-c00aadba\"><div class=\"wp-block-themeisle-blocks-advanced-columns-overlay\"><\/div><div class=\"innerblocks-wrap\">\n<div id=\"wp-block-themeisle-blocks-advanced-column-36e10dc0\" class=\"wp-block-themeisle-blocks-advanced-column\">\n<h3 id=\"wp-block-themeisle-blocks-advanced-heading-b5def927\" class=\"wp-block-themeisle-blocks-advanced-heading wp-block-themeisle-blocks-advanced-heading-b5def927\">Wettbewerbsvorteil<\/h3>\n\n\n\n<p class=\"has-text-align-center\">Wenn Sie mehr Backlinks als Ihre Konkurrenten in den deutschen Suchmaschinenergebnissen haben, ist das ein klares Zeichen daf\u00fcr, dass Ihre Inhalte von Ihrem Publikum gesch\u00e4tzt werden. Dies verschafft Ihrer Website einen Wettbewerbsvorteil und macht es f\u00fcr potenzielle Kunden einfacher, Ihre Marke in Deutschland zu entdecken und mit ihr in Kontakt zu treten. Dar\u00fcber hinaus k\u00f6nnen Backlinks den Empfehlungsverkehr ankurbeln, die Bekanntheit Ihrer Produkte oder Dienstleistungen erh\u00f6hen und m\u00f6glicherweise die Konversionsraten verbessern.<\/p>\n<\/div>\n\n\n\n<div id=\"wp-block-themeisle-blocks-advanced-column-8273e132\" class=\"wp-block-themeisle-blocks-advanced-column\">\n<h3 id=\"wp-block-themeisle-blocks-advanced-heading-674b689e\" class=\"wp-block-themeisle-blocks-advanced-heading wp-block-themeisle-blocks-advanced-heading-674b689e\">Empfehlungsverkehr<\/h3>\n\n\n\n<p class=\"has-text-align-center\">Ein starkes Backlink-Profil ist ein effektiver Weg, um in Deutschland mehr Besucher zu generieren. Backlinks verbessern nicht nur das Suchranking Ihrer Inhalte, sondern \u00f6ffnen auch T\u00fcren zu neuen Zielgruppen und M\u00e4rkten. Backlinks tragen dazu bei, die Sichtbarkeit f\u00fcr Zielkeywords in Deutschland zu erh\u00f6hen, und Gastbeitr\u00e4ge oder die Pr\u00e4senz in Nischenpublikationen und -communities erh\u00f6hen Ihre Sichtbarkeit weiter und f\u00fchren zu mehr relevantem Traffic auf Ihrer Website.<\/p>\n<\/div>\n\n\n\n<div id=\"wp-block-themeisle-blocks-advanced-column-9059f8f1\" class=\"wp-block-themeisle-blocks-advanced-column\">\n<h3 id=\"wp-block-themeisle-blocks-advanced-heading-525ac179\" class=\"wp-block-themeisle-blocks-advanced-heading wp-block-themeisle-blocks-advanced-heading-525ac179\">Link Eigenkapital<\/h3>\n\n\n\n<p class=\"has-text-align-center\">Der Linkwert oder \"Link-Saft\", der von angesehenen Websites an Ihre eigene Website weitergegeben wird, ist ein Schl\u00fcsselfaktor f\u00fcr die Suchmaschinenoptimierung in Deutschland. Je mehr hochkar\u00e4tige Websites auf Ihre Website verlinken, desto gr\u00f6\u00dfer ist die Glaubw\u00fcrdigkeit Ihrer Website. Suchmaschinen verwenden diesen Link-Equity-Wert, um die Autorit\u00e4t Ihrer Website zu bestimmen und ihre Rangfolge entsprechend anzupassen. Der Aufbau von Link-Equity ist von grundlegender Bedeutung f\u00fcr die Verbesserung Ihrer SEO-Leistung in Deutschland und die Sicherung eines langfristigen Wachstums.<\/p>\n<\/div>\n<\/div><\/div>\n\n\n\n<p><\/p>\n\n\n\n<section id=\"wp-block-themeisle-blocks-advanced-columns-e29a4ca8\" class=\"wp-block-themeisle-blocks-advanced-columns alignfull has-1-columns has-desktop-equal-layout has-tablet-equal-layout has-mobile-equal-layout has-vertical-center has-dark-bg\"><div class=\"wp-block-themeisle-blocks-advanced-columns-overlay\"><\/div><div class=\"innerblocks-wrap\">\n<div id=\"wp-block-themeisle-blocks-advanced-column-b210a320\" class=\"wp-block-themeisle-blocks-advanced-column\">\n<h2 class=\"wp-block-heading has-text-align-center has-base-2-color has-text-color has-huge-font-size\" style=\"font-style:normal;font-weight:700\">Sind Sie bereit, die Sichtbarkeit Ihrer Marke in Deutschland zu erh\u00f6hen?<\/h2>\n\n\n\n<p class=\"has-text-align-center has-nv-text-dark-bg-color has-text-color\">Lassen Sie uns eine digitale PR-Strategie entwickeln, die echte, messbare Ergebnisse liefert.<\/p>\n\n\n\n<div class=\"wp-block-buttons is-horizontal is-content-justification-center is-layout-flex wp-container-core-buttons-is-layout-499968f5 wp-block-buttons-is-layout-flex\">\n<div class=\"wp-block-button is-style-primary\"><a class=\"wp-block-button__link has-text-color has-background has-link-color wp-element-button\" href=\"https:\/\/linkbuildinggermany.de\/de\/bcd31-kontakt\/\" style=\"border-radius:100px;color:#ffffff;background-color:#49a392\">Kontaktieren Sie uns f\u00fcr ma\u00dfgeschneiderte L\u00f6sungen<\/a><\/div>\n<\/div>\n<\/div>\n<\/div><\/section>","protected":false},"excerpt":{"rendered":"<p>Warum Backlinks f\u00fcr SEO in Deutschland unerl\u00e4sslich sind<\/p>","protected":false},"author":1,"featured_media":0,"parent":0,"menu_order":0,"comment_status":"closed","ping_status":"closed","template":"","meta":{"neve_meta_sidebar":"","neve_meta_container":"","neve_meta_enable_content_width":"","neve_meta_content_width":0,"neve_meta_title_alignment":"","neve_meta_author_avatar":"","neve_post_elements_order":"","neve_meta_disable_header":"","neve_meta_disable_footer":"","neve_meta_disable_title":"on","_themeisle_gutenberg_block_has_review":false,"footnotes":""},"class_list":["post-1156","page","type-page","status-publish","hentry"],"_links":{"self":[{"href":"https:\/\/linkbuildinggermany.de\/de\/wp-json\/wp\/v2\/pages\/1156","targetHints":{"allow":["GET"]}}],"collection":[{"href":"https:\/\/linkbuildinggermany.de\/de\/wp-json\/wp\/v2\/pages"}],"about":[{"href":"https:\/\/linkbuildinggermany.de\/de\/wp-json\/wp\/v2\/types\/page"}],"author":[{"embeddable":true,"href":"https:\/\/linkbuildinggermany.de\/de\/wp-json\/wp\/v2\/users\/1"}],"replies":[{"embeddable":true,"href":"https:\/\/linkbuildinggermany.de\/de\/wp-json\/wp\/v2\/comments?post=1156"}],"version-history":[{"count":22,"href":"https:\/\/linkbuildinggermany.de\/de\/wp-json\/wp\/v2\/pages\/1156\/revisions"}],"predecessor-version":[{"id":1715,"href":"https:\/\/linkbuildinggermany.de\/de\/wp-json\/wp\/v2\/pages\/1156\/revisions\/1715"}],"wp:attachment":[{"href":"https:\/\/linkbuildinggermany.de\/de\/wp-json\/wp\/v2\/media?parent=1156"}],"curies":[{"name":"wp","href":"https:\/\/api.w.org\/{rel}","templated":true}]}}