{"id":1158,"date":"2025-05-20T12:32:19","date_gmt":"2025-05-20T12:32:19","guid":{"rendered":"https:\/\/linkbuildinggermany.de\/?page_id=1158"},"modified":"2025-06-13T09:43:56","modified_gmt":"2025-06-13T09:43:56","slug":"pbn-gebaude","status":"publish","type":"page","link":"https:\/\/linkbuildinggermany.de\/de\/pbn-gebaude\/","title":{"rendered":"PBN-Geb\u00e4ude"},"content":{"rendered":"<p><\/p>\n\n\n\n<section id=\"wp-block-themeisle-blocks-advanced-columns-6a24f348\" class=\"wp-block-themeisle-blocks-advanced-columns alignfull has-1-columns has-desktop-equal-layout has-tablet-equal-layout has-mobile-equal-layout has-vertical-center has-dark-bg\"><div class=\"wp-block-themeisle-blocks-advanced-columns-overlay\"><\/div><div class=\"innerblocks-wrap\">\n<div id=\"wp-block-themeisle-blocks-advanced-column-4a61d9aa\" class=\"wp-block-themeisle-blocks-advanced-column\">\n<h2 class=\"wp-block-heading has-text-align-center has-base-2-color has-text-color has-huge-font-size\" style=\"font-style:normal;font-weight:700\">Private Blog Network (PBN) Aufbau Dienstleistungen in Deutschland<\/h2>\n\n\n\n<p class=\"has-text-align-center has-nv-text-dark-bg-color has-text-color\">Wir von LinkBuildingGermany.de haben uns auf die Entwicklung von robusten Private Blog Networks (PBNs) spezialisiert, die die Autorit\u00e4t Ihrer Website erh\u00f6hen, gezielten Traffic generieren und Ihr Suchmaschinenranking in Deutschland verbessern. Unser erfahrenes Team bietet sichere, nachhaltige und ergebnisorientierte PBN-Strategien, die sorgf\u00e4ltig auf die individuellen Bed\u00fcrfnisse Ihres Unternehmens zugeschnitten sind. \u00dcbernehmen Sie die volle Kontrolle \u00fcber Ihre SEO in Deutschland und sehen Sie, wie die Rankings Ihrer Website steigen!<\/p>\n\n\n\n<div class=\"wp-block-buttons is-horizontal is-content-justification-center is-layout-flex wp-container-core-buttons-is-layout-499968f5 wp-block-buttons-is-layout-flex\">\n<div class=\"wp-block-button is-style-primary\"><a class=\"wp-block-button__link has-text-color has-background has-link-color wp-element-button\" href=\"https:\/\/linkbuildinggermany.de\/de\/bcd31-kontakt\/\" style=\"border-radius:100px;color:#ffffff;background-color:#49a392\">Heute beginnen<\/a><\/div>\n<\/div>\n<\/div>\n<\/div><\/section>\n\n\n\n<p><\/p>\n\n\n\n<div class=\"service-faq__wrapper container\">\n    <div class=\"service-faq__title section-text\">\n        <h2>Alles, was Sie \u00fcber PBNs in Deutschland wissen m\u00fcssen<\/h2>\n    <\/div>\n    <aside class=\"service-faq__accordion\" data-mobile-accordion=\"\">\n        <details open=\"\" name=\"accordion-0\">\n            <summary> Was ist ein PBN?<\/summary>\n            <p>Ein privates Blog-Netzwerk (PBN) ist eine Sammlung von Websites, die strategisch erstellt werden, um die Suchergebnisse Ihrer Hauptdomain zu verbessern. Diese Websites fungieren als Verst\u00e4rker, vermitteln Autorit\u00e4t und verbessern das Suchranking, so dass Sie Ihre Konkurrenten \u00fcbertreffen k\u00f6nnen. Das Wichtigste ist, dass alles nat\u00fcrlich und organisch erscheint.<\/p>\n            <p>Bei LinkBuildingGermany.de bauen wir PBN-Netzwerke auf intelligente Weise auf, indem wir thematische Inhalte und einen starken Schutz integrieren und sicherstellen, dass alles absolut authentisch bleibt. Wenn Sie ein PBN-Netzwerk bei uns bestellen, erhalten Sie nicht nur eine Ansammlung von Websites, sondern ein sorgf\u00e4ltig konzipiertes System, das fein abgestimmt ist, um messbare Ergebnisse zu liefern.<\/p>\n        <\/details>\n        <details name=\"accordion-0\">\n            <summary> Welche Marken brauchen ein schl\u00fcsselfertiges PBN-Netzwerk in Deutschland?<\/summary>\n            <p>Schl\u00fcsselfertige PBN-Netzwerke sind ideal f\u00fcr Marken, die ihre SEO-Leistung schnell und stetig verbessern wollen. Sie sind besonders n\u00fctzlich f\u00fcr Online-Shops, SaaS-Plattformen, Medienprojekte und Unternehmen in wettbewerbsintensiven Branchen wie iGaming.<\/p>\n            <p>Diese Netzwerke bieten eine kosteneffiziente L\u00f6sung f\u00fcr den Erwerb hochwertiger Backlinks, wenn herk\u00f6mmliche Methoden entweder zu kostspielig oder ineffektiv sind. Ganz gleich, ob Sie ein Nischenthema, ein begrenztes Budget oder mehrere Websites in einer einzigen Nische haben, ein PBN kann die perfekte L\u00f6sung sein. Und seien Sie versichert, dass wir wissen, wie man sie richtig konzipiert und umsetzt.<\/p>\n        <\/details>\n        <details name=\"accordion-0\">\n            <summary> Warum sollten Sie die Dienste einer Agentur in Anspruch nehmen, um ein PBN-Netzwerk in Deutschland aufzubauen?<\/summary>\n            <p>Der Aufbau eines PBN ist mehr als nur der Kauf von Domains und das Setzen von Links. Es ist ein detaillierter Prozess, der Fachwissen, technisches Know-how und strategisches Denken erfordert.<\/p>\n            <p>Bei LinkBuildingGermany.de erstellen wir PBNs, die Ergebnisse bringen. Wir w\u00e4hlen sorgf\u00e4ltig Domains aus, erstellen relevante Inhalte und schneiden das Netzwerk auf eine bestimmte Nische zu. Diese sorgf\u00e4ltige Herangehensweise stellt sicher, dass Ihr PBN f\u00fcr Ihre Website funktioniert und ihre Rankings steigert, ohne das Risiko \u00fcblicher Fehler oder Ineffizienzen.<\/p>\n        <\/details>\n        <details name=\"accordion-0\">\n            <summary> Welche Arten von PBN-Netzwerken kann ich bei LinkBuildingGermany.de bestellen?<\/summary>\n            <p>Bei LinkBuildingGermany.de bieten wir verschiedene PBN-Formate an, die auf Ihre Werbebed\u00fcrfnisse zugeschnitten sind. Wir k\u00f6nnen Netzwerke auf der Basis von zuverl\u00e4ssigen abgelaufenen Domains, nischenspezifische Netzwerke oder sogar PBNs auf der Basis von sozialen Netzwerken f\u00fcr eine nat\u00fcrlichere Promotion in weniger wettbewerbsintensiven Bereichen erstellen.<\/p>\n            <p>Wir verfolgen einen individuellen Ansatz, analysieren den Markt, bewerten die Risiken und bauen ein Netzwerk auf, das die besten Ergebnisse liefert. Teilen Sie uns Ihre Ziele mit, und wir empfehlen Ihnen die optimale Strategie, um sie zu erreichen.<\/p>\n        <\/details>\n    <\/aside>\n<\/div>\n\n\n\n<div id=\"wp-block-themeisle-blocks-advanced-columns-1afa0976\" class=\"wp-block-themeisle-blocks-advanced-columns alignfull has-1-columns has-desktop-equal-layout has-tablet-equal-layout has-mobile-collapsedRows-layout has-vertical-center sm-separator has-light-bg\"><div class=\"wp-block-themeisle-blocks-advanced-columns-overlay\"><\/div><div class=\"innerblocks-wrap\">\n<div id=\"wp-block-themeisle-blocks-advanced-column-6c2514ca\" class=\"wp-block-themeisle-blocks-advanced-column\">\n<h2 id=\"wp-block-themeisle-blocks-advanced-heading-b120844a\" class=\"wp-block-themeisle-blocks-advanced-heading wp-block-themeisle-blocks-advanced-heading-b120844a\">Vorteile des Aufbaus eines PBN-Netzwerks mit LinkBuildingGermany.de in Deutschland<\/h2>\n\n\n\n<hr class=\"wp-block-separator has-text-color has-alpha-channel-opacity has-background is-style-wide\" style=\"background-color:#1f2025;color:#1f2025\"\/>\n\n\n\n<p class=\"has-text-color has-link-color wp-elements-3d18534d263f1995db89e3b5db561598\" style=\"color:#1f2025\">Durch die vollst\u00e4ndige Kontrolle \u00fcber Domains, Inhalte und Struktur bieten unsere PBNs eine stabile Grundlage, die sich an SEO-\u00c4nderungen anpasst und Risiken minimiert, um ein stetiges Wachstum Ihrer Website in Deutschland zu gew\u00e4hrleisten.<\/p>\n\n\n\n<p>Eine schl\u00fcsselfertige PBN-L\u00f6sung sorgt f\u00fcr ein best\u00e4ndiges Wachstum Ihres Linkprofils. Indem wir Ihnen die vollst\u00e4ndige Kontrolle \u00fcber die Linkplatzierung geben, eliminieren wir das Risiko von Linkverlusten und reduzieren die Abh\u00e4ngigkeit von Plattformen Dritter.<\/p>\n\n\n\n<p class=\"has-text-color has-link-color wp-elements-2c66815a320bbfc1522784018fb22ec8\" style=\"color:#1f2025\">Mit Ihrem eigenen PBN-Netzwerk kontrollieren Sie die Nische jeder Seite und sorgen f\u00fcr ein nat\u00fcrliches und hochrelevantes Linkprofil, das perfekt auf Ihr Gesch\u00e4ftsfeld in Deutschland abgestimmt ist - auch in wettbewerbsintensiven Branchen.<\/p>\n\n\n\n<div class=\"wp-block-buttons is-layout-flex wp-block-buttons-is-layout-flex\">\n<div class=\"wp-block-button is-style-primary\"><a class=\"wp-block-button__link has-text-color has-background has-link-color has-custom-font-size wp-element-button\" href=\"https:\/\/linkbuildinggermany.de\/de\/bcd31-kontakt\/\" style=\"border-radius:0px;color:#ffffff;background-color:#d7393e;padding-top:20px;padding-right:40px;padding-bottom:20px;padding-left:40px;font-size:15px\">Jetzt loslegen<\/a><\/div>\n<\/div>\n<\/div>\n<\/div><\/div>\n\n\n\n<div id=\"wp-block-themeisle-blocks-advanced-columns-b8288416\" class=\"wp-block-themeisle-blocks-advanced-columns alignfull has-1-columns has-desktop-equal-layout has-tablet-equal-layout has-mobile-collapsedRows-layout has-reverse-columns-mobile has-vertical-center sm-separator has-light-bg\"><div class=\"wp-block-themeisle-blocks-advanced-columns-overlay\"><\/div><div class=\"innerblocks-wrap\">\n<div id=\"wp-block-themeisle-blocks-advanced-column-21fe34fa\" class=\"wp-block-themeisle-blocks-advanced-column\">\n<h2 id=\"wp-block-themeisle-blocks-advanced-heading-b418e137\" class=\"wp-block-themeisle-blocks-advanced-heading wp-block-themeisle-blocks-advanced-heading-b418e137\">F\u00fcr wen sind PBNs in Deutschland geeignet?<\/h2>\n\n\n\n<hr class=\"wp-block-separator has-text-color has-alpha-channel-opacity has-background is-style-wide\" style=\"background-color:#1f2025;color:#1f2025\"\/>\n\n\n\n<p class=\"has-text-align-center has-text-color has-link-color wp-elements-6483f874a2fd71fd83438c43749c6808\" style=\"color:#1f2025\"><strong>F\u00fcr Unternehmen in Deutschland:<\/strong><\/p>\n\n\n\n<p class=\"has-text-color has-link-color wp-elements-43b92b9ca5a2b8118453910124127cde\" style=\"color:#1f2025\">Wenn Sie ein Unternehmen sind, das ernsthafte SEO-Ergebnisse anstrebt, ist der Kauf von Backlinks und die volle Kontrolle \u00fcber sie entscheidend - etwas, das nur ein gut aufgebautes PBN (Private Blog Network) bieten kann.<\/p>\n\n\n\n<p>Unter <strong>LinkBuildingGermany.de<\/strong>sind wir darauf spezialisiert, sichere und langfristige PBN-Netzwerke aufzubauen, die auf Ihre Nische in Deutschland zugeschnitten sind. Unser Ansatz beinhaltet die Verwendung vertrauensw\u00fcrdiger Domains, relevanter Inhalte und einer soliden strukturellen Grundlage. Wir k\u00fcmmern uns um jeden Schritt des Prozesses - von der Auswahl der Drops bis zum Schutz vor Filtern - um sicherzustellen, dass Ihre Investition f\u00fcr den Erfolg optimiert ist.<\/p>\n\n\n\n<p class=\"has-text-color has-link-color wp-elements-5f9d4d1d15192a8a1c5d407deaeb9630\" style=\"color:#1f2025\">Mit unseren PBNs erhalten Sie die volle Kontrolle \u00fcber Ihr Linkprofil, strategische SEO-Vorteile und eine skalierbare Werbemethode, die mit Ihrem Unternehmen w\u00e4chst.<\/p>\n\n\n\n<p class=\"has-text-align-center\"><strong>F\u00fcr Digital-Marketing-Agenturen und SEO-Reseller in Deutschland:<\/strong><\/p>\n\n\n\n<p>Wenn Sie eine Agentur sind, die \u00fcber die traditionelle SEO hinausgehen m\u00f6chte, oder ein SEO-Spezialist, der von unzuverl\u00e4ssigen Partnern frustriert ist, ist es an der Zeit, Ihr PBN-Management den Experten anzuvertrauen.<\/p>\n\n\n\n<p>Der Aufbau eines effektiven Netzwerks geht \u00fcber den einfachen Kauf von Domains hinaus - er erfordert technisches Know-how, SEO-Kenntnisse und Zeit. Auf <strong>LinkBuildingGermany.de<\/strong>Wir k\u00fcmmern uns um alles: die Auswahl hochwertiger Domains, die Erstellung von Inhalten und den Schutz des Netzwerks vor Strafen.<\/p>\n\n\n\n<p>Ganz gleich, ob Sie Links in einem bestehenden Netzwerk platzieren oder ein individuelles Netzwerk von Grund auf aufbauen m\u00f6chten, wir sind f\u00fcr Sie da. Wir bieten auch die vollst\u00e4ndige Integration von PBNs in Ihre Dienste an, damit Sie davon profitieren k\u00f6nnen, ohne sich mit der technischen Komplexit\u00e4t auseinandersetzen zu m\u00fcssen. Konzentrieren Sie sich auf Ihre Kunden, w\u00e4hrend wir das Netzwerk verwalten.<\/p>\n<\/div>\n<\/div><\/div>\n\n\n\n<section id=\"wp-block-themeisle-blocks-advanced-columns-ee198567\" class=\"wp-block-themeisle-blocks-advanced-columns alignfull has-1-columns has-desktop-equal-layout has-tablet-equal-layout has-mobile-equal-layout has-vertical-flex-start has-dark-bg\"><div class=\"wp-block-themeisle-blocks-advanced-columns-overlay\"><\/div><div class=\"innerblocks-wrap\">\n<div id=\"wp-block-themeisle-blocks-advanced-column-9e0840af\" class=\"wp-block-themeisle-blocks-advanced-column\">\n<section id=\"wp-block-themeisle-blocks-advanced-columns-07718635\" class=\"wp-block-themeisle-blocks-advanced-columns has-1-columns has-desktop-equal-layout has-tablet-equal-layout has-mobile-equal-layout has-vertical-flex-start\"><div class=\"wp-block-themeisle-blocks-advanced-columns-overlay\"><\/div><div class=\"innerblocks-wrap\">\n<div id=\"wp-block-themeisle-blocks-advanced-column-5d0f9235\" class=\"wp-block-themeisle-blocks-advanced-column\">\n<section class=\"service-features\">\n  <div class=\"service-features__wrapper container\">\n    <h2>Warum Ihre Marke PBN-Netzwerke in Deutschland braucht<\/h2>\n    <div class=\"service-features__cards\">\n      <!-- Block 1 -->\n      <div class=\"service-features__card\">\n        <i class=\"fa fa-arrow-up\" style=\"font-size: 48px; color: #4CAF50;\"><\/i> <!-- Icon -->\n        <div>\n          <h3>Natural Link Wachstum in Deutschland<\/h3>\n          <p>Der Aufbau eines eigenen PBN erm\u00f6glicht es Ihnen, das Linkwachstum organisch zu steuern und sicherzustellen, dass Suchmaschinen Ihre Website als ma\u00dfgebliche und vertrauensw\u00fcrdige Quelle betrachten. Richtig platzierte Anker und verschiedene Linkspender helfen, ein ausgewogenes und nat\u00fcrliches Profil zu erhalten.<\/p>\n        <\/div>\n      <\/div>\n\n      <!-- Block 2 -->\n      <div class=\"service-features__card\">\n        <i class=\"fa fa-flask\" style=\"font-size: 48px; color: #4CAF50;\"><\/i> <!-- Icon -->\n        <div>\n          <h3>Feld f\u00fcr Experimente in Deutschland<\/h3>\n          <p>PBNs bieten eine Plattform f\u00fcr Experimente und erm\u00f6glichen es Ihnen, neue SEO-Strategien zu testen, ohne Ihr Hauptprojekt zu gef\u00e4hrden. Passen Sie Ankertexte an, variieren Sie das Linkvolumen und probieren Sie neue Verlinkungsmodelle aus, um zu sehen, wie die Suchmaschinen reagieren.<\/p>\n        <\/div>\n      <\/div>\n\n      <!-- Block 3 -->\n      <div class=\"service-features__card\">\n        <i class=\"fa fa-credit-card\" style=\"font-size: 48px; color: #4CAF50;\"><\/i> <!-- Icon -->\n        <div>\n          <h3>Sparen in Deutschland<\/h3>\n          <p>Durch den Aufbau eines eigenen PBNs machen Sie sich unabh\u00e4ngig von Plattformen Dritter, sparen Kosten und erhalten gleichzeitig die volle Kontrolle \u00fcber Ihr Linkprofil. Regelm\u00e4\u00dfiges organisches Linkwachstum ohne Genehmigungsverz\u00f6gerungen reduziert Ihre Gesamtausgaben.<\/p>\n        <\/div>\n      <\/div>\n\n      <!-- Block 4 -->\n      <div class=\"service-features__card\">\n        <i class=\"fa fa-signal\" style=\"font-size: 48px; color: #4CAF50;\"><\/i> <!-- Icon -->\n        <div>\n          <h3>Verkehrsmanagement in Deutschland<\/h3>\n          <p>Mit einem eigenen PBN haben Sie die M\u00f6glichkeit, den Traffic dorthin zu lenken, wo er ben\u00f6tigt wird, die Konversionsrate zu erh\u00f6hen und Ihre Websites durch Werbung, Partnerprogramme oder Direktverk\u00e4ufe zu monetarisieren. Sie k\u00f6nnen den Traffic steuern, ohne von den Schwankungen der Suchmaschinen abh\u00e4ngig zu sein.<\/p>\n        <\/div>\n      <\/div>\n\n      <!-- Block 5 -->\n      <div class=\"service-features__card\">\n        <i class=\"fa fa-cogs\" style=\"font-size: 48px; color: #4CAF50;\"><\/i> <!-- Icon -->\n        <div>\n          <h3>Entwicklung in Deutschland<\/h3>\n          <p>Der Aufbau eines PBN ist nur der erste Schritt. Regelm\u00e4\u00dfige Inhaltsaktualisierungen, Erweiterungen der Website-Struktur und die Vertiefung interner Links tragen dazu bei, die Indexierung zu verbessern und die Autorit\u00e4t Ihrer Backlinks zu st\u00e4rken. So wird sichergestellt, dass Ihr PBN effektiv und nachhaltig bleibt.<\/p>\n        <\/div>\n      <\/div>\n\n      <!-- Block 6 -->\n      <div class=\"service-features__card\">\n        <i class=\"fa fa-trophy\" style=\"font-size: 48px; color: #4CAF50;\"><\/i> <!-- Icon -->\n        <div>\n          <h3>Wettbewerbsvorteil in Deutschland<\/h3>\n          <p>Wenn Sie Ihr eigenes PBN verwalten, verschaffen Sie sich einen strategischen Vorteil. Jeder Link innerhalb des Netzwerks kommt nur Ihrer Marke zugute. So vermeiden Sie Wettbewerb und stellen sicher, dass Ihre Links auf Ihre Nische und Ihr Publikum ausgerichtet sind.<\/p>\n        <\/div>\n      <\/div>\n    <\/div>\n  <\/div>\n<\/section>\n\n<style>\n  .service-features__wrapper {\n    display: flex;\n    flex-direction: column;\n    justify-content: center;\n    align-items: center;\n    margin-bottom: 40px;\n  }\n\n  .service-features__cards {\n    display: grid;\n    grid-template-columns: repeat(3, 1fr); \/* Create 3 columns *\/\n    gap: 20px;\n    justify-items: center; \/* Align items horizontally *\/\n  }\n\n  .service-features__card {\n    background-color: #f8f8f8;\n    padding: 20px;\n    width: 250px;\n    text-align: center;\n    border-radius: 10px;\n    box-shadow: 0 4px 10px rgba(0, 0, 0, 0.1);\n  }\n\n  .service-features__card i {\n    margin-bottom: 15px;\n    color: #4CAF50;\n  }\n\n  .service-features__card h3 {\n    font-size: 1.2rem;\n    color: #333;\n    margin-bottom: 10px;\n  }\n\n  .service-features__card p {\n    font-size: 1rem;\n    color: #555;\n    line-height: 1.5;\n  }\n<\/style>\n<\/div>\n<\/div><\/section>\n<\/div>\n<\/div><\/section>\n\n\n\n<div id=\"wp-block-themeisle-blocks-advanced-columns-d5bbe158\" class=\"wp-block-themeisle-blocks-advanced-columns alignfull has-1-columns has-desktop-equal-layout has-tablet-equal-layout has-mobile-equal-layout has-vertical-unset\"><div class=\"wp-block-themeisle-blocks-advanced-columns-overlay\"><\/div><div class=\"innerblocks-wrap\">\n<div id=\"wp-block-themeisle-blocks-advanced-column-3539a81d\" class=\"wp-block-themeisle-blocks-advanced-column\">\n<h2 id=\"wp-block-themeisle-blocks-advanced-heading-8c53aa2d\" class=\"wp-block-themeisle-blocks-advanced-heading wp-block-themeisle-blocks-advanced-heading-8c53aa2d\">H\u00e4ufig gestellte Fragen (FAQ) in Deutschland<\/h2>\n\n\n\n<div id=\"wp-block-themeisle-blocks-accordion-2971be0d\" class=\"wp-block-themeisle-blocks-accordion exclusive has-light-title-bg has-light-active-title-bg has-light-content-bg\">\n<details class=\"wp-block-themeisle-blocks-accordion-item\"><summary class=\"wp-block-themeisle-blocks-accordion-item__title\"><div>1. Wer sollte ein PBN-Netzwerk in Deutschland bestellen?<\/div><\/summary><div class=\"wp-block-themeisle-blocks-accordion-item__content\">\n<p>PBNs sind besonders vorteilhaft f\u00fcr Unternehmen, die in Nischen t\u00e4tig sind, in denen der Erwerb von Qualit\u00e4tslinks entweder teuer oder aufgrund eines Mangels an relevanten Plattformen schwierig sein kann. Wenn Gastbeitr\u00e4ge zu kostspielig oder ineffektiv sind, bietet der Aufbau eines eigenen PBN-Netzwerks einen Wettbewerbsvorteil, der es Ihnen erm\u00f6glicht, Ihre SEO zu verbessern und der Konkurrenz voraus zu sein.<\/p>\n<\/div><\/details>\n\n\n\n<details class=\"wp-block-themeisle-blocks-accordion-item\"><summary class=\"wp-block-themeisle-blocks-accordion-item__title\"><div>2. Wie viele PBN-Seiten brauche ich f\u00fcr mein Projekt in Deutschland?<\/div><\/summary><div class=\"wp-block-themeisle-blocks-accordion-item__content\">\n<p>Die Anzahl der Websites, die Sie f\u00fcr Ihr PBN-Netzwerk ben\u00f6tigen, h\u00e4ngt von Ihrer Nische und dem Grad des Wettbewerbs ab. F\u00fcr Nischen mit geringem Wettbewerb k\u00f6nnen 10-20 Websites ausreichen. In wettbewerbsintensiven Sektoren wie dem Finanzsektor oder iGaming ben\u00f6tigen Sie m\u00f6glicherweise mehr. Wir k\u00f6nnen Ihnen helfen, Ihren Bedarf zu ermitteln und die optimale Einrichtung f\u00fcr Ihr Projekt zu empfehlen.<\/p>\n<\/div><\/details>\n\n\n\n<details class=\"wp-block-themeisle-blocks-accordion-item\"><summary class=\"wp-block-themeisle-blocks-accordion-item__title\"><div>3. Wie viele Links von einer PBN-Seite kann ich auf meiner Haupt-Website in Deutschland platzieren?<\/div><\/summary><div class=\"wp-block-themeisle-blocks-accordion-item__content\">\n<p>In der Regel k\u00f6nnen Sie einen Link pro PBN-Site auf Ihrer prim\u00e4ren Website platzieren, vorzugsweise auf der Startseite. F\u00fcr zus\u00e4tzliche Links werden interne Seiten oder relevante Artikel verwendet. Diese Strategie gew\u00e4hrleistet ein nat\u00fcrliches, vielf\u00e4ltiges Linkprofil, das f\u00fcr Suchmaschinen organisch aussieht.<\/p>\n<\/div><\/details>\n\n\n\n<details class=\"wp-block-themeisle-blocks-accordion-item\"><summary class=\"wp-block-themeisle-blocks-accordion-item__title\"><div>4. Was ist ein Fu\u00dfabdruck?<\/div><\/summary><div class=\"wp-block-themeisle-blocks-accordion-item__content\">\n<p>Ein Footprint ist eine Reihe von Merkmalen, die Suchmaschinen verwenden, um Verbindungen zwischen Websites im selben PBN zu identifizieren. Dazu k\u00f6nnen gemeinsame IP-Adressen, identische WordPress-Themes oder \u00e4hnliche Google Analytics-Einstellungen geh\u00f6ren. Wir vermeiden solche Probleme, indem wir sicherstellen, dass jede Website in unserem PBN eindeutig ist und f\u00fcr Suchmaschinen nat\u00fcrlich aussieht.<\/p>\n<\/div><\/details>\n\n\n\n<details class=\"wp-block-themeisle-blocks-accordion-item\"><summary class=\"wp-block-themeisle-blocks-accordion-item__title\"><div>5. Was sind die Risiken beim Aufbau eines PBN-Netzwerks?<\/div><\/summary><div class=\"wp-block-themeisle-blocks-accordion-item__content\">\n<p>Der Aufbau eines PBN birgt Risiken, einschlie\u00dflich der M\u00f6glichkeit von Sanktionen durch Suchmaschinen, wenn das Netzwerk entdeckt wird. Bei LinkBuilder.com mindern wir diese Risiken, indem wir jede Website im Netzwerk gr\u00fcndlich testen, um ihre positive Auswirkung auf die Suchmaschinenoptimierung zu gew\u00e4hrleisten und m\u00f6gliche Strafen zu minimieren. Unser sorgf\u00e4ltiger Ansatz gew\u00e4hrleistet, dass Ihr Netzwerk sicher und effektiv bleibt.<\/p>\n<\/div><\/details>\n\n\n\n<details class=\"wp-block-themeisle-blocks-accordion-item\"><summary class=\"wp-block-themeisle-blocks-accordion-item__title\"><div>6. K\u00f6nnen Sie Beispiele f\u00fcr PBNs zeigen, die Sie f\u00fcr Kunden erstellt haben?<\/div><\/summary><div class=\"wp-block-themeisle-blocks-accordion-item__content\">\n<p>Aus Gr\u00fcnden des Datenschutzes ver\u00f6ffentlichen wir keine Beispiele f\u00fcr die PBN-Netzwerke unserer Kunden. Das Aufzeigen solcher Netzwerke k\u00f6nnte der Website des Kunden schaden. Wir bieten jedoch volle Transparenz in unserem Prozess, und jedes Netzwerk wird rigorosen Tests unterzogen. Gerne besprechen wir alle Details in einem pers\u00f6nlichen Beratungsgespr\u00e4ch.<\/p>\n<\/div><\/details>\n\n\n\n<details class=\"wp-block-themeisle-blocks-accordion-item\"><summary class=\"wp-block-themeisle-blocks-accordion-item__title\"><div>7. Welche anderen Dienstleistungen bieten Sie an?<\/div><\/summary><div class=\"wp-block-themeisle-blocks-accordion-item__content\">\n<p>Bei linkbuildinggermany.de bieten wir mehr als nur PBN-Erstellung. Wir helfen mit Gastbeitr\u00e4gen, Nischeninserts, Crowd Links, Submissionen, Profil Links und Verzeichnis Links. Wir bieten auch White-Label-Services f\u00fcr Agenturen, die skalieren m\u00f6chten, ohne zus\u00e4tzliche Spezialisten einzustellen. Teilen Sie uns Ihre Bed\u00fcrfnisse mit, und wir k\u00f6nnen eine ma\u00dfgeschneiderte Strategie f\u00fcr Ihr Unternehmen entwickeln.<\/p>\n<\/div><\/details>\n<\/div>\n<\/div>\n<\/div><\/div>\n\n\n\n<p><\/p>\n\n\n\n<section id=\"wp-block-themeisle-blocks-advanced-columns-f57b5bab\" class=\"wp-block-themeisle-blocks-advanced-columns alignfull has-1-columns has-desktop-equal-layout has-tablet-equal-layout has-mobile-equal-layout has-vertical-center has-dark-bg\"><div class=\"wp-block-themeisle-blocks-advanced-columns-overlay\"><\/div><div class=\"innerblocks-wrap\">\n<div id=\"wp-block-themeisle-blocks-advanced-column-319833d7\" class=\"wp-block-themeisle-blocks-advanced-column\">\n<h2 class=\"wp-block-heading has-text-align-center has-base-2-color has-text-color has-huge-font-size\" style=\"font-style:normal;font-weight:700\">Nutzen Sie die Macht privater Blog-Netzwerke, um Ihre Rankings in Deutschland zu verbessern!<\/h2>\n\n\n\n<p class=\"has-text-align-center has-nv-text-dark-bg-color has-text-color\">Entdecken Sie, wie Private Blog Networks Ihr Suchmaschinenranking in Deutschland deutlich verbessern k\u00f6nnen. Kontaktieren Sie uns noch heute, um Ihre individuelle PBN-Strategie f\u00fcr den deutschen Markt zu entwickeln.<\/p>\n\n\n\n<div class=\"wp-block-buttons is-horizontal is-content-justification-center is-layout-flex wp-container-core-buttons-is-layout-499968f5 wp-block-buttons-is-layout-flex\">\n<div class=\"wp-block-button is-style-primary\"><a class=\"wp-block-button__link has-text-color has-background has-link-color wp-element-button\" href=\"https:\/\/linkbuildinggermany.de\/de\/bcd31-kontakt\/\" style=\"border-radius:100px;color:#ffffff;background-color:#49a392\">Beginnen Sie mit dem Aufbau Ihres PBN<\/a><\/div>\n<\/div>\n<\/div>\n<\/div><\/section>","protected":false},"excerpt":{"rendered":"<p>Everything You Need to Know About PBNs in Germany What is a PBN? A Private Blog Network (PBN) is a collection of websites strategically created to boost the search rankings of your main domain. These websites act as amplifiers, passing authority, and improving search rankings, enabling you to surpass your competitors. The key is ensuring&hellip;&nbsp;<a href=\"https:\/\/linkbuildinggermany.de\/de\/pbn-gebaude\/\" rel=\"bookmark\">Weiterlesen \"<span class=\"screen-reader-text\">PBN-Geb\u00e4ude<\/span><\/a><\/p>","protected":false},"author":1,"featured_media":0,"parent":0,"menu_order":0,"comment_status":"closed","ping_status":"closed","template":"","meta":{"neve_meta_sidebar":"","neve_meta_container":"","neve_meta_enable_content_width":"","neve_meta_content_width":0,"neve_meta_title_alignment":"","neve_meta_author_avatar":"","neve_post_elements_order":"","neve_meta_disable_header":"","neve_meta_disable_footer":"","neve_meta_disable_title":"on","_themeisle_gutenberg_block_has_review":false,"footnotes":""},"class_list":["post-1158","page","type-page","status-publish","hentry"],"_links":{"self":[{"href":"https:\/\/linkbuildinggermany.de\/de\/wp-json\/wp\/v2\/pages\/1158","targetHints":{"allow":["GET"]}}],"collection":[{"href":"https:\/\/linkbuildinggermany.de\/de\/wp-json\/wp\/v2\/pages"}],"about":[{"href":"https:\/\/linkbuildinggermany.de\/de\/wp-json\/wp\/v2\/types\/page"}],"author":[{"embeddable":true,"href":"https:\/\/linkbuildinggermany.de\/de\/wp-json\/wp\/v2\/users\/1"}],"replies":[{"embeddable":true,"href":"https:\/\/linkbuildinggermany.de\/de\/wp-json\/wp\/v2\/comments?post=1158"}],"version-history":[{"count":24,"href":"https:\/\/linkbuildinggermany.de\/de\/wp-json\/wp\/v2\/pages\/1158\/revisions"}],"predecessor-version":[{"id":1718,"href":"https:\/\/linkbuildinggermany.de\/de\/wp-json\/wp\/v2\/pages\/1158\/revisions\/1718"}],"wp:attachment":[{"href":"https:\/\/linkbuildinggermany.de\/de\/wp-json\/wp\/v2\/media?parent=1158"}],"curies":[{"name":"wp","href":"https:\/\/api.w.org\/{rel}","templated":true}]}}