{"id":1160,"date":"2025-05-20T12:32:35","date_gmt":"2025-05-20T12:32:35","guid":{"rendered":"https:\/\/linkbuildinggermany.de\/?page_id=1160"},"modified":"2025-06-13T09:40:09","modified_gmt":"2025-06-13T09:40:09","slug":"zu-katalogen-hinzufugen","status":"publish","type":"page","link":"https:\/\/linkbuildinggermany.de\/de\/zu-katalogen-hinzufugen\/","title":{"rendered":"Zu Katalogen hinzuf\u00fcgen"},"content":{"rendered":"<p><\/p>\n\n\n\n<section id=\"wp-block-themeisle-blocks-advanced-columns-6a24f348\" class=\"wp-block-themeisle-blocks-advanced-columns alignfull has-1-columns has-desktop-equal-layout has-tablet-equal-layout has-mobile-equal-layout has-vertical-center has-dark-bg\"><div class=\"wp-block-themeisle-blocks-advanced-columns-overlay\"><\/div><div class=\"innerblocks-wrap\">\n<div id=\"wp-block-themeisle-blocks-advanced-column-4a61d9aa\" class=\"wp-block-themeisle-blocks-advanced-column\">\n<h2 class=\"wp-block-heading alignwide has-text-align-center has-base-2-color has-text-color has-huge-font-size\" style=\"font-style:normal;font-weight:700\">Tragen Sie Ihr Unternehmen in f\u00fchrende Verzeichnisse in Deutschland ein<\/h2>\n\n\n\n<p class=\"has-text-align-center has-nv-text-dark-bg-color has-text-color\">Unser Service zur Eintragung in Branchenverzeichnisse stellt sicher, dass Ihr Unternehmen in den besten und renommiertesten Verzeichnissen in ganz Deutschland aufgef\u00fchrt wird. Dies tr\u00e4gt dazu bei, Ihre Online-Sichtbarkeit zu erh\u00f6hen, den organischen Traffic zu steigern und die Autorit\u00e4t Ihrer Marke auf dem deutschen Markt zu verbessern.<\/p>\n\n\n\n<div class=\"wp-block-buttons is-horizontal is-content-justification-center is-layout-flex wp-container-core-buttons-is-layout-499968f5 wp-block-buttons-is-layout-flex\">\n<div class=\"wp-block-button is-style-primary\"><a class=\"wp-block-button__link has-text-color has-background has-link-color wp-element-button\" href=\"https:\/\/linkbuildinggermany.de\/de\/bcd31-kontakt\/\" style=\"border-radius:100px;color:#ffffff;background-color:#49a392\"><strong>Kontaktieren Sie uns heute<\/strong><\/a><\/div>\n<\/div>\n<\/div>\n<\/div><\/section>\n\n\n\n<section id=\"wp-block-themeisle-blocks-advanced-columns-335a2f03\" class=\"wp-block-themeisle-blocks-advanced-columns alignfull has-1-columns has-desktop-equal-layout has-tablet-equal-layout has-mobile-equal-layout has-vertical-flex-start\"><div class=\"wp-block-themeisle-blocks-advanced-columns-overlay\"><\/div><div class=\"innerblocks-wrap\">\n<div id=\"wp-block-themeisle-blocks-advanced-column-5d90343f\" class=\"wp-block-themeisle-blocks-advanced-column\">\n<section id=\"wp-block-themeisle-blocks-advanced-columns-b2ead1d6\" class=\"wp-block-themeisle-blocks-advanced-columns has-2-columns has-desktop-equal-layout has-tablet-equal-layout has-mobile-collapsedRows-layout has-vertical-center\"><div class=\"wp-block-themeisle-blocks-advanced-columns-overlay\"><\/div><div class=\"innerblocks-wrap\">\n<div id=\"wp-block-themeisle-blocks-advanced-column-7c705a1c\" class=\"wp-block-themeisle-blocks-advanced-column\">\n<div id=\"wp-block-themeisle-blocks-advanced-heading-ea5e7576\" class=\"wp-block-themeisle-blocks-advanced-heading wp-block-themeisle-blocks-advanced-heading-ea5e7576\"><strong><strong>Willkommen bei linkbuildinggermany.de<\/strong><\/strong><\/div>\n\n\n\n<h2 class=\"wp-block-heading\">Die wichtigsten Vorteile einer Branchenbucheintragung in Deutschland<\/h2>\n\n\n\n<p>Premium-Verzeichniseintr\u00e4ge zeigen den Suchmaschinen, dass Ihre Website sowohl glaubw\u00fcrdig als auch wertvoll ist, was letztendlich ihre Sichtbarkeit und ihr Ranking in den Suchergebnissen in Deutschland erh\u00f6ht.<\/p>\n\n\n\n<div class=\"wp-block-buttons is-layout-flex wp-block-buttons-is-layout-flex\">\n<div class=\"wp-block-button is-style-primary\"><a class=\"wp-block-button__link wp-element-button\" href=\"https:\/\/linkbuildinggermany.de\/de\/bcd31-kontakt\/\">Kontaktieren Sie mich<\/a><\/div>\n<\/div>\n<\/div>\n\n\n\n<div id=\"wp-block-themeisle-blocks-advanced-column-5f9a9ec0\" class=\"wp-block-themeisle-blocks-advanced-column\">\n<figure class=\"wp-block-image size-full\"><img loading=\"lazy\" decoding=\"async\" width=\"1024\" height=\"1024\" src=\"https:\/\/linkbuildinggermany.de\/wp-content\/uploads\/2025\/05\/ChatGPT-Image-21-\u043c\u0430\u044f-2025-\u0433.-18_37_40.png\" alt=\"\" class=\"wp-image-1334\" srcset=\"https:\/\/linkbuildinggermany.de\/wp-content\/uploads\/2025\/05\/ChatGPT-Image-21-\u043c\u0430\u044f-2025-\u0433.-18_37_40.png 1024w, https:\/\/linkbuildinggermany.de\/wp-content\/uploads\/2025\/05\/ChatGPT-Image-21-\u043c\u0430\u044f-2025-\u0433.-18_37_40-300x300.png 300w, https:\/\/linkbuildinggermany.de\/wp-content\/uploads\/2025\/05\/ChatGPT-Image-21-\u043c\u0430\u044f-2025-\u0433.-18_37_40-150x150.png 150w, https:\/\/linkbuildinggermany.de\/wp-content\/uploads\/2025\/05\/ChatGPT-Image-21-\u043c\u0430\u044f-2025-\u0433.-18_37_40-768x768.png 768w\" sizes=\"auto, (max-width: 1024px) 100vw, 1024px\" \/><\/figure>\n<\/div>\n<\/div><\/section>\n\n\n\n<section id=\"wp-block-themeisle-blocks-advanced-columns-8e7cc7ae\" class=\"wp-block-themeisle-blocks-advanced-columns has-3-columns has-desktop-equal-layout has-tablet-equal-layout has-mobile-collapsedRows-layout has-vertical-flex-start\"><div class=\"wp-block-themeisle-blocks-advanced-columns-overlay\"><\/div><div class=\"innerblocks-wrap\">\n<div id=\"wp-block-themeisle-blocks-advanced-column-725f10a7\" class=\"wp-block-themeisle-blocks-advanced-column\">\n<h3 class=\"wp-block-heading has-text-align-left\">Verbesserte Online-Sichtbarkeit<\/h3>\n\n\n\n<p class=\"has-text-align-left\">Die Eintragung Ihres Unternehmens in vertrauensw\u00fcrdige Verzeichnisse in ganz Deutschland erh\u00f6ht die Sichtbarkeit Ihrer Website und macht es f\u00fcr potenzielle Kunden einfacher, Sie online zu finden.<\/p>\n<\/div>\n\n\n\n<div id=\"wp-block-themeisle-blocks-advanced-column-3c67f726\" class=\"wp-block-themeisle-blocks-advanced-column\">\n<h3 class=\"wp-block-heading has-text-align-left\">Erh\u00f6hte Glaubw\u00fcrdigkeit und Autorit\u00e4t der Marke<\/h3>\n\n\n\n<p class=\"has-text-align-left\">Die Aufnahme in seri\u00f6se deutsche Verzeichnisse tr\u00e4gt dazu bei, das Vertrauen von Suchmaschinen und Nutzern zu st\u00e4rken und den Ruf und die Autorit\u00e4t Ihrer Marke auf dem Markt zu verbessern.<\/p>\n<\/div>\n\n\n\n<div id=\"wp-block-themeisle-blocks-advanced-column-4956dbc0\" class=\"wp-block-themeisle-blocks-advanced-column\">\n<h3 class=\"wp-block-heading has-text-align-left\">H\u00f6herer Empfehlungsverkehr<\/h3>\n\n\n\n<p class=\"has-text-align-left\">Unternehmensverzeichnisse f\u00fchren zu organischem Verkehr auf Ihrer Website, indem sie Sie mit Kunden in Verbindung bringen, die aktiv nach Produkten oder Dienstleistungen wie den Ihren suchen, und erh\u00f6hen so Ihre Chancen, wertvolle Leads zu gewinnen.<\/p>\n<\/div>\n<\/div><\/section>\n<\/div>\n<\/div><\/section>\n\n\n\n<section id=\"wp-block-themeisle-blocks-advanced-columns-03d78f51\" class=\"wp-block-themeisle-blocks-advanced-columns alignfull has-1-columns has-desktop-equal-layout has-tablet-equal-layout has-mobile-equal-layout has-vertical-flex-start\"><div class=\"wp-block-themeisle-blocks-advanced-columns-overlay\"><\/div><div class=\"innerblocks-wrap\">\n<div id=\"wp-block-themeisle-blocks-advanced-column-f5ef6035\" class=\"wp-block-themeisle-blocks-advanced-column\">\n<section id=\"wp-block-themeisle-blocks-advanced-columns-d40d972d\" class=\"wp-block-themeisle-blocks-advanced-columns has-1-columns has-desktop-equal-layout has-tablet-equal-layout has-mobile-equal-layout has-vertical-flex-start\"><div class=\"wp-block-themeisle-blocks-advanced-columns-overlay\"><\/div><div class=\"innerblocks-wrap\">\n<div id=\"wp-block-themeisle-blocks-advanced-column-b3e970ed\" class=\"wp-block-themeisle-blocks-advanced-column\">\n<h2 class=\"wp-block-heading has-text-align-left has-text-color\" style=\"color:#ffffff\">Wer kann von der manuellen Eintragung in wei\u00dfe Verzeichnisse in Deutschland profitieren?<\/h2>\n\n\n\n<p class=\"has-text-color\" style=\"color:#ffffff\"><strong>Die manuelle Eintragung in vertrauensw\u00fcrdige wei\u00dfe Verzeichnisse in Deutschland bietet erhebliche SEO-Vorteile f\u00fcr Unternehmen, Agenturen und SEO-Spezialisten. Ob Sie gerade erst anfangen oder mehrere Projekte verwalten, unser Expertenteam hilft Ihnen, Ihre Online-Sichtbarkeit und Autorit\u00e4t mit effektiven, manuellen Verzeichnisanmeldungen zu verbessern.<\/strong><\/p>\n\n\n\n<div style=\"height:20px\" aria-hidden=\"true\" class=\"wp-block-spacer\"><\/div>\n<\/div>\n<\/div><\/section>\n\n\n\n<section id=\"wp-block-themeisle-blocks-advanced-columns-5822b2d4\" class=\"wp-block-themeisle-blocks-advanced-columns has-2-columns has-desktop-equal-layout has-tablet-equal-layout has-mobile-collapsedRows-layout has-vertical-flex-start\"><div class=\"wp-block-themeisle-blocks-advanced-columns-overlay\"><\/div><div class=\"innerblocks-wrap\">\n<div id=\"wp-block-themeisle-blocks-advanced-column-0cf7416b\" class=\"wp-block-themeisle-blocks-advanced-column\">\n<h6 id=\"wp-block-themeisle-blocks-advanced-heading-3e37d83f\" class=\"wp-block-themeisle-blocks-advanced-heading wp-block-themeisle-blocks-advanced-heading-3e37d83f\">F\u00dcR UNTERNEHMEN<\/h6>\n\n\n\n<p><\/p>\n\n\n\n<p class=\"has-text-color\" style=\"color:#ffffff\">Unternehmen k\u00f6nnen zwar versuchen, sich auf eigene Faust in Webverzeichnisse in Deutschland einzutragen, doch die Ergebnisse sind oft mangelhaft: Links werden nicht indiziert, Profile verschwinden und SEO-Bem\u00fchungen bleiben unwirksam. Ohne die richtige Expertise kann die Eintragung in Verzeichnisse schnell zu einer zeitraubenden Aufgabe werden, die zu unerf\u00fcllten Erwartungen f\u00fchrt. Was Sie brauchen, sind Erfahrung, die richtigen Werkzeuge und eine st\u00e4ndige \u00dcberwachung, um unwirksame Plattformen in Deutschland herauszufiltern.<\/p>\n\n\n\n<div style=\"height:16px\" aria-hidden=\"true\" class=\"wp-block-spacer\"><\/div>\n<\/div>\n\n\n\n<div id=\"wp-block-themeisle-blocks-advanced-column-5e5524c8\" class=\"wp-block-themeisle-blocks-advanced-column\">\n<h6 id=\"wp-block-themeisle-blocks-advanced-heading-543cec2b\" class=\"wp-block-themeisle-blocks-advanced-heading wp-block-themeisle-blocks-advanced-heading-543cec2b\">F\u00dcR DIGITALE MARKETING-AGENTUREN UND SEO-SPEZIALISTEN<\/h6>\n\n\n\n<p><\/p>\n\n\n\n<p class=\"has-white-color has-text-color\">Sie sind ein SEO-Spezialist, eine Agentur f\u00fcr digitales Marketing oder ein Auftragnehmer, der mehrere Projekte betreut und sich bewusst ist, wie zeitaufw\u00e4ndig die richtige Platzierung in deutschen Verzeichnissen sein kann? Durch eine Partnerschaft mit <strong>linkbuildinggermany.de<\/strong>Sie k\u00f6nnen den gesamten Prozess an unser vertrauensw\u00fcrdiges Team delegieren, was Ihnen Zeit und M\u00fche erspart und gleichzeitig sicherstellt, dass Ihr Unternehmen in den effektivsten Verzeichnissen in Deutschland eingetragen ist.<\/p>\n\n\n\n<div style=\"height:16px\" aria-hidden=\"true\" class=\"wp-block-spacer\"><\/div>\n<\/div>\n<\/div><\/section>\n<\/div>\n<\/div><\/section>\n\n\n\n<section id=\"wp-block-themeisle-blocks-advanced-columns-546fa8db\" class=\"wp-block-themeisle-blocks-advanced-columns alignfull has-1-columns has-desktop-equal-layout has-tablet-equal-layout has-mobile-collapsedRows-layout has-vertical-flex-start has-light-bg\"><div class=\"wp-block-themeisle-blocks-advanced-columns-overlay\"><\/div><div class=\"innerblocks-wrap\">\n<div id=\"wp-block-themeisle-blocks-advanced-column-5b750788\" class=\"wp-block-themeisle-blocks-advanced-column\">\n<h2 class=\"wp-block-heading has-text-align-center has-text-color has-link-color wp-elements-a4b4fd70822af4e3da74e7492f67faf3\" style=\"color:#2e3433\"><strong>Alles, was Sie \u00fcber Branchenverzeichnisse in Deutschland wissen m\u00fcssen<br><\/strong><\/h2>\n\n\n\n<p class=\"has-text-align-left\"><strong>Was sind wei\u00dfe Verzeichnisse?<\/strong><br>Wei\u00dfe Verzeichnisse sind vertrauensw\u00fcrdige, kuratierte Online-Plattformen, auf denen Unternehmen manuell \u00fcberpr\u00fcft werden, bevor sie aufgenommen werden. Im Gegensatz zu automatischen Verzeichnissen, die alle Arten von Websites auflisten k\u00f6nnen, konzentrieren sich wei\u00dfe Verzeichnisse auf Qualit\u00e4t und Relevanz und werden von Suchmaschinen als zuverl\u00e4ssige Quellen anerkannt.<\/p>\n\n\n\n<p>Durch die Eintragung Ihres Unternehmens in diese Verzeichnisse verbessern Sie den Linkwert Ihrer Website, erh\u00f6hen die Sichtbarkeit und schaffen Vertrauen bei den Suchmaschinenalgorithmen. Trotz der Zunahme automatisierter Methoden bleibt der manuelle Prozess der Eintragung von Unternehmen in verifizierte Verzeichnisse ein wichtiger Bestandteil effektiver SEO-Strategien.<\/p>\n\n\n\n<p><strong>Warum sollten sich Unternehmen in Verzeichnisse eintragen, um ihre Online-Pr\u00e4senz in Deutschland zu verbessern?<\/strong><br>Die Eintragung Ihres Unternehmens in seri\u00f6se Verzeichnisse ist f\u00fcr Unternehmen in jeder Phase von Vorteil - egal, ob Sie gerade erst anfangen oder eine etablierte Marke st\u00e4rken wollen. Unternehmensverzeichnisse sind eine sichere und effektive Methode, um Ihre Online-Pr\u00e4senz in Deutschland zu verbessern.<\/p>\n\n\n\n<p>Diese Verzeichnisse helfen beim Aufbau eines organischen Linkprofils durch relevante, hochwertige Websites. Wenn herk\u00f6mmliche Methoden versagen, sind Unternehmensverzeichnisse ein wichtiges SEO-Tool, das Ihren Ruf st\u00e4rkt und Sie vor SEO-Risiken sch\u00fctzt.<\/p>\n\n\n\n<p><strong>Was sollten Sie in Ihr Branchenbuchprofil aufnehmen, um eine maximale Sichtbarkeit zu erreichen?<\/strong><br>Wir sorgen daf\u00fcr, dass sich Ihr Unternehmensprofil von anderen abhebt, indem wir auf die wichtigen Details achten. Dazu geh\u00f6ren der Markenname, die Beschreibung der Gesch\u00e4ftst\u00e4tigkeit, Georeferenzierung und relevante Schl\u00fcsselw\u00f6rter.<\/p>\n\n\n\n<p>Au\u00dferdem f\u00fcgen wir Ihre Kontaktinformationen, Betriebszeiten und Adresse ein, damit potenzielle Kunden Sie leicht erreichen k\u00f6nnen. Ein gut gestaltetes Profil mit Ihrem Logo und ansprechendem Bildmaterial sorgt daf\u00fcr, dass sich Ihr Eintrag von der Konkurrenz abhebt und mehr Aufmerksamkeit erregt.<\/p>\n\n\n\n<p>All diese Elemente sind ausschlie\u00dflich in verifizierten, relevanten Verzeichnissen enthalten und bieten echte SEO-Vorteile und einen Mehrwert f\u00fcr die Nutzer.<\/p>\n\n\n\n<p><strong>Warum sollten Sie LinkBuildingGermany.de f\u00fcr Ihre Branchenbucheintr\u00e4ge w\u00e4hlen?<\/strong><br>Unternehmensverzeichnisse sind eine der effektivsten Methoden, um hochwertige und sichere Backlinks zu erhalten, die die Position Ihrer Website in den Suchmaschinenergebnissen verbessern. Auf <strong>LinkBuildingGermany.de<\/strong>sind wir darauf spezialisiert, die besten Verzeichnisse in Deutschland f\u00fcr Ihr Unternehmen auszuw\u00e4hlen. Unser Team bewertet die Glaubw\u00fcrdigkeit und Relevanz jedes Verzeichnisses und stellt sicher, dass Sie nur wertvolle, effektive Backlinks erhalten.<\/p>\n\n\n\n<p class=\"has-text-color has-link-color wp-elements-e1f5ea6d5a8d8915c73473693680cf99\" style=\"color:#2e3433\">Wir verlassen uns nicht auf automatisierte Prozesse oder Massenver\u00f6ffentlichungen. Jeder Verzeichniseintrag wird manuell bearbeitet, um die Authentizit\u00e4t und Sicherheit Ihrer Links zu gew\u00e4hrleisten. Diese Methode hilft beim Aufbau eines robusten und nachhaltigen Linkprofils, das langfristige, reale Ergebnisse f\u00fcr Ihr Unternehmen liefert.<\/p>\n<\/div>\n<\/div><\/section>\n\n\n\n<p><\/p>\n\n\n\n<p><\/p>\n\n\n\n<section id=\"wp-block-themeisle-blocks-advanced-columns-305bf902\" class=\"wp-block-themeisle-blocks-advanced-columns alignfull has-1-columns has-desktop-equal-layout has-tablet-equal-layout has-mobile-equal-layout has-vertical-center has-dark-bg\"><div class=\"wp-block-themeisle-blocks-advanced-columns-overlay\"><\/div><div class=\"innerblocks-wrap\">\n<div id=\"wp-block-themeisle-blocks-advanced-column-768d6f87\" class=\"wp-block-themeisle-blocks-advanced-column\">\n<h2 class=\"wp-block-heading has-text-align-center has-base-2-color has-text-color has-huge-font-size\" style=\"font-style:normal;font-weight:700\">Steigern Sie noch heute die Sichtbarkeit Ihres Unternehmens in Deutschland<\/h2>\n\n\n\n<p class=\"has-text-align-center has-nv-text-dark-bg-color has-text-color\">Lassen Sie Ihre Website in die wichtigsten Branchenverzeichnisse in Deutschland eintragen und verbessern Sie Ihre Suchmaschinenoptimierung mit hochwertigen Backlinks. Dies wird Ihre Online-Pr\u00e4senz verbessern, mehr relevanten Traffic anziehen und die Autorit\u00e4t Ihrer Marke auf dem deutschen Markt st\u00e4rken.<\/p>\n\n\n\n<div class=\"wp-block-buttons is-horizontal is-content-justification-center is-layout-flex wp-container-core-buttons-is-layout-499968f5 wp-block-buttons-is-layout-flex\">\n<div class=\"wp-block-button is-style-primary\"><a class=\"wp-block-button__link has-text-color has-background has-link-color wp-element-button\" href=\"https:\/\/linkbuildinggermany.de\/de\/bcd31-kontakt\/\" style=\"border-radius:100px;color:#ffffff;background-color:#49a392\">Kontaktieren Sie uns jetzt<\/a><\/div>\n<\/div>\n<\/div>\n<\/div><\/section>","protected":false},"excerpt":{"rendered":"","protected":false},"author":1,"featured_media":0,"parent":0,"menu_order":0,"comment_status":"closed","ping_status":"closed","template":"","meta":{"neve_meta_sidebar":"","neve_meta_container":"","neve_meta_enable_content_width":"","neve_meta_content_width":0,"neve_meta_title_alignment":"","neve_meta_author_avatar":"","neve_post_elements_order":"","neve_meta_disable_header":"","neve_meta_disable_footer":"","neve_meta_disable_title":"on","_themeisle_gutenberg_block_has_review":false,"footnotes":""},"class_list":["post-1160","page","type-page","status-publish","hentry"],"_links":{"self":[{"href":"https:\/\/linkbuildinggermany.de\/de\/wp-json\/wp\/v2\/pages\/1160","targetHints":{"allow":["GET"]}}],"collection":[{"href":"https:\/\/linkbuildinggermany.de\/de\/wp-json\/wp\/v2\/pages"}],"about":[{"href":"https:\/\/linkbuildinggermany.de\/de\/wp-json\/wp\/v2\/types\/page"}],"author":[{"embeddable":true,"href":"https:\/\/linkbuildinggermany.de\/de\/wp-json\/wp\/v2\/users\/1"}],"replies":[{"embeddable":true,"href":"https:\/\/linkbuildinggermany.de\/de\/wp-json\/wp\/v2\/comments?post=1160"}],"version-history":[{"count":17,"href":"https:\/\/linkbuildinggermany.de\/de\/wp-json\/wp\/v2\/pages\/1160\/revisions"}],"predecessor-version":[{"id":1713,"href":"https:\/\/linkbuildinggermany.de\/de\/wp-json\/wp\/v2\/pages\/1160\/revisions\/1713"}],"wp:attachment":[{"href":"https:\/\/linkbuildinggermany.de\/de\/wp-json\/wp\/v2\/media?parent=1160"}],"curies":[{"name":"wp","href":"https:\/\/api.w.org\/{rel}","templated":true}]}}