{"id":1164,"date":"2025-05-20T12:33:47","date_gmt":"2025-05-20T12:33:47","guid":{"rendered":"https:\/\/linkbuildinggermany.de\/?page_id=1164"},"modified":"2025-06-13T09:38:05","modified_gmt":"2025-06-13T09:38:05","slug":"white-label-link-building","status":"publish","type":"page","link":"https:\/\/linkbuildinggermany.de\/de\/white-label-link-building\/","title":{"rendered":"White-Label-Linkaufbau"},"content":{"rendered":"<section id=\"wp-block-themeisle-blocks-advanced-columns-6a24f348\" class=\"wp-block-themeisle-blocks-advanced-columns alignfull has-1-columns has-desktop-equal-layout has-tablet-equal-layout has-mobile-equal-layout has-vertical-center has-dark-bg\"><div class=\"wp-block-themeisle-blocks-advanced-columns-overlay\"><\/div><div class=\"innerblocks-wrap\">\n<div id=\"wp-block-themeisle-blocks-advanced-column-4a61d9aa\" class=\"wp-block-themeisle-blocks-advanced-column\">\n<h2 class=\"wp-block-heading has-text-align-center has-base-2-color has-text-color has-huge-font-size\" style=\"font-style:normal;font-weight:700\">White-Label Link Building Services f\u00fcr Ihr Unternehmen in Deutschland<\/h2>\n\n\n\n<p class=\"has-text-align-center has-nv-text-dark-bg-color has-text-color\">Als f\u00fchrende White-Label-Linkbuilding-Agentur helfen wir Unternehmen, ihre Rankings zu verbessern, ihre Marktpr\u00e4senz zu festigen und einen vertrauensw\u00fcrdigen Ruf bei Kunden und Partnern aufzubauen.<\/p>\n\n\n\n<div class=\"wp-block-buttons is-horizontal is-content-justification-center is-layout-flex wp-container-core-buttons-is-layout-499968f5 wp-block-buttons-is-layout-flex\">\n<div class=\"wp-block-button is-style-primary\"><a class=\"wp-block-button__link has-text-color has-background has-link-color wp-element-button\" href=\"https:\/\/linkbuildinggermany.de\/de\/bcd31-kontakt\/\" style=\"border-radius:100px;color:#ffffff;background-color:#49a392\">Nehmen Sie Kontakt mit uns auf<\/a><\/div>\n<\/div>\n<\/div>\n<\/div><\/section>\n\n\n\n<section id=\"wp-block-themeisle-blocks-advanced-columns-6e7afea9\" class=\"wp-block-themeisle-blocks-advanced-columns alignfull has-1-columns has-desktop-equal-layout has-tablet-equal-layout has-mobile-equal-layout has-vertical-flex-start has-light-bg\"><div class=\"wp-block-themeisle-blocks-advanced-columns-overlay\"><\/div><div class=\"innerblocks-wrap\">\n<div id=\"wp-block-themeisle-blocks-advanced-column-c4b71378\" class=\"wp-block-themeisle-blocks-advanced-column\">\n<section id=\"wp-block-themeisle-blocks-advanced-columns-c9de47f3\" class=\"wp-block-themeisle-blocks-advanced-columns has-2-columns has-desktop-equal-layout has-tablet-equal-layout has-mobile-collapsedRows-layout has-vertical-center\"><div class=\"wp-block-themeisle-blocks-advanced-columns-overlay\"><\/div><div class=\"innerblocks-wrap\">\n<div id=\"wp-block-themeisle-blocks-advanced-column-8efaaa45\" class=\"wp-block-themeisle-blocks-advanced-column\">\n<h4 class=\"wp-block-heading has-text-align-left has-text-color has-link-color wp-elements-17d639781a276382c40ac81bd6589a37\" style=\"color:#080808\">White-Label-Linkaufbau: Liefern Sie Ihren Kunden hochqualitative Backlinks<\/h4>\n\n\n\n<p class=\"has-text-align-left has-text-color has-link-color wp-elements-95a310a5f8d2942852b7816d048a9cbd\" style=\"color:#080808\">Unsere White-Label-Linkbuilding-Services erm\u00f6glichen es Ihrem Unternehmen, erstklassige Backlink-L\u00f6sungen anzubieten, ohne dass Sie in ein zus\u00e4tzliches Team investieren m\u00fcssen. Wir k\u00fcmmern uns um alle Aspekte des Backlink-Erstellungsprozesses und verwenden bew\u00e4hrte Strategien, um konsistente, hochwertige Ergebnisse zu gew\u00e4hrleisten.<\/p>\n\n\n\n<p class=\"has-text-align-left has-text-color has-link-color wp-elements-c3bcd4ee0e05564d3720ff2551b2e0bb\" style=\"color:#080808\">Durch die Zusammenarbeit mit <strong>LinkBuildingGermany.de<\/strong>erhalten Sie Zugang zu effektiven und wertvollen Backlinks, die Ihr Unternehmen st\u00e4rken und die Online-Pr\u00e4senz Ihrer Kunden verbessern werden.<\/p>\n<\/div>\n\n\n\n<div id=\"wp-block-themeisle-blocks-advanced-column-1a3e76e1\" class=\"wp-block-themeisle-blocks-advanced-column\">\n<figure class=\"wp-block-image size-full has-custom-border is-style-default\"><img loading=\"lazy\" decoding=\"async\" width=\"1280\" height=\"853\" src=\"https:\/\/linkbuildinggermany.de\/wp-content\/uploads\/2025\/05\/backlinks-7791392_1280.png\" alt=\"\" class=\"wp-image-1236\" style=\"border-style:none;border-width:0px;border-radius:0px\" srcset=\"https:\/\/linkbuildinggermany.de\/wp-content\/uploads\/2025\/05\/backlinks-7791392_1280.png 1280w, https:\/\/linkbuildinggermany.de\/wp-content\/uploads\/2025\/05\/backlinks-7791392_1280-300x200.png 300w, https:\/\/linkbuildinggermany.de\/wp-content\/uploads\/2025\/05\/backlinks-7791392_1280-1024x682.png 1024w, https:\/\/linkbuildinggermany.de\/wp-content\/uploads\/2025\/05\/backlinks-7791392_1280-768x512.png 768w, https:\/\/linkbuildinggermany.de\/wp-content\/uploads\/2025\/05\/backlinks-7791392_1280-930x620.png 930w\" sizes=\"auto, (max-width: 1280px) 100vw, 1280px\" \/><\/figure>\n<\/div>\n<\/div><\/section>\n\n\n\n<section id=\"wp-block-themeisle-blocks-advanced-columns-7631bb9c\" class=\"wp-block-themeisle-blocks-advanced-columns has-4-columns has-desktop-equal-layout has-tablet-twoColumnGrid-layout has-mobile-twoColumnGrid-layout has-vertical-flex-start\"><div class=\"wp-block-themeisle-blocks-advanced-columns-overlay\"><\/div><div class=\"innerblocks-wrap\">\n<div id=\"wp-block-themeisle-blocks-advanced-column-8f7db40c\" class=\"wp-block-themeisle-blocks-advanced-column\">\n<div style=\"height:16px\" aria-hidden=\"true\" class=\"wp-block-spacer\"><\/div>\n\n\n\n<h4 class=\"wp-block-heading has-text-align-left has-text-color has-link-color wp-elements-19307c7fec9506fa3b39143b7d8891e8\" style=\"color:#080808;margin-top:0px\">Zeit sparen<\/h4>\n\n\n\n<p class=\"has-text-align-left has-text-color has-link-color wp-elements-a0d868573281810a62872e0e9fc190ea\" style=\"color:#080808\">Vergessen Sie den \u00c4rger mit der Einstellung von Spezialisten und der Suche nach Kontakten f\u00fcr den Linkaufbau!<\/p>\n<\/div>\n\n\n\n<div id=\"wp-block-themeisle-blocks-advanced-column-a02e1a90\" class=\"wp-block-themeisle-blocks-advanced-column\">\n<div style=\"height:16px\" aria-hidden=\"true\" class=\"wp-block-spacer\"><\/div>\n\n\n\n<h4 class=\"wp-block-heading has-text-align-left has-text-color has-link-color wp-elements-37fad824d4774ce0e368d084cc057f9c\" style=\"color:#080808;margin-top:0px\">Ma\u00dfgeschneiderte Strategien<\/h4>\n\n\n\n<p class=\"has-text-align-left has-text-color has-link-color wp-elements-b69b870c3b70c28ace16c3eb14667718\" style=\"color:#080808\">Wir entwickeln personalisierte Linkbuilding-Strategien, die auf Ihre spezifischen Bed\u00fcrfnisse abgestimmt sind.<\/p>\n<\/div>\n\n\n\n<div id=\"wp-block-themeisle-blocks-advanced-column-147cb5c2\" class=\"wp-block-themeisle-blocks-advanced-column\">\n<div style=\"height:16px\" aria-hidden=\"true\" class=\"wp-block-spacer\"><\/div>\n\n\n\n<h4 class=\"wp-block-heading has-text-align-left has-text-color has-link-color wp-elements-8acd462bedec26bb36506ece3e43e49b\" style=\"color:#080808;margin-top:0px\">Fachwissen<\/h4>\n\n\n\n<p class=\"has-text-align-left has-text-color has-link-color wp-elements-03c94245d703fc19bb1db74cfe8f8157\" style=\"color:#080808\">Profitieren Sie von hochqualitativen Backlinks, unterst\u00fctzt durch unsere fundierte Erfahrung und unser Wissen.<\/p>\n<\/div>\n\n\n\n<div id=\"wp-block-themeisle-blocks-advanced-column-0b2dc598\" class=\"wp-block-themeisle-blocks-advanced-column\">\n<div style=\"height:16px\" aria-hidden=\"true\" class=\"wp-block-spacer\"><\/div>\n\n\n\n<h4 class=\"wp-block-heading has-text-align-center has-text-color has-link-color wp-elements-b87107fd286fa19bf4bc65c94c573f0a\" style=\"color:#080808;margin-top:0px\">Budgetschonende L\u00f6sungen<\/h4>\n\n\n\n<p class=\"has-text-align-left has-text-color has-link-color wp-elements-c914de03bcbff4fa176bd893b976c0d1\" style=\"color:#080808\">Maximieren Sie Ihr Budget und erhalten Sie gleichzeitig einen erstklassigen Service mit unseren professionellen Linkbuilding-Angeboten.<\/p>\n<\/div>\n<\/div><\/section>\n<\/div>\n<\/div><\/section>\n\n\n\n<section id=\"wp-block-themeisle-blocks-advanced-columns-dab9e0bf\" class=\"wp-block-themeisle-blocks-advanced-columns alignfull has-1-columns has-desktop-equal-layout has-tablet-equal-layout has-mobile-equal-layout has-vertical-flex-start has-light-bg\"><div class=\"wp-block-themeisle-blocks-advanced-columns-overlay\"><\/div><div class=\"innerblocks-wrap\">\n<div id=\"wp-block-themeisle-blocks-advanced-column-9df22226\" class=\"wp-block-themeisle-blocks-advanced-column\">\n<section id=\"wp-block-themeisle-blocks-advanced-columns-b56443a0\" class=\"wp-block-themeisle-blocks-advanced-columns has-2-columns has-desktop-equal-layout has-tablet-equal-layout has-mobile-collapsedRows-layout has-vertical-flex-start\"><div class=\"wp-block-themeisle-blocks-advanced-columns-overlay\"><\/div><div class=\"innerblocks-wrap\">\n<div id=\"wp-block-themeisle-blocks-advanced-column-1bb9ffb4\" class=\"wp-block-themeisle-blocks-advanced-column\">\n<div style=\"height:16px\" aria-hidden=\"true\" class=\"wp-block-spacer\"><\/div>\n\n\n\n<h3 class=\"wp-block-heading has-text-align-center has-text-color has-link-color wp-elements-f93d65234e1fb64ea5952bd34cb9b761\" style=\"color:#080808;margin-top:0px\">Warum die Kunden Ihrer Digitalagentur White-Label Link Building ben\u00f6tigen<\/h3>\n\n\n\n<p class=\"has-text-align-left has-text-color has-link-color wp-elements-561b4cc20e98635eb7f535a66d0cec62\" style=\"color:#080808\">\u2714 <strong>Skalierbare Dienste<\/strong>: Erweitern Sie Ihr Linkbuilding-Angebot durch die Zusammenarbeit mit dem Expertenteam von LinkBuildingGermany.de.<\/p>\n\n\n\n<p>\u2714 <strong>Hochwertige Backlinks<\/strong>: Zugang zu ma\u00dfgeblichen Backlinks, die das Suchmaschinen-Ranking und die Domain-Autorit\u00e4t Ihres Kunden verbessern.<\/p>\n\n\n\n<p>\u2714 <strong>Organischen Traffic und Konversionen steigern<\/strong>: Erh\u00f6hen Sie die Sichtbarkeit in den Suchmaschinen und sorgen Sie f\u00fcr mehr organischen Traffic auf der Website Ihres Kunden, was letztlich zu mehr Konversionen und Verk\u00e4ufen f\u00fchrt.<\/p>\n\n\n\n<p>\u2714 <strong>Verbesserung des Markenrufs<\/strong>: Bieten Sie Ihren Kunden konsistente, hochwertige Linkbuilding-Dienstleistungen, die zum Aufbau eines starken Markenimages beitragen.<\/p>\n\n\n\n<p>\u2714 <strong>Gewinnen Sie einen Wettbewerbsvorteil<\/strong>: Helfen Sie Ihren Kunden, ihre Konkurrenten zu \u00fcbertreffen, indem Sie ihnen hochwertige Backlinks liefern, die ihre SEO-Bem\u00fchungen verbessern.<\/p>\n\n\n\n<p class=\"has-text-align-left has-text-color has-link-color wp-elements-e6218a8df630f253cdc9f117b16e5ce8\" style=\"color:#080808\">\u2714 <strong>Sicherheit und Risikomanagement<\/strong>: Sch\u00fctzen Sie die Website Ihres Kunden, indem Sie sichere und effektive Linkbuilding-Strategien anwenden, die die Risiken minimieren.<\/p>\n<\/div>\n\n\n\n<div id=\"wp-block-themeisle-blocks-advanced-column-e0a218d6\" class=\"wp-block-themeisle-blocks-advanced-column\">\n<div style=\"height:16px\" aria-hidden=\"true\" class=\"wp-block-spacer\"><\/div>\n\n\n\n<h3 class=\"wp-block-heading has-text-align-center has-text-color has-link-color wp-elements-e0e52e52f122d6ee28fb227ae4089df7\" style=\"color:#080808;margin-top:0px\">Wie wir operieren: Ein Schritt-f\u00fcr-Schritt-Ansatz<\/h3>\n\n\n\n<p class=\"has-text-align-left has-text-color has-link-color wp-elements-675b1026d2cedec2c2cced0dc052c326\" style=\"color:#080808\">\u2714 <strong>Anfrage<\/strong>: Beginnen Sie mit der Einreichung Ihrer White-Label-Link Building-Anfrage.<\/p>\n\n\n\n<p>\u2714 <strong>Analyse<\/strong>: Wir analysieren die Website Ihres Kunden und die seiner Konkurrenten gr\u00fcndlich.<\/p>\n\n\n\n<p>\u2714 <strong>Entwicklung einer Strategie<\/strong>: Wir entwickeln eine ma\u00dfgeschneiderte Linkbuilding-Strategie, die auf die individuellen Ziele Ihres Kunden abgestimmt ist.<\/p>\n\n\n\n<p>\u2714 <strong>Auswahl des Standorts<\/strong>: Wir w\u00e4hlen sorgf\u00e4ltig Websites mit hoher Autorit\u00e4t f\u00fcr die Platzierung von Backlinks aus.<\/p>\n\n\n\n<p>\u2714 <strong>Koordinierung<\/strong>: Wir stimmen die Strategie mit Ihrem Kunden ab und sorgen daf\u00fcr, dass seine Ziele erreicht werden.<\/p>\n\n\n\n<p>\u2714 <strong>Link-Platzierung<\/strong>: Wir platzieren qualitativ hochwertige Backlinks auf den ausgew\u00e4hlten ma\u00dfgeblichen Websites.<\/p>\n\n\n\n<p class=\"has-text-align-left has-text-color has-link-color wp-elements-62e58d32b12c4a20ea2a1669ff2bc7b4\" style=\"color:#080808\">\u2714 <strong>Indexierung<\/strong>: Wir sorgen daf\u00fcr, dass die Links von den Suchmaschinen schnell indexiert werden, um optimale SEO-Vorteile zu erzielen.<\/p>\n<\/div>\n<\/div><\/section>\n<\/div>\n<\/div><\/section>\n\n\n\n<section id=\"wp-block-themeisle-blocks-advanced-columns-cb87630d\" class=\"wp-block-themeisle-blocks-advanced-columns alignfull has-1-columns has-desktop-equal-layout has-tablet-equal-layout has-mobile-equal-layout has-vertical-center has-dark-bg\"><div class=\"wp-block-themeisle-blocks-advanced-columns-overlay\"><\/div><div class=\"innerblocks-wrap\">\n<div id=\"wp-block-themeisle-blocks-advanced-column-a521c34e\" class=\"wp-block-themeisle-blocks-advanced-column\">\n<h2 class=\"wp-block-heading has-text-align-center has-text-color\" style=\"color:#ffffff\">Sind Sie bereit, Ihr Link Building auf die n\u00e4chste Stufe zu heben?<\/h2>\n\n\n\n<h6 class=\"wp-block-heading has-text-align-center has-text-color\" style=\"color:#ffffff\">Nutzen Sie noch heute White-Label-Linkbuilding-Services, um Ihren Kunden qualitativ hochwertige Backlinks zu liefern, ohne dass Sie daf\u00fcr einen Aufwand betreiben m\u00fcssen. Kontaktieren Sie uns jetzt, um zu besprechen, wie wir Ihnen helfen k\u00f6nnen, Ihre Linkbuilding-Bem\u00fchungen effizient zu gestalten.<\/h6>\n\n\n\n<div class=\"wp-block-buttons is-content-justification-center is-layout-flex wp-container-core-buttons-is-layout-16018d1d wp-block-buttons-is-layout-flex\">\n<div class=\"wp-block-button is-style-primary\"><a class=\"wp-block-button__link has-text-color has-background has-link-color wp-element-button\" href=\"https:\/\/linkbuildinggermany.de\/de\/bcd31-kontakt\/\" style=\"color:#080808;background-color:#f0a733\">Kontaktieren Sie uns jetzt<\/a><\/div>\n<\/div>\n<\/div>\n<\/div><\/section>","protected":false},"excerpt":{"rendered":"","protected":false},"author":1,"featured_media":0,"parent":0,"menu_order":0,"comment_status":"closed","ping_status":"closed","template":"","meta":{"neve_meta_sidebar":"default","neve_meta_container":"","neve_meta_enable_content_width":"","neve_meta_content_width":0,"neve_meta_title_alignment":"","neve_meta_author_avatar":"","neve_post_elements_order":"","neve_meta_disable_header":"off","neve_meta_disable_footer":"","neve_meta_disable_title":"on","_themeisle_gutenberg_block_has_review":false,"footnotes":""},"class_list":["post-1164","page","type-page","status-publish","hentry"],"_links":{"self":[{"href":"https:\/\/linkbuildinggermany.de\/de\/wp-json\/wp\/v2\/pages\/1164","targetHints":{"allow":["GET"]}}],"collection":[{"href":"https:\/\/linkbuildinggermany.de\/de\/wp-json\/wp\/v2\/pages"}],"about":[{"href":"https:\/\/linkbuildinggermany.de\/de\/wp-json\/wp\/v2\/types\/page"}],"author":[{"embeddable":true,"href":"https:\/\/linkbuildinggermany.de\/de\/wp-json\/wp\/v2\/users\/1"}],"replies":[{"embeddable":true,"href":"https:\/\/linkbuildinggermany.de\/de\/wp-json\/wp\/v2\/comments?post=1164"}],"version-history":[{"count":26,"href":"https:\/\/linkbuildinggermany.de\/de\/wp-json\/wp\/v2\/pages\/1164\/revisions"}],"predecessor-version":[{"id":1708,"href":"https:\/\/linkbuildinggermany.de\/de\/wp-json\/wp\/v2\/pages\/1164\/revisions\/1708"}],"wp:attachment":[{"href":"https:\/\/linkbuildinggermany.de\/de\/wp-json\/wp\/v2\/media?parent=1164"}],"curies":[{"name":"wp","href":"https:\/\/api.w.org\/{rel}","templated":true}]}}