{"id":1166,"date":"2025-05-20T12:34:00","date_gmt":"2025-05-20T12:34:00","guid":{"rendered":"https:\/\/linkbuildinggermany.de\/?page_id=1166"},"modified":"2025-06-13T09:40:52","modified_gmt":"2025-06-13T09:40:52","slug":"kontextbezogene-backlinks","status":"publish","type":"page","link":"https:\/\/linkbuildinggermany.de\/de\/kontextbezogene-backlinks\/","title":{"rendered":"Kontextbezogene Backlinks"},"content":{"rendered":"<section id=\"wp-block-themeisle-blocks-advanced-columns-6a24f348\" class=\"wp-block-themeisle-blocks-advanced-columns alignfull has-1-columns has-desktop-equal-layout has-tablet-equal-layout has-mobile-equal-layout has-vertical-center has-dark-bg\"><div class=\"wp-block-themeisle-blocks-advanced-columns-overlay\"><\/div><div class=\"innerblocks-wrap\">\n<div id=\"wp-block-themeisle-blocks-advanced-column-4a61d9aa\" class=\"wp-block-themeisle-blocks-advanced-column\">\n<h2 class=\"wp-block-heading alignfull has-text-align-center has-base-2-color has-text-color has-huge-font-size\" style=\"font-style:normal;font-weight:700\">Contextual Link Building Dienstleistungen in Deutschland<\/h2>\n\n\n\n<p class=\"has-text-align-center has-nv-text-dark-bg-color has-text-color\">Wir sind darauf spezialisiert, qualitativ hochwertige, kontextbezogene Backlinks zu erstellen, die Ihrem Unternehmen zu mehr Sichtbarkeit in den deutschen Suchmaschinenergebnissen verhelfen. Unsere ma\u00dfgeschneiderte Strategie stellt sicher, dass jeder Link mit Ihren Gesch\u00e4ftszielen und Ihrer Zielgruppe in Deutschland \u00fcbereinstimmt, relevante Besucher anzieht und Ihre SEO-Leistung verbessert.<\/p>\n\n\n\n<div class=\"wp-block-buttons is-horizontal is-content-justification-center is-layout-flex wp-container-core-buttons-is-layout-499968f5 wp-block-buttons-is-layout-flex\">\n<div class=\"wp-block-button is-style-primary\"><a class=\"wp-block-button__link has-text-color has-background has-link-color wp-element-button\" href=\"https:\/\/linkbuildinggermany.de\/de\/bcd31-kontakt\/\" style=\"border-radius:100px;color:#ffffff;background-color:#49a392\">Jetzt kontextuelle Links bestellen<\/a><\/div>\n<\/div>\n<\/div>\n<\/div><\/section>\n\n\n\n<div id=\"wp-block-themeisle-blocks-advanced-columns-01219de1\" class=\"wp-block-themeisle-blocks-advanced-columns alignfull has-2-columns has-desktop-equal-layout has-tablet-equal-layout has-mobile-collapsedRows-layout has-vertical-center has-light-bg\"><div class=\"wp-block-themeisle-blocks-advanced-columns-overlay\"><\/div><div class=\"innerblocks-wrap\">\n<div id=\"wp-block-themeisle-blocks-advanced-column-93eccca7\" class=\"wp-block-themeisle-blocks-advanced-column\">\n<h6 class=\"wp-block-heading has-text-color\" style=\"color:#ee3832\"><strong>Willkommen bei linkbuildinggermany.de<\/strong><\/h6>\n\n\n\n<h3 class=\"wp-block-heading has-text-color has-link-color wp-elements-aaf0e757198ffaa05b10616b5d94ed1f\" style=\"color:#070731;font-size:50px\">Contextual Link Building Dienstleistungen in Deutschland<\/h3>\n\n\n\n<p class=\"has-text-color has-link-color wp-elements-01213b448d27289c6da0a31617b381a8\" style=\"color:#070731\">Unter <strong>LinkBuildingGermany.de<\/strong>Wir haben uns darauf spezialisiert, qualitativ hochwertige kontextbezogene Backlinks zu erstellen, die entscheidend sind, um Ihr Unternehmen in Deutschland voranzubringen. Wir entwickeln personalisierte Strategien und passen jeden Ansatz an die individuellen Bed\u00fcrfnisse und Ziele Ihres Unternehmens an.<\/p>\n\n\n\n<p class=\"has-text-color has-link-color wp-elements-a971e52249d51a3662d4b61c3dd1431e\" style=\"color:#070731\">Unser Expertenteam w\u00e4hlt sorgf\u00e4ltig zuverl\u00e4ssige Ressourcen in Deutschland aus, die mit Ihren Zielen \u00fcbereinstimmen, und stellt sicher, dass jeder Link nahtlos in relevante Inhalte integriert wird. Dies steigert nicht nur Ihr Suchmaschinen-Ranking in Deutschland, sondern auch die Online-Sichtbarkeit und Autorit\u00e4t Ihrer Marke.<\/p>\n<\/div>\n\n\n\n<div id=\"wp-block-themeisle-blocks-advanced-column-3a99d9d3\" class=\"wp-block-themeisle-blocks-advanced-column\">\n<figure class=\"wp-block-image size-full has-custom-border\"><img loading=\"lazy\" decoding=\"async\" width=\"1024\" height=\"1024\" src=\"https:\/\/linkbuildinggermany.de\/wp-content\/uploads\/2025\/05\/ChatGPT-Image-22-\u043c\u0430\u044f-2025-\u0433.-07_14_36.png\" alt=\"\" class=\"wp-image-1350\" style=\"border-style:none;border-width:0px;border-radius:0px\" srcset=\"https:\/\/linkbuildinggermany.de\/wp-content\/uploads\/2025\/05\/ChatGPT-Image-22-\u043c\u0430\u044f-2025-\u0433.-07_14_36.png 1024w, https:\/\/linkbuildinggermany.de\/wp-content\/uploads\/2025\/05\/ChatGPT-Image-22-\u043c\u0430\u044f-2025-\u0433.-07_14_36-300x300.png 300w, https:\/\/linkbuildinggermany.de\/wp-content\/uploads\/2025\/05\/ChatGPT-Image-22-\u043c\u0430\u044f-2025-\u0433.-07_14_36-150x150.png 150w, https:\/\/linkbuildinggermany.de\/wp-content\/uploads\/2025\/05\/ChatGPT-Image-22-\u043c\u0430\u044f-2025-\u0433.-07_14_36-768x768.png 768w\" sizes=\"auto, (max-width: 1024px) 100vw, 1024px\" \/><\/figure>\n<\/div>\n<\/div><\/div>\n\n\n\n<div id=\"wp-block-themeisle-blocks-advanced-columns-9a93df29\" class=\"wp-block-themeisle-blocks-advanced-columns alignfull has-1-columns has-desktop-equal-layout has-tablet-equal-layout has-mobile-collapsedRows-layout has-vertical-unset has-vertical-undefined has-dark-bg\"><div class=\"wp-block-themeisle-blocks-advanced-columns-overlay\"><\/div><div class=\"innerblocks-wrap\">\n<div id=\"wp-block-themeisle-blocks-advanced-column-3897f692\" class=\"wp-block-themeisle-blocks-advanced-column\">\n<h2 class=\"wp-block-heading has-text-align-center\">Warum kontextbezogene Links in Deutschland wichtig sind<\/h2>\n\n\n\n<p>Kontextbezogene Backlinks sind eine der effektivsten SEO-Strategien, da sie auf nat\u00fcrliche Weise in relevante Inhalte eingebettet sind. Diese Links erh\u00f6hen nicht nur die Glaubw\u00fcrdigkeit bei den Suchmaschinen, sondern bieten auch einen Mehrwert f\u00fcr die Nutzer, so dass sich Ihre Website im digitalen Raum von der Konkurrenz abhebt.<\/p>\n\n\n\n<p><strong>Verbesserung des Suchmaschinen-Rankings:<\/strong> Durch den Erwerb von Links von ma\u00dfgeblichen und relevanten deutschen Plattformen gewinnt Ihre Website in den Augen der Suchmaschinen an Vertrauen und verbessert Ihre Platzierung.<\/p>\n\n\n\n<p><strong>Erh\u00f6hung des organischen Verkehrs:<\/strong> Richtig platzierte kontextbezogene Links f\u00fchren zu mehr organischem Verkehr auf Ihrer Website, da sie die Nutzer auf nat\u00fcrliche Weise zu Ihren Inhalten f\u00fchren.<\/p>\n\n\n\n<p><strong>Verbessern Sie die Sichtbarkeit Ihrer Marke:<\/strong> Da diese Links nahtlos in hochwertige Inhalte integriert werden, erh\u00f6hen sie die Sichtbarkeit Ihrer Marke und helfen Ihnen, bei Ihrer Zielgruppe in Deutschland bekannter zu werden.<\/p>\n<\/div>\n<\/div><\/div>\n\n\n\n<p><\/p>\n\n\n\n<h2 class=\"wp-block-heading has-text-align-center has-text-color has-link-color wp-elements-d4095f3c45ecb332705fb0a485655c7a\" style=\"color:#070731;font-size:50px\">Die wichtigsten Vorteile von kontextuellen Backlinks mit LinkBuildingGermany.de:<\/h2>\n\n\n\n<p class=\"has-text-color has-link-color wp-elements-c2492d1ff235773a48eec5ce1be39426\" style=\"color:#070731\">Kontextbezogene Backlinks sind eines der m\u00e4chtigsten SEO-Tools, um die Autorit\u00e4t und Sichtbarkeit Ihrer Website in den deutschen Suchmaschinenergebnissen zu erh\u00f6hen. Bei LinkBuildingGermany.de konzentrieren wir uns auf die Bereitstellung hochwertiger, relevanter Backlinks, die perfekt auf Ihre Gesch\u00e4ftsanforderungen in Deutschland abgestimmt sind. Durch die strategische Platzierung von Links auf renommierten Plattformen auf dem deutschen Markt helfen wir Ihnen, Ihre Online-Pr\u00e4senz zu verbessern, gezielten Traffic zu generieren und Ihre allgemeine SEO-Leistung zu steigern.<\/p>\n\n\n\n<div id=\"wp-block-themeisle-blocks-advanced-columns-046a7f95\" class=\"wp-block-themeisle-blocks-advanced-columns alignfull has-2-columns has-desktop-equal-layout has-tablet-equal-layout has-mobile-collapsedRows-layout has-vertical-unset has-light-bg\"><div class=\"wp-block-themeisle-blocks-advanced-columns-overlay\"><\/div><div class=\"innerblocks-wrap\">\n<div id=\"wp-block-themeisle-blocks-advanced-column-8119e918\" class=\"wp-block-themeisle-blocks-advanced-column has-light-bg\">\n<h3 class=\"wp-block-heading has-text-align-center has-text-color has-link-color wp-elements-a5515a888ed82eb030499d5df1f50899\" style=\"color:#070731;margin-top:0px\">Kundenorientierter Ansatz:<\/h3>\n\n\n\n<p class=\"has-text-color has-link-color wp-elements-7518ef52ca96b75ab297dbbd3813b7be\" style=\"color:#070731\">\"Wir stellen Ihre individuellen Anforderungen in den Vordergrund und stellen sicher, dass wir die effektivsten kontextbezogenen Links f\u00fcr Ihr Unternehmen bereitstellen. Wir bewerten sorgf\u00e4ltig die Websites, auf denen Ihre Links platziert werden, um die h\u00f6chste Qualit\u00e4t zu garantieren.\"<\/p>\n<\/div>\n\n\n\n<div id=\"wp-block-themeisle-blocks-advanced-column-b8e41a6c\" class=\"wp-block-themeisle-blocks-advanced-column has-light-bg\">\n<h3 class=\"wp-block-heading has-text-align-center has-text-color has-link-color wp-elements-42acfb619a8fb6bf07643e2936a48ffe\" style=\"color:#070731;margin-top:0px\">Gro\u00dfe Auswahl an Websites:<\/h3>\n\n\n\n<p class=\"has-text-color has-link-color wp-elements-45c66b9af8b4389c44eff011797cea2a\" style=\"color:#070731\">\"Greifen Sie auf ein breites Netzwerk von Plattformen mit hoher Autorit\u00e4t zu, um Ihre kontextuellen Links zu platzieren und so eine weitreichende Wirkung auf Ihre SEO-Performance zu erzielen.\"<\/p>\n<\/div>\n<\/div><\/div>\n\n\n\n<div id=\"wp-block-themeisle-blocks-advanced-columns-0c2f4789\" class=\"wp-block-themeisle-blocks-advanced-columns alignfull has-2-columns has-desktop-equal-layout has-tablet-equal-layout has-mobile-collapsedRows-layout has-vertical-unset has-light-bg\"><div class=\"wp-block-themeisle-blocks-advanced-columns-overlay\"><\/div><div class=\"innerblocks-wrap\">\n<div id=\"wp-block-themeisle-blocks-advanced-column-1b02d4eb\" class=\"wp-block-themeisle-blocks-advanced-column has-light-bg\">\n<h3 class=\"wp-block-heading has-text-align-center has-text-color has-link-color wp-elements-e0d78361a1f70d631a8a112fb2475b87\" style=\"color:#070731;margin-top:0px\">Nahtlose Integration in relevante Inhalte:<\/h3>\n\n\n\n<p class=\"has-text-color has-link-color wp-elements-f276a11af95b9c35912668d8cfa327cc\" style=\"color:#070731\">\"Kontextbezogene Links funktionieren am besten, wenn sie in relevante und ansprechende Inhalte eingebettet sind. Wir sorgen daf\u00fcr, dass jeder Link auf nat\u00fcrliche Weise integriert ist, den Inhalt erg\u00e4nzt und Ihrer Zielgruppe einen Mehrwert bietet.\"<\/p>\n<\/div>\n\n\n\n<div id=\"wp-block-themeisle-blocks-advanced-column-ba27dbe5\" class=\"wp-block-themeisle-blocks-advanced-column has-light-bg\">\n<h3 class=\"wp-block-heading has-text-align-center has-text-color has-link-color wp-elements-0c406911e11665304e36858742b0fd0c\" style=\"color:#070731;margin-top:0px\">Platzierung auf etablierten Seiten:<\/h3>\n\n\n\n<p class=\"has-text-color has-link-color wp-elements-b58cf1ad39b1309fd7d9dd0fb164a6a8\" style=\"color:#070731\">\"Wir platzieren Ihre Links auf qualitativ hochwertigen, gut etablierten Seiten mit einem bew\u00e4hrten Linkprofil, so dass Ihre Website die besten Chancen hat, in den Suchmaschinen-Rankings aufzusteigen.<\/p>\n<\/div>\n<\/div><\/div>\n\n\n\n<section id=\"wp-block-themeisle-blocks-advanced-columns-6013fee3\" class=\"wp-block-themeisle-blocks-advanced-columns alignfull has-4-columns has-desktop-equal-layout has-tablet-equal-layout has-mobile-collapsedRows-layout has-vertical-flex-start has-light-bg\"><div class=\"wp-block-themeisle-blocks-advanced-columns-overlay\"><\/div><div class=\"innerblocks-wrap\">\n<div id=\"wp-block-themeisle-blocks-advanced-column-1a42e736\" class=\"wp-block-themeisle-blocks-advanced-column\"><div class=\"wp-block-image\">\n<figure class=\"aligncenter size-full is-resized\"><img loading=\"lazy\" decoding=\"async\" width=\"1024\" height=\"1024\" src=\"https:\/\/linkbuildinggermany.de\/wp-content\/uploads\/2025\/05\/ChatGPT-Image-22-\u043c\u0430\u044f-2025-\u0433.-07_41_58.png\" alt=\"\" class=\"wp-image-1361\" style=\"width:80px;height:80px\" srcset=\"https:\/\/linkbuildinggermany.de\/wp-content\/uploads\/2025\/05\/ChatGPT-Image-22-\u043c\u0430\u044f-2025-\u0433.-07_41_58.png 1024w, https:\/\/linkbuildinggermany.de\/wp-content\/uploads\/2025\/05\/ChatGPT-Image-22-\u043c\u0430\u044f-2025-\u0433.-07_41_58-300x300.png 300w, https:\/\/linkbuildinggermany.de\/wp-content\/uploads\/2025\/05\/ChatGPT-Image-22-\u043c\u0430\u044f-2025-\u0433.-07_41_58-150x150.png 150w, https:\/\/linkbuildinggermany.de\/wp-content\/uploads\/2025\/05\/ChatGPT-Image-22-\u043c\u0430\u044f-2025-\u0433.-07_41_58-768x768.png 768w\" sizes=\"auto, (max-width: 1024px) 100vw, 1024px\" \/><\/figure><\/div>\n\n\n<div style=\"height:16px\" aria-hidden=\"true\" class=\"wp-block-spacer\"><\/div>\n\n\n\n<div id=\"wp-block-themeisle-blocks-advanced-heading-8197007c\" class=\"wp-block-themeisle-blocks-advanced-heading wp-block-themeisle-blocks-advanced-heading-8197007c\"><strong>Datenbank f\u00fcr hochrangige Ressourcen<\/strong><\/div>\n\n\n\n<p class=\"has-text-align-center has-text-color has-link-color wp-elements-4114952bf4ae468b395a5e77a1c442b1\" style=\"color:#2e3433\">Erhalten Sie Zugang zu einer umfassenden Liste verifizierter Plattformen mit hoher Autorit\u00e4t auf dem deutschen Markt, um sicherzustellen, dass Ihre Links die richtige Zielgruppe erreichen und optimale Ergebnisse liefern.<\/p>\n<\/div>\n\n\n\n<div id=\"wp-block-themeisle-blocks-advanced-column-ea6d1956\" class=\"wp-block-themeisle-blocks-advanced-column\"><div class=\"wp-block-image\">\n<figure class=\"aligncenter size-full is-resized\"><img loading=\"lazy\" decoding=\"async\" width=\"1024\" height=\"1024\" src=\"https:\/\/linkbuildinggermany.de\/wp-content\/uploads\/2025\/05\/ChatGPT-Image-22-\u043c\u0430\u044f-2025-\u0433.-07_42_19.png\" alt=\"\" class=\"wp-image-1362\" style=\"width:80px;height:80px\" srcset=\"https:\/\/linkbuildinggermany.de\/wp-content\/uploads\/2025\/05\/ChatGPT-Image-22-\u043c\u0430\u044f-2025-\u0433.-07_42_19.png 1024w, https:\/\/linkbuildinggermany.de\/wp-content\/uploads\/2025\/05\/ChatGPT-Image-22-\u043c\u0430\u044f-2025-\u0433.-07_42_19-300x300.png 300w, https:\/\/linkbuildinggermany.de\/wp-content\/uploads\/2025\/05\/ChatGPT-Image-22-\u043c\u0430\u044f-2025-\u0433.-07_42_19-150x150.png 150w, https:\/\/linkbuildinggermany.de\/wp-content\/uploads\/2025\/05\/ChatGPT-Image-22-\u043c\u0430\u044f-2025-\u0433.-07_42_19-768x768.png 768w\" sizes=\"auto, (max-width: 1024px) 100vw, 1024px\" \/><\/figure><\/div>\n\n\n<div style=\"height:16px\" aria-hidden=\"true\" class=\"wp-block-spacer\"><\/div>\n\n\n\n<div id=\"wp-block-themeisle-blocks-advanced-heading-c9f4aea0\" class=\"wp-block-themeisle-blocks-advanced-heading wp-block-themeisle-blocks-advanced-heading-c9f4aea0\"><strong>Relevanz<\/strong><\/div>\n\n\n\n<p class=\"has-text-align-center has-text-color has-link-color wp-elements-c77f15a6356ca66a8c25cc3126ccc5cb\" style=\"color:#2e3433\">Jeder kontextbezogene Link wird strategisch in Inhalten platziert, die auf Ihre Nische und Ihr Zielpublikum in Deutschland ausgerichtet sind, um seine Wirksamkeit zu maximieren.<\/p>\n<\/div>\n\n\n\n<div id=\"wp-block-themeisle-blocks-advanced-column-6591118f\" class=\"wp-block-themeisle-blocks-advanced-column\"><div class=\"wp-block-image\">\n<figure class=\"aligncenter size-full is-resized\"><img loading=\"lazy\" decoding=\"async\" width=\"572\" height=\"574\" src=\"https:\/\/linkbuildinggermany.de\/wp-content\/uploads\/2025\/05\/Screenshot_2.png\" alt=\"\" class=\"wp-image-1363\" style=\"width:80px;height:80px\" srcset=\"https:\/\/linkbuildinggermany.de\/wp-content\/uploads\/2025\/05\/Screenshot_2.png 572w, https:\/\/linkbuildinggermany.de\/wp-content\/uploads\/2025\/05\/Screenshot_2-300x300.png 300w, https:\/\/linkbuildinggermany.de\/wp-content\/uploads\/2025\/05\/Screenshot_2-150x150.png 150w\" sizes=\"auto, (max-width: 572px) 100vw, 572px\" \/><\/figure><\/div>\n\n\n<div style=\"height:16px\" aria-hidden=\"true\" class=\"wp-block-spacer\"><\/div>\n\n\n\n<div id=\"wp-block-themeisle-blocks-advanced-heading-76454fc8\" class=\"wp-block-themeisle-blocks-advanced-heading wp-block-themeisle-blocks-advanced-heading-76454fc8\"><strong>Optimierung der Verankerung<\/strong><\/div>\n\n\n\n<p class=\"has-text-align-center has-text-color has-link-color wp-elements-88d83e8e703d27d90b8e47d58a287eba\" style=\"color:#2e3433\">Wir w\u00e4hlen den am besten geeigneten Ankertext f\u00fcr jeden kontextuellen Link aus, um Ihr SEO zu verbessern und Ihre Platzierung in den deutschen Suchmaschinenergebnissen zu erh\u00f6hen.<\/p>\n<\/div>\n\n\n\n<div id=\"wp-block-themeisle-blocks-advanced-column-6ef92694\" class=\"wp-block-themeisle-blocks-advanced-column\"><div class=\"wp-block-image\">\n<figure class=\"aligncenter size-full is-resized\"><img loading=\"lazy\" decoding=\"async\" width=\"570\" height=\"569\" src=\"https:\/\/linkbuildinggermany.de\/wp-content\/uploads\/2025\/05\/Screenshot_3.png\" alt=\"\" class=\"wp-image-1364\" style=\"width:80px;height:80px\" srcset=\"https:\/\/linkbuildinggermany.de\/wp-content\/uploads\/2025\/05\/Screenshot_3.png 570w, https:\/\/linkbuildinggermany.de\/wp-content\/uploads\/2025\/05\/Screenshot_3-300x300.png 300w, https:\/\/linkbuildinggermany.de\/wp-content\/uploads\/2025\/05\/Screenshot_3-150x150.png 150w\" sizes=\"auto, (max-width: 570px) 100vw, 570px\" \/><\/figure><\/div>\n\n\n<div style=\"height:16px\" aria-hidden=\"true\" class=\"wp-block-spacer\"><\/div>\n\n\n\n<div id=\"wp-block-themeisle-blocks-advanced-heading-a3409bd0\" class=\"wp-block-themeisle-blocks-advanced-heading wp-block-themeisle-blocks-advanced-heading-a3409bd0\"><strong>Koordinierung<\/strong><\/div>\n\n\n\n<p class=\"has-text-align-center has-text-color has-link-color wp-elements-9d22bc38f0b449145dfbb154a3c4b4e3\" style=\"color:#2e3433\">Wir glauben an Transparenz. Wir zeigen Ihnen in der Vorschau, wo und wie Ihr Link platziert wird. So k\u00f6nnen Sie die Platzierung genehmigen und sicherstellen, dass sie mit den Zielen Ihrer Marke \u00fcbereinstimmt.<\/p>\n<\/div>\n<\/div><\/section>\n\n\n\n<p><\/p>\n\n\n\n<section id=\"wp-block-themeisle-blocks-advanced-columns-97750152\" class=\"wp-block-themeisle-blocks-advanced-columns alignfull has-1-columns has-desktop-equal-layout has-tablet-equal-layout has-mobile-equal-layout has-vertical-center has-dark-bg\"><div class=\"wp-block-themeisle-blocks-advanced-columns-overlay\"><\/div><div class=\"innerblocks-wrap\">\n<div id=\"wp-block-themeisle-blocks-advanced-column-71ef1beb\" class=\"wp-block-themeisle-blocks-advanced-column\">\n<h2 class=\"wp-block-heading has-text-align-center has-base-2-color has-text-color has-huge-font-size\" style=\"font-style:normal;font-weight:700\">F\u00f6rdern Sie Ihre Marke mit kontextuellen Links in Deutschland<\/h2>\n\n\n\n<p class=\"has-text-align-center has-nv-text-dark-bg-color has-text-color\">Heben Sie Ihre Marke mit hochwertigen kontextbezogenen Links hervor, die speziell auf den deutschen Markt zugeschnitten sind. Wir von LinkBuildingGermany.de sind darauf spezialisiert, strategische Backlinks zu erstellen, die die Sichtbarkeit Ihrer Marke erh\u00f6hen, die Suchmaschinenoptimierung verbessern und den organischen Traffic aus Deutschland steigern. Unser ma\u00dfgeschneiderter Linkbuilding-Ansatz stellt sicher, dass jeder Link mit Ihren Gesch\u00e4ftszielen \u00fcbereinstimmt und bei Ihrer Zielgruppe in Deutschland Anklang findet.<\/p>\n\n\n\n<div class=\"wp-block-buttons is-horizontal is-content-justification-center is-layout-flex wp-container-core-buttons-is-layout-499968f5 wp-block-buttons-is-layout-flex\">\n<div class=\"wp-block-button is-style-primary\"><a class=\"wp-block-button__link has-text-color has-background has-link-color wp-element-button\" href=\"https:\/\/linkbuildinggermany.de\/de\/bcd31-kontakt\/\" style=\"border-radius:100px;color:#ffffff;background-color:#49a392\">Lassen Sie uns \u00fcber kontextbezogene Links sprechen<\/a><\/div>\n<\/div>\n<\/div>\n<\/div><\/section>","protected":false},"excerpt":{"rendered":"<p>Key Benefits of Contextual Backlinks with LinkBuildingGermany.de: Contextual backlinks are one of the most powerful SEO tools for boosting your website\u2019s authority and visibility in German search engine results. At LinkBuildingGermany.de, we focus on providing high-quality, relevant backlinks that align perfectly with your business needs in Germany. By strategically placing links on reputable platforms within&hellip;&nbsp;<a href=\"https:\/\/linkbuildinggermany.de\/de\/kontextbezogene-backlinks\/\" rel=\"bookmark\">Weiterlesen \"<span class=\"screen-reader-text\">Kontextbezogene Backlinks<\/span><\/a><\/p>","protected":false},"author":1,"featured_media":0,"parent":0,"menu_order":0,"comment_status":"closed","ping_status":"closed","template":"","meta":{"neve_meta_sidebar":"","neve_meta_container":"","neve_meta_enable_content_width":"","neve_meta_content_width":0,"neve_meta_title_alignment":"","neve_meta_author_avatar":"","neve_post_elements_order":"","neve_meta_disable_header":"","neve_meta_disable_footer":"","neve_meta_disable_title":"on","_themeisle_gutenberg_block_has_review":false,"footnotes":""},"class_list":["post-1166","page","type-page","status-publish","hentry"],"_links":{"self":[{"href":"https:\/\/linkbuildinggermany.de\/de\/wp-json\/wp\/v2\/pages\/1166","targetHints":{"allow":["GET"]}}],"collection":[{"href":"https:\/\/linkbuildinggermany.de\/de\/wp-json\/wp\/v2\/pages"}],"about":[{"href":"https:\/\/linkbuildinggermany.de\/de\/wp-json\/wp\/v2\/types\/page"}],"author":[{"embeddable":true,"href":"https:\/\/linkbuildinggermany.de\/de\/wp-json\/wp\/v2\/users\/1"}],"replies":[{"embeddable":true,"href":"https:\/\/linkbuildinggermany.de\/de\/wp-json\/wp\/v2\/comments?post=1166"}],"version-history":[{"count":19,"href":"https:\/\/linkbuildinggermany.de\/de\/wp-json\/wp\/v2\/pages\/1166\/revisions"}],"predecessor-version":[{"id":1714,"href":"https:\/\/linkbuildinggermany.de\/de\/wp-json\/wp\/v2\/pages\/1166\/revisions\/1714"}],"wp:attachment":[{"href":"https:\/\/linkbuildinggermany.de\/de\/wp-json\/wp\/v2\/media?parent=1166"}],"curies":[{"name":"wp","href":"https:\/\/api.w.org\/{rel}","templated":true}]}}