{"id":1170,"date":"2025-05-20T12:34:42","date_gmt":"2025-05-20T12:34:42","guid":{"rendered":"https:\/\/linkbuildinggermany.de\/?page_id=1170"},"modified":"2025-06-13T09:42:23","modified_gmt":"2025-06-13T09:42:23","slug":"gastbeitrag","status":"publish","type":"page","link":"https:\/\/linkbuildinggermany.de\/de\/gastbeitrag\/","title":{"rendered":"Gastbeitr\u00e4ge"},"content":{"rendered":"<p><\/p>\n\n\n\n<section id=\"wp-block-themeisle-blocks-advanced-columns-6a24f348\" class=\"wp-block-themeisle-blocks-advanced-columns alignfull has-1-columns has-desktop-equal-layout has-tablet-equal-layout has-mobile-equal-layout has-vertical-center has-dark-bg\"><div class=\"wp-block-themeisle-blocks-advanced-columns-overlay\"><\/div><div class=\"innerblocks-wrap\">\n<div id=\"wp-block-themeisle-blocks-advanced-column-4a61d9aa\" class=\"wp-block-themeisle-blocks-advanced-column\">\n<h2 class=\"wp-block-heading has-text-align-center has-base-2-color has-text-color has-huge-font-size\" style=\"font-style:normal;font-weight:700\">EU-Gastgeberservice &amp; Blogger Outreach Agentur in Deutschland<\/h2>\n\n\n\n<p class=\"has-text-align-center has-nv-text-dark-bg-color has-text-color\">LinkBuildingGermany.de ist Ihr zuverl\u00e4ssiger Partner in Deutschland, der sich daf\u00fcr einsetzt, das volle Potenzial Ihres Unternehmens zu erschlie\u00dfen. Unsere fachkundigen Dienstleistungen im Bereich Gastbeitr\u00e4ge und Blogger Outreach sind darauf ausgerichtet, gezielten Traffic zu generieren, Ihr Suchmaschinenranking zu verbessern und die Sichtbarkeit Ihrer Marke auf dem deutschen Markt zu erh\u00f6hen. Lassen Sie uns Ihnen helfen, in der wettbewerbsintensiven Online-Landschaft zu wachsen und erfolgreich zu sein.<\/p>\n\n\n\n<div class=\"wp-block-buttons is-horizontal is-content-justification-center is-layout-flex wp-container-core-buttons-is-layout-499968f5 wp-block-buttons-is-layout-flex\">\n<div class=\"wp-block-button is-style-primary\"><a class=\"wp-block-button__link has-text-color has-background has-link-color wp-element-button\" href=\"https:\/\/linkbuildinggermany.de\/de\/bcd31-kontakt\/\" style=\"border-radius:100px;color:#ffffff;background-color:#49a392\">Jetzt Kontakt aufnehmen<\/a><\/div>\n<\/div>\n<\/div>\n<\/div><\/section>\n\n\n\n<section id=\"wp-block-themeisle-blocks-advanced-columns-ccfdd483\" class=\"wp-block-themeisle-blocks-advanced-columns alignfull has-2-columns has-desktop-equal-layout has-tablet-equal-layout has-mobile-collapsedRows-layout has-vertical-center has-light-bg\"><div class=\"wp-block-themeisle-blocks-advanced-columns-overlay\"><\/div><div class=\"innerblocks-wrap\">\n<div id=\"wp-block-themeisle-blocks-advanced-column-5e80d468\" class=\"wp-block-themeisle-blocks-advanced-column\">\n<h2 class=\"wp-block-heading has-text-align-left has-text-color has-link-color wp-elements-b318cda37ee075e1f6616ee4ea049641\" style=\"color:#080808;margin-top:25px;font-size:50px;line-height:1.2\"><strong><strong>Dominieren Sie die SEO-Szene mit der #1 Guest Posting Agentur in Deutschland!<\/strong><\/strong><\/h2>\n\n\n\n<p class=\"has-text-align-left has-text-color has-link-color wp-elements-fc11a6c4318ba124a873bdd9b2650bd1\" style=\"color:#080808\">W\u00e4hrend viele Agenturen Gastbeitr\u00e4ge und Outreach-Services anbieten, die sich auf die Akquisition von Backlinks konzentrieren, wissen wir von LinkBuildingGermany.de, dass Outreach viel mehr Potenzial birgt. Als professionelle Linkbuilding-Agentur setzen wir auf einen ganzheitlichen Ansatz, um Ihre Online-Pr\u00e4senz zu verbessern.<\/p>\n\n\n\n<p class=\"has-text-align-left has-text-color has-link-color wp-elements-d59ff63d0390d3eb053ee92c17d6e906\" style=\"color:#080808\">Wir sorgen nicht nur f\u00fcr aussagekr\u00e4ftige Backlinks, sondern erstellen auch wirkungsvolle Inhalte, die den Ruf Ihrer Marke als Branchenf\u00fchrer st\u00e4rken. Diese Strategie zieht loyale Kunden an, schafft Vertrauen bei Partnern und erh\u00f6ht Ihre Glaubw\u00fcrdigkeit auf dem wettbewerbsintensiven digitalen Markt. <strong><strong>in Deutschland<\/strong><\/strong>.<\/p>\n<\/div>\n\n\n\n<div id=\"wp-block-themeisle-blocks-advanced-column-db653346\" class=\"wp-block-themeisle-blocks-advanced-column\">\n<figure class=\"wp-block-image size-full has-custom-border\"><img loading=\"lazy\" decoding=\"async\" width=\"1024\" height=\"1024\" src=\"https:\/\/linkbuildinggermany.de\/wp-content\/uploads\/2025\/05\/ChatGPT-Image-22-\u043c\u0430\u044f-2025-\u0433.-23_13_20.png\" alt=\"\" class=\"wp-image-1397\" style=\"border-radius:0px\" srcset=\"https:\/\/linkbuildinggermany.de\/wp-content\/uploads\/2025\/05\/ChatGPT-Image-22-\u043c\u0430\u044f-2025-\u0433.-23_13_20.png 1024w, https:\/\/linkbuildinggermany.de\/wp-content\/uploads\/2025\/05\/ChatGPT-Image-22-\u043c\u0430\u044f-2025-\u0433.-23_13_20-300x300.png 300w, https:\/\/linkbuildinggermany.de\/wp-content\/uploads\/2025\/05\/ChatGPT-Image-22-\u043c\u0430\u044f-2025-\u0433.-23_13_20-150x150.png 150w, https:\/\/linkbuildinggermany.de\/wp-content\/uploads\/2025\/05\/ChatGPT-Image-22-\u043c\u0430\u044f-2025-\u0433.-23_13_20-768x768.png 768w\" sizes=\"auto, (max-width: 1024px) 100vw, 1024px\" \/><\/figure>\n<\/div>\n<\/div><\/section>\n\n\n\n<section id=\"services\" class=\"wp-block-themeisle-blocks-advanced-columns alignfull has-1-columns has-desktop-equal-layout has-tablet-equal-layout has-mobile-equal-layout has-vertical-flex-start has-dark-bg\"><div class=\"wp-block-themeisle-blocks-advanced-columns-overlay\"><\/div><div class=\"innerblocks-wrap\">\n<div id=\"wp-block-themeisle-blocks-advanced-column-9642dc3f\" class=\"wp-block-themeisle-blocks-advanced-column\">\n<section id=\"wp-block-themeisle-blocks-advanced-columns-62d68e08\" class=\"wp-block-themeisle-blocks-advanced-columns has-1-columns has-desktop-equal-layout has-tablet-equal-layout has-mobile-equal-layout has-vertical-flex-start\"><div class=\"wp-block-themeisle-blocks-advanced-columns-overlay\"><\/div><div class=\"innerblocks-wrap\">\n<div id=\"wp-block-themeisle-blocks-advanced-column-ba020b38\" class=\"wp-block-themeisle-blocks-advanced-column\">\n<h2 class=\"wp-block-heading has-text-align-center has-white-color has-text-color\">Warum Ihre Marke Gastbeitr\u00e4ge in Deutschland braucht<\/h2>\n\n\n\n<p class=\"has-text-align-center has-white-color has-text-color\">Gastbeitr\u00e4ge sind eine wichtige Strategie, um die Pr\u00e4senz Ihrer Marke in Deutschland auszubauen. Durch die Ver\u00f6ffentlichung von Inhalten auf etablierten Websites in Ihrer Branche erhalten Sie Zugang zu neuen, engagierten Zielgruppen. Gastbeitr\u00e4ge generieren nicht nur wertvolle Backlinks, sondern verbessern auch Ihr SEO, Ihre Sichtbarkeit und Ihren Ruf als Branchenf\u00fchrer.<\/p>\n<\/div>\n<\/div><\/section>\n\n\n\n<section id=\"wp-block-themeisle-blocks-advanced-columns-c568fbc0\" class=\"wp-block-themeisle-blocks-advanced-columns has-3-columns has-desktop-equal-layout has-tablet-equal-layout has-mobile-collapsedRows-layout has-vertical-flex-start\"><div class=\"wp-block-themeisle-blocks-advanced-columns-overlay\"><\/div><div class=\"innerblocks-wrap\">\n<div id=\"wp-block-themeisle-blocks-advanced-column-645429cb\" class=\"wp-block-themeisle-blocks-advanced-column\">\n<h3 id=\"wp-block-themeisle-blocks-advanced-heading-21fcd68f\" class=\"wp-block-themeisle-blocks-advanced-heading wp-block-themeisle-blocks-advanced-heading-21fcd68f\">Nischenbeh\u00f6rde<\/h3>\n\n\n\n<p class=\"has-text-align-left has-white-color has-text-color\">In Deutschland bedeutet effektives Gastposting, dass Sie Inhalte auf ma\u00dfgeblichen Websites in Ihrer Nische ver\u00f6ffentlichen. Dies st\u00e4rkt die Autorit\u00e4t Ihrer Website und signalisiert den Suchmaschinen, dass Ihre Website eine glaubw\u00fcrdige Quelle ist, was zu besseren Suchergebnissen f\u00fcr relevante Keywords f\u00fchrt.<\/p>\n<\/div>\n\n\n\n<div id=\"wp-block-themeisle-blocks-advanced-column-46197171\" class=\"wp-block-themeisle-blocks-advanced-column\">\n<h3 id=\"wp-block-themeisle-blocks-advanced-heading-2ec6c5e2\" class=\"wp-block-themeisle-blocks-advanced-heading wp-block-themeisle-blocks-advanced-heading-2ec6c5e2\">Aufbau von Netzwerken und Partnerschaften<\/h3>\n\n\n\n<p class=\"has-text-align-left has-white-color has-text-color\">Gastbeitr\u00e4ge f\u00f6rdern Beziehungen, die f\u00fcr beide Seiten von Vorteil sind: W\u00e4hrend Ihre Marke an Bekanntheit gewinnt, erhalten Ihre Partner hochwertige Inhalte, die ihre Glaubw\u00fcrdigkeit steigern. Diese Zusammenarbeit st\u00e4rkt Ihr Netzwerk und tr\u00e4gt zum Aufbau langfristiger Partnerschaften bei, die zu mehr Wachstumschancen in Deutschland f\u00fchren k\u00f6nnen.<\/p>\n<\/div>\n\n\n\n<div id=\"wp-block-themeisle-blocks-advanced-column-7465c66f\" class=\"wp-block-themeisle-blocks-advanced-column\">\n<h3 id=\"wp-block-themeisle-blocks-advanced-heading-24bf7e06\" class=\"wp-block-themeisle-blocks-advanced-heading wp-block-themeisle-blocks-advanced-heading-24bf7e06\">Verkehr von vertrauensw\u00fcrdigen Websites<\/h3>\n\n\n\n<p class=\"has-text-align-left has-white-color has-text-color\">Die Verbraucher vertrauen Marken, die von Websites unterst\u00fctzt werden, denen sie bereits folgen. Gastbeitr\u00e4ge auf seri\u00f6sen, nischenrelevanten Websites in Deutschland tragen dazu bei, Ihre Marke einem engagierten Publikum vorzustellen. Durch die sorgf\u00e4ltige Auswahl von Partnerseiten, die mit Ihrer Zielgruppe \u00fcbereinstimmen, maximieren Sie das Potenzial f\u00fcr hochwertigen, organischen Traffic.<\/p>\n<\/div>\n<\/div><\/section>\n\n\n\n<section id=\"wp-block-themeisle-blocks-advanced-columns-b9b0609a\" class=\"wp-block-themeisle-blocks-advanced-columns has-3-columns has-desktop-equal-layout has-tablet-equal-layout has-mobile-collapsedRows-layout has-vertical-flex-start\"><div class=\"wp-block-themeisle-blocks-advanced-columns-overlay\"><\/div><div class=\"innerblocks-wrap\">\n<div id=\"wp-block-themeisle-blocks-advanced-column-1bb8111a\" class=\"wp-block-themeisle-blocks-advanced-column\">\n<h3 id=\"wp-block-themeisle-blocks-advanced-heading-60291257\" class=\"wp-block-themeisle-blocks-advanced-heading wp-block-themeisle-blocks-advanced-heading-60291257\">Hochwertiges Linkprofil<\/h3>\n\n\n\n<p class=\"has-text-align-left has-white-color has-text-color\">Ein gut abgerundetes Backlink-Profil ist f\u00fcr den SEO-Erfolg unerl\u00e4sslich, aber Qualit\u00e4t hat immer Vorrang vor Quantit\u00e4t. Unser Team ist darauf spezialisiert, vertrauensw\u00fcrdige Websites mit hoher Autorit\u00e4t in Deutschland auszuw\u00e4hlen, das Risiko von Abstrafungen zu minimieren und ein starkes, aussagekr\u00e4ftiges Linkprofil aufzubauen, das sich positiv auf Ihr Suchranking auswirkt.<\/p>\n<\/div>\n\n\n\n<div id=\"wp-block-themeisle-blocks-advanced-column-6d75d844\" class=\"wp-block-themeisle-blocks-advanced-column\">\n<h3 id=\"wp-block-themeisle-blocks-advanced-heading-823af651\" class=\"wp-block-themeisle-blocks-advanced-heading wp-block-themeisle-blocks-advanced-heading-823af651\">Verbesserte Suchmaschinenplatzierungen<\/h3>\n\n\n\n<p class=\"has-text-align-left has-white-color has-text-color\">Strategische Gastbeitr\u00e4ge und Bloggerkontakte sind leistungsstarke Instrumente zur Verbesserung der Suchmaschinenplatzierungen. Durch die Ver\u00f6ffentlichung relevanter, keywordoptimierter Inhalte mit nat\u00fcrlich platzierten Backlinks wird Ihre Website von den Suchmaschinen als zuverl\u00e4ssige Autorit\u00e4t anerkannt. Backlinks von Websites mit hohem DA verbessern den Ruf Ihrer Marke und helfen ihr, in den Suchergebnissen h\u00f6her zu ranken.<\/p>\n<\/div>\n\n\n\n<div id=\"wp-block-themeisle-blocks-advanced-column-5d0cfcca\" class=\"wp-block-themeisle-blocks-advanced-column\">\n<h3 id=\"wp-block-themeisle-blocks-advanced-heading-5d4326db\" class=\"wp-block-themeisle-blocks-advanced-heading wp-block-themeisle-blocks-advanced-heading-5d4326db\">Wettbewerbsvorteil<\/h3>\n\n\n\n<p class=\"has-text-align-left has-white-color has-text-color\">SEO Outreach durch Gastbeitr\u00e4ge bietet einen deutlichen Wettbewerbsvorteil. Durch die Zusammenarbeit mit Top-Websites und die strategische Platzierung von Inhalten positionieren Sie Ihre Marke f\u00fcr einen dauerhaften Erfolg auf dem deutschen Markt. Dieser Ansatz hilft Ihnen, der Konkurrenz voraus zu sein, das Wachstum zu f\u00f6rdern und Ihren Marktanteil zu erh\u00f6hen.<\/p>\n<\/div>\n<\/div><\/section>\n<\/div>\n<\/div><\/section>\n\n\n\n<div id=\"wp-block-themeisle-blocks-advanced-columns-5472bd69\" class=\"wp-block-themeisle-blocks-advanced-columns has-1-columns has-desktop-equal-layout has-tablet-equal-layout has-mobile-equal-layout has-vertical-unset\"><div class=\"wp-block-themeisle-blocks-advanced-columns-overlay\"><\/div><div class=\"innerblocks-wrap\">\n<div id=\"wp-block-themeisle-blocks-advanced-column-a31c0900\" class=\"wp-block-themeisle-blocks-advanced-column\">\n<p><\/p>\n<\/div>\n<\/div><\/div>\n\n\n\n<div id=\"wp-block-themeisle-blocks-advanced-columns-0208cb9c\" class=\"wp-block-themeisle-blocks-advanced-columns has-1-columns has-desktop-equal-layout has-tablet-equal-layout has-mobile-equal-layout has-vertical-unset\"><div class=\"wp-block-themeisle-blocks-advanced-columns-overlay\"><\/div><div class=\"innerblocks-wrap\">\n<div id=\"wp-block-themeisle-blocks-advanced-column-addf58ae\" class=\"wp-block-themeisle-blocks-advanced-column\">\n<div class=\"wp-block-group is-vertical is-layout-flex wp-container-core-group-is-layout-8cf370e7 wp-block-group-is-layout-flex\">\n<h2 class=\"wp-block-heading has-text-align-center\">Was Sie durch den Einsatz von Gastbeitr\u00e4gen f\u00fcr Ihre Marke in Deutschland gewinnen k\u00f6nnen<\/h2>\n\n\n\n<p><\/p>\n<\/div>\n<\/div>\n<\/div><\/div>\n\n\n\n<p>Wir von LinkBuildingGermany.de haben uns darauf spezialisiert, die Sichtbarkeit Ihrer Marke und die Platzierung in Suchmaschinen durch effektive Gastbeitragsstrategien zu verbessern. Unser Team setzt fortschrittliche SEO-Techniken ein, um Ihre Inhalte auf hochrangigen deutschen Websites zu platzieren, ein breiteres Publikum zu erreichen und Ihnen zu helfen, Ihre Gesch\u00e4ftsziele zu erreichen.<\/p>\n\n\n\n<!DOCTYPE html>\n<html lang=\"en\">\n<head>\n  <meta charset=\"UTF-8\" \/>\n  <meta name=\"viewport\" content=\"width=device-width, initial-scale=1.0\">\n  <title>Link Building Dienstleistungen in Deutschland<\/title>\n  <style>\n    \/* General styling for the block *\/\n    .content-block {\n      display: flex;\n      justify-content: space-between;\n      gap: 20px;\n      padding: 20px;\n      max-width: 1200px;\n      margin: 0 auto;\n      flex-wrap: wrap; \/* Allow blocks to wrap on small screens *\/\n    }\n\n    .block {\n      flex: 1;\n      min-width: 250px; \/* Adjust width for smaller screens *\/\n      background-color: #fff;\n      box-shadow: 0 2px 4px rgba(0,0,0,0.1);\n      border-radius: 8px;\n      padding: 15px;\n      text-align: center;\n    }\n\n    .block h3 {\n      font-size: 1.25rem;\n      color: #333;\n      margin-bottom: 10px;\n    }\n\n    .block p {\n      font-size: 1rem;\n      color: #555;\n      line-height: 1.6;\n    }\n\n    \/* Responsive design *\/\n    @media (max-width: 768px) {\n      .content-block {\n        flex-direction: column;\n        align-items: center;\n      }\n\n      .block {\n        width: 100%;\n        margin-bottom: 20px;\n      }\n    }\n  <\/style>\n<\/head>\n<body>\n\n  <!-- This is the specific block where your content is displayed -->\n  <div class=\"content-block\">\n    <div class=\"block\">\n      <h3>Manueller Buchungsansatz<\/h3>\n      <p>\n        Unser Outreach-Team bevorzugt einen manuellen Ansatz f\u00fcr die Platzierung von Gastbeitr\u00e4gen und vermeidet automatisierte Systeme oder Robots. Diese Methode nimmt zwar mehr Zeit in Anspruch, gew\u00e4hrleistet aber einen personalisierten, sicheren Prozess ohne das Risiko einer Abstrafung durch die Suchmaschinen.\n      <\/p>\n    <\/div>\n\n    <div class=\"block\">\n      <h3>Exklusive Standortdatenbank<\/h3>\n      <p>\n        Wir pflegen eine exklusive Datenbank mit den wichtigsten und vertrauensw\u00fcrdigsten Plattformen in Deutschland. Regelm\u00e4\u00dfige Updates sorgen daf\u00fcr, dass unser Katalog aktuell und benutzerfreundlich bleibt. Sie k\u00f6nnen unsere Datenbank nach Nische, Sprache, Land, SEO-Metriken, Domain-Zonen, Preis und mehr filtern.\n      <\/p>\n    <\/div>\n\n    <div class=\"block\">\n      <h3>Hochwertiger Inhalt<\/h3>\n      <p>\n        Unsere Autoren sind echte Experten, die originelle, qualitativ hochwertige Inhalte erstellen, die bei Ihrer Zielgruppe Anklang finden. Wir recyceln kein vorhandenes Material - jeder Beitrag wird sorgf\u00e4ltig nach Ihren Vorgaben und Anforderungen erstellt.\n      <\/p>\n    <\/div>\n\n    <div class=\"block\">\n      <h3>Erweiterte Analytik<\/h3>\n      <p>\n        Sobald Ihre Inhalte online sind, haben Sie Zugriff auf ein umfassendes Analyse-Dashboard, mit dem Sie ihre Leistung verfolgen k\u00f6nnen. Diese Daten geben Aufschluss dar\u00fcber, welche Methoden die besten Ergebnisse liefern und erm\u00f6glichen kontinuierliche Verbesserungen und optimierte Ergebnisse.\n      <\/p>\n    <\/div>\n\n    <div class=\"block\">\n      <h3>Optimale Ver\u00f6ffentlichungsbedingungen<\/h3>\n      <p>\n        Wir sorgen f\u00fcr die bestm\u00f6glichen Bedingungen f\u00fcr Ihre Gastbeitr\u00e4ge, von der Auswahl von Plattformen, die zu Ihrer Nische passen, bis zur Aushandlung fairer Preise, die in Ihr Budget passen.\n      <\/p>\n    <\/div>\n\n    <div class=\"block\">\n      <h3>Ergebnisorientierter Ansatz<\/h3>\n      <p>\n        Der Aufbau des Rufs einer Marke ist ein schrittweiser Prozess. Das Erstellen wertvoller Inhalte, das Aushandeln von Platzierungen und das geduldige Warten auf das Feedback des Publikums braucht Zeit. Unser Ansatz integriert alle Aspekte, um nachhaltige Ergebnisse zu erzielen.\n      <\/p>\n    <\/div>\n  <\/div>\n\n<\/body>\n<\/html>\n\n\n\n<p><\/p>\n\n\n\n<section id=\"wp-block-themeisle-blocks-advanced-columns-96aa30cf\" class=\"wp-block-themeisle-blocks-advanced-columns alignfull has-1-columns has-desktop-equal-layout has-tablet-equal-layout has-mobile-equal-layout has-vertical-center has-dark-bg\"><div class=\"wp-block-themeisle-blocks-advanced-columns-overlay\"><\/div><div class=\"innerblocks-wrap\">\n<div id=\"wp-block-themeisle-blocks-advanced-column-28ac09dd\" class=\"wp-block-themeisle-blocks-advanced-column\">\n<h2 class=\"wp-block-heading has-text-align-center has-base-2-color has-text-color has-huge-font-size\" style=\"font-style:normal;font-weight:700\">Sind Sie bereit, Ihre SEO mit Gastbeitr\u00e4gen in Deutschland zu verbessern?<\/h2>\n\n\n\n<p class=\"has-text-align-center has-nv-text-dark-bg-color has-text-color\">Kontaktieren Sie uns noch heute, um Ihre Gastbeitragskampagne zu starten. Unser Expertenteam hilft Ihnen dabei, Ihre Marke aufzuwerten und Ihre Rankings in Deutschland zu verbessern.<\/p>\n\n\n\n<div class=\"wp-block-buttons is-horizontal is-content-justification-center is-layout-flex wp-container-core-buttons-is-layout-499968f5 wp-block-buttons-is-layout-flex\">\n<div class=\"wp-block-button is-style-primary\"><a class=\"wp-block-button__link has-text-color has-background has-link-color wp-element-button\" href=\"https:\/\/linkbuildinggermany.de\/de\/bcd31-kontakt\/\" style=\"border-radius:100px;color:#ffffff;background-color:#49a392\"><strong>Kontakt aufnehmen<\/strong> \/ <strong>Anfrage f\u00fcr ein individuelles Angebot<\/strong><\/a><\/div>\n<\/div>\n<\/div>\n<\/div><\/section>","protected":false},"excerpt":{"rendered":"<p>At LinkBuildingGermany.de, we specialize in improving brand visibility and search engine rankings through effective guest posting strategies. Our team utilizes advanced SEO techniques to place your content on high-authority German websites, reaching a broader audience and helping you achieve your business goals. Link Building Services in Germany Manual Posting Approach Our outreach team prefers a&hellip;&nbsp;<a href=\"https:\/\/linkbuildinggermany.de\/de\/gastbeitrag\/\" rel=\"bookmark\">Weiterlesen \"<span class=\"screen-reader-text\">Gastbeitr\u00e4ge<\/span><\/a><\/p>","protected":false},"author":1,"featured_media":0,"parent":0,"menu_order":0,"comment_status":"closed","ping_status":"closed","template":"","meta":{"neve_meta_sidebar":"","neve_meta_container":"","neve_meta_enable_content_width":"","neve_meta_content_width":0,"neve_meta_title_alignment":"","neve_meta_author_avatar":"","neve_post_elements_order":"","neve_meta_disable_header":"","neve_meta_disable_footer":"","neve_meta_disable_title":"on","_themeisle_gutenberg_block_has_review":false,"footnotes":""},"class_list":["post-1170","page","type-page","status-publish","hentry"],"_links":{"self":[{"href":"https:\/\/linkbuildinggermany.de\/de\/wp-json\/wp\/v2\/pages\/1170","targetHints":{"allow":["GET"]}}],"collection":[{"href":"https:\/\/linkbuildinggermany.de\/de\/wp-json\/wp\/v2\/pages"}],"about":[{"href":"https:\/\/linkbuildinggermany.de\/de\/wp-json\/wp\/v2\/types\/page"}],"author":[{"embeddable":true,"href":"https:\/\/linkbuildinggermany.de\/de\/wp-json\/wp\/v2\/users\/1"}],"replies":[{"embeddable":true,"href":"https:\/\/linkbuildinggermany.de\/de\/wp-json\/wp\/v2\/comments?post=1170"}],"version-history":[{"count":41,"href":"https:\/\/linkbuildinggermany.de\/de\/wp-json\/wp\/v2\/pages\/1170\/revisions"}],"predecessor-version":[{"id":1716,"href":"https:\/\/linkbuildinggermany.de\/de\/wp-json\/wp\/v2\/pages\/1170\/revisions\/1716"}],"wp:attachment":[{"href":"https:\/\/linkbuildinggermany.de\/de\/wp-json\/wp\/v2\/media?parent=1170"}],"curies":[{"name":"wp","href":"https:\/\/api.w.org\/{rel}","templated":true}]}}