{"id":1606,"date":"2025-05-24T19:33:58","date_gmt":"2025-05-24T19:33:58","guid":{"rendered":"https:\/\/linkbuildinggermany.de\/?page_id=1606"},"modified":"2025-06-13T09:48:41","modified_gmt":"2025-06-13T09:48:41","slug":"benutzungsbedingungen","status":"publish","type":"page","link":"https:\/\/linkbuildinggermany.de\/de\/benutzungsbedingungen\/","title":{"rendered":"Nutzungsbedingungen"},"content":{"rendered":"<p>Willkommen auf linkbuildinggermany.de (die \"Website\"). Mit dem Zugriff auf diese Website und deren Nutzung erkl\u00e4ren Sie sich mit den folgenden Nutzungsbedingungen einverstanden, die f\u00fcr alle Besucher und Nutzer in Deutschland und anderswo gelten.<\/p>\n\n\n\n<h3 class=\"wp-block-heading\">1. Akzeptanz der Bedingungen<\/h3>\n\n\n\n<p>Mit der Nutzung von linkbuildinggermany.de best\u00e4tigen Sie, dass Sie diese Nutzungsbedingungen akzeptieren und sich an sie halten. Wenn Sie mit irgendeinem Teil dieser Bedingungen nicht einverstanden sind, nutzen Sie unsere Website bitte nicht.<\/p>\n\n\n\n<h3 class=\"wp-block-heading\">2. Nutzung der Website<\/h3>\n\n\n\n<p>Sie erkl\u00e4ren sich damit einverstanden, die Website nur zu rechtm\u00e4\u00dfigen Zwecken und in einer Weise zu nutzen, die die Rechte anderer nicht verletzt, einschr\u00e4nkt oder deren Nutzung und Genuss der Website verhindert. Sie m\u00fcssen bei der Nutzung dieser Website alle in Deutschland geltenden Gesetze einhalten.<\/p>\n\n\n\n<h3 class=\"wp-block-heading\">3. Rechte an geistigem Eigentum<\/h3>\n\n\n\n<p>Alle Inhalte, Logos, Grafiken und Materialien auf linkbuildinggermany.de sind Eigentum von LinkBuildingGermany.de oder seinen Lizenzgebern und sind durch das Urheberrecht und andere geistige Eigentumsrechte in Deutschland und international gesch\u00fctzt. Die unbefugte Nutzung jeglicher Inhalte ist verboten.<\/p>\n\n\n\n<h3 class=\"wp-block-heading\">4. Benutzer Inhalt<\/h3>\n\n\n\n<p>Wenn Sie Inhalte an unsere Website \u00fcbermitteln (z.B. Anfragen, Feedback oder Nachrichten), gew\u00e4hren Sie LinkBuildingGermany.de eine weltweite, geb\u00fchrenfreie, unbefristete Lizenz zur Nutzung, Reproduktion und Anzeige dieser Inhalte f\u00fcr Zwecke im Zusammenhang mit dem Betrieb und der F\u00f6rderung der Website.<\/p>\n\n\n\n<h3 class=\"wp-block-heading\">5. Ausschluss von Garantien<\/h3>\n\n\n\n<p>Die Website und ihr Inhalt werden im Ist-Zustand ohne jegliche ausdr\u00fcckliche oder stillschweigende Garantie zur Verf\u00fcgung gestellt. LinkBuildingGermany.de \u00fcbernimmt keine Garantie f\u00fcr die Richtigkeit, Vollst\u00e4ndigkeit oder Zuverl\u00e4ssigkeit der Informationen auf der Website.<\/p>\n\n\n\n<h3 class=\"wp-block-heading\">6. Begrenzung der Haftung<\/h3>\n\n\n\n<p>LinkBuildingGermany.de haftet nicht f\u00fcr Sch\u00e4den, die sich aus der Nutzung der Website ergeben oder damit in Zusammenhang stehen.<\/p>\n\n\n\n<h3 class=\"wp-block-heading\">7. Links zu Websites von Drittanbietern<\/h3>\n\n\n\n<p>Die Website kann zu Ihrer Bequemlichkeit Links zu Websites Dritter enthalten. LinkBuildingGermany.de ist nicht verantwortlich f\u00fcr den Inhalt oder die Praktiken der verlinkten Seiten und unterst\u00fctzt diese nicht.<\/p>\n\n\n\n<h3 class=\"wp-block-heading\">8. Datenschutz<\/h3>\n\n\n\n<p>Ihre Nutzung der Website unterliegt auch unseren Datenschutzrichtlinien, die beschreiben, wie wir Ihre pers\u00f6nlichen Daten in \u00dcbereinstimmung mit den deutschen und EU-Datenschutzbestimmungen erfassen, verwenden und sch\u00fctzen.<\/p>\n\n\n\n<h3 class=\"wp-block-heading\">9. \u00c4nderungen der Bedingungen<\/h3>\n\n\n\n<p>Wir behalten uns das Recht vor, diese Nutzungsbedingungen jederzeit und ohne vorherige Ank\u00fcndigung zu aktualisieren oder zu \u00e4ndern. Ihre fortgesetzte Nutzung der Website nach \u00c4nderungen bedeutet, dass Sie die \u00fcberarbeiteten Bedingungen akzeptieren.<\/p>\n\n\n\n<h3 class=\"wp-block-heading\">10. Geltendes Recht und Gerichtsstand<\/h3>\n\n\n\n<p>Diese Nutzungsbedingungen unterliegen dem Recht der Bundesrepublik Deutschland. Alle Streitigkeiten, die sich aus der Nutzung dieser Website ergeben, unterliegen der ausschlie\u00dflichen Zust\u00e4ndigkeit der Gerichte mit Sitz in Deutschland.<\/p>\n\n\n\n<p><\/p>","protected":false},"excerpt":{"rendered":"<p>Welcome to linkbuildinggermany.de (the &#8220;Website&#8221;). By accessing and using this Website, you agree to comply with and be bound by the following Terms of Use, which apply to all visitors and users in Germany and elsewhere. 1. Acceptance of Terms By using linkbuildinggermany.de, you confirm that you accept these Terms of Use and agree to&hellip;&nbsp;<a href=\"https:\/\/linkbuildinggermany.de\/de\/benutzungsbedingungen\/\" rel=\"bookmark\">Weiterlesen \"<span class=\"screen-reader-text\">Nutzungsbedingungen<\/span><\/a><\/p>","protected":false},"author":1,"featured_media":0,"parent":0,"menu_order":0,"comment_status":"closed","ping_status":"closed","template":"","meta":{"neve_meta_sidebar":"","neve_meta_container":"","neve_meta_enable_content_width":"","neve_meta_content_width":0,"neve_meta_title_alignment":"","neve_meta_author_avatar":"","neve_post_elements_order":"","neve_meta_disable_header":"","neve_meta_disable_footer":"","neve_meta_disable_title":"","_themeisle_gutenberg_block_has_review":false,"footnotes":""},"class_list":["post-1606","page","type-page","status-publish","hentry"],"_links":{"self":[{"href":"https:\/\/linkbuildinggermany.de\/de\/wp-json\/wp\/v2\/pages\/1606","targetHints":{"allow":["GET"]}}],"collection":[{"href":"https:\/\/linkbuildinggermany.de\/de\/wp-json\/wp\/v2\/pages"}],"about":[{"href":"https:\/\/linkbuildinggermany.de\/de\/wp-json\/wp\/v2\/types\/page"}],"author":[{"embeddable":true,"href":"https:\/\/linkbuildinggermany.de\/de\/wp-json\/wp\/v2\/users\/1"}],"replies":[{"embeddable":true,"href":"https:\/\/linkbuildinggermany.de\/de\/wp-json\/wp\/v2\/comments?post=1606"}],"version-history":[{"count":2,"href":"https:\/\/linkbuildinggermany.de\/de\/wp-json\/wp\/v2\/pages\/1606\/revisions"}],"predecessor-version":[{"id":1723,"href":"https:\/\/linkbuildinggermany.de\/de\/wp-json\/wp\/v2\/pages\/1606\/revisions\/1723"}],"wp:attachment":[{"href":"https:\/\/linkbuildinggermany.de\/de\/wp-json\/wp\/v2\/media?parent=1606"}],"curies":[{"name":"wp","href":"https:\/\/api.w.org\/{rel}","templated":true}]}}