{"id":1740,"date":"2025-09-02T13:04:28","date_gmt":"2025-09-02T13:04:28","guid":{"rendered":"https:\/\/linkbuildinggermany.de\/?page_id=1740"},"modified":"2025-09-02T13:05:42","modified_gmt":"2025-09-02T13:05:42","slug":"reddit-quora-backlinks-und-markenerwahnungen","status":"publish","type":"page","link":"https:\/\/linkbuildinggermany.de\/de\/reddit-quora-backlinks-und-markenerwahnungen\/","title":{"rendered":"Reddit &amp; Quora Backlinks und Markenerw\u00e4hnungen"},"content":{"rendered":"<p><\/p>\n\n\n\n<section id=\"wp-block-themeisle-blocks-advanced-columns-6a24f348\" class=\"wp-block-themeisle-blocks-advanced-columns alignfull has-1-columns has-desktop-equal-layout has-tablet-equal-layout has-mobile-equal-layout has-vertical-center has-dark-bg\"><div class=\"wp-block-themeisle-blocks-advanced-columns-overlay\"><\/div><div class=\"innerblocks-wrap\">\n<div id=\"wp-block-themeisle-blocks-advanced-column-4a61d9aa\" class=\"wp-block-themeisle-blocks-advanced-column\">\n<h2 class=\"wp-block-heading has-text-align-center has-base-2-color has-text-color has-huge-font-size\" style=\"font-style:normal;font-weight:700\">Reddit &amp; Quora Backlinks und Markenerw\u00e4hnungen in Deutschland<\/h2>\n\n\n\n<p class=\"has-text-align-center has-nv-text-dark-bg-color has-text-color\">Unter <strong>LinkBuilderGermany.com<\/strong>Wir haben uns auf die Nutzung von Plattformen wie Reddit und Quora spezialisiert, um wertvolle Backlinks zu erstellen, die die Online-Pr\u00e4senz Ihrer Marke verbessern. Unser Team beteiligt sich aktiv an aktuellen Diskussionen und liefert durchdachte und relevante Antworten von vertrauensw\u00fcrdigen, etablierten Accounts. Wir sorgen daf\u00fcr, dass sich die Backlinks nahtlos in die Konversation einf\u00fcgen und sowohl dem Publikum als auch den Moderatoren der Plattformen einen Mehrwert bieten, so dass langfristiges Engagement und Sichtbarkeit gew\u00e4hrleistet sind.<\/p>\n\n\n\n<div class=\"wp-block-buttons is-horizontal is-content-justification-center is-layout-flex wp-container-core-buttons-is-layout-499968f5 wp-block-buttons-is-layout-flex\">\n<div class=\"wp-block-button is-style-primary\"><a class=\"wp-block-button__link has-text-color has-background has-link-color wp-element-button\" href=\"https:\/\/linkbuildinggermany.de\/de\/bcd31-kontakt\/\" style=\"border-radius:100px;color:#ffffff;background-color:#49a392\">Jetzt Kontakt aufnehmen<\/a><\/div>\n<\/div>\n<\/div>\n<\/div><\/section>\n\n\n\n<section id=\"wp-block-themeisle-blocks-advanced-columns-ccfdd483\" class=\"wp-block-themeisle-blocks-advanced-columns alignfull has-2-columns has-desktop-equal-layout has-tablet-equal-layout has-mobile-collapsedRows-layout has-vertical-center has-light-bg\"><div class=\"wp-block-themeisle-blocks-advanced-columns-overlay\"><\/div><div class=\"innerblocks-wrap\">\n<div id=\"wp-block-themeisle-blocks-advanced-column-5e80d468\" class=\"wp-block-themeisle-blocks-advanced-column\">\n<h2 class=\"wp-block-heading has-text-align-left has-text-color has-link-color wp-elements-1ac6da1ca4bdc7538de0acf496202ff1\" style=\"color:#080808;margin-top:25px;font-size:50px;line-height:1.2\"><strong><strong>H\u00f6her ranken mit Quora Backlinks<\/strong><\/strong><\/h2>\n\n\n\n<p class=\"has-text-align-left has-text-color has-link-color wp-elements-4ac91ea93a257dbdb77ff2ab2605ea8b\" style=\"color:#080808\">Quora bietet eine einzigartige Gelegenheit, bei der die Nutzer aktiv nach gut informierten, erfahrungsbasierten Antworten suchen. Dies bietet Ihrer Marke die Chance, einen sinnvollen und authentischen Beitrag zu laufenden Gespr\u00e4chen zu leisten.<\/p>\n\n\n\n<p class=\"has-text-align-left has-text-color has-link-color wp-elements-c54a6728579ac0c360fb5b0706c143e6\" style=\"color:#080808\">Indem Sie sich an diesen Diskussionen beteiligen, k\u00f6nnen Sie sehr gezielte Besucher anziehen, Vertrauen bei Ihrem Publikum aufbauen und eine dauerhafte Autorit\u00e4t in Ihrer Branche etablieren. Unter <strong>LinkBuilderGermany.com<\/strong>Unser Team wei\u00df, wie man dieses Momentum nutzt und in einen skalierbaren SEO-Vorteil f\u00fcr Ihre Marke verwandelt.<\/p>\n<\/div>\n\n\n\n<div id=\"wp-block-themeisle-blocks-advanced-column-db653346\" class=\"wp-block-themeisle-blocks-advanced-column\">\n<figure class=\"wp-block-image size-full has-custom-border\"><img loading=\"lazy\" decoding=\"async\" width=\"1200\" height=\"630\" src=\"https:\/\/linkbuildinggermany.de\/wp-content\/uploads\/2025\/09\/Free-Social-Media-Listening-Tools.jpeg\" alt=\"\" class=\"wp-image-1741\" style=\"border-radius:0px\" srcset=\"https:\/\/linkbuildinggermany.de\/wp-content\/uploads\/2025\/09\/Free-Social-Media-Listening-Tools.jpeg 1200w, https:\/\/linkbuildinggermany.de\/wp-content\/uploads\/2025\/09\/Free-Social-Media-Listening-Tools-300x158.jpeg 300w, https:\/\/linkbuildinggermany.de\/wp-content\/uploads\/2025\/09\/Free-Social-Media-Listening-Tools-1024x538.jpeg 1024w, https:\/\/linkbuildinggermany.de\/wp-content\/uploads\/2025\/09\/Free-Social-Media-Listening-Tools-768x403.jpeg 768w, https:\/\/linkbuildinggermany.de\/wp-content\/uploads\/2025\/09\/Free-Social-Media-Listening-Tools-18x9.jpeg 18w\" sizes=\"auto, (max-width: 1200px) 100vw, 1200px\" \/><\/figure>\n<\/div>\n<\/div><\/section>\n\n\n\n<section id=\"services\" class=\"wp-block-themeisle-blocks-advanced-columns alignfull has-1-columns has-desktop-equal-layout has-tablet-equal-layout has-mobile-equal-layout has-vertical-flex-start has-dark-bg\"><div class=\"wp-block-themeisle-blocks-advanced-columns-overlay\"><\/div><div class=\"innerblocks-wrap\">\n<div id=\"wp-block-themeisle-blocks-advanced-column-9642dc3f\" class=\"wp-block-themeisle-blocks-advanced-column\">\n<section id=\"wp-block-themeisle-blocks-advanced-columns-62d68e08\" class=\"wp-block-themeisle-blocks-advanced-columns has-1-columns has-desktop-equal-layout has-tablet-equal-layout has-mobile-equal-layout has-vertical-flex-start\"><div class=\"wp-block-themeisle-blocks-advanced-columns-overlay\"><\/div><div class=\"innerblocks-wrap\">\n<div id=\"wp-block-themeisle-blocks-advanced-column-ba020b38\" class=\"wp-block-themeisle-blocks-advanced-column\">\n<h2 class=\"wp-block-heading has-text-align-center has-white-color has-text-color\">Warum Ihre Marke Reddit-Links braucht<\/h2>\n\n\n\n<p class=\"has-text-align-center has-white-color has-text-color\">Um in einer der aktivsten und gr\u00f6\u00dften Online-Communities wahrgenommen zu werden, ist Reddit der richtige Ort. Die Nutzer st\u00f6bern nicht nur - sie engagieren sich intensiv, diskutieren \u00fcber Produkte, teilen authentische Erfahrungen und empfehlen Dienste, denen sie vertrauen.<\/p>\n\n\n\n<p class=\"has-text-align-center has-white-color has-text-color\">Reddit ist eine Plattform mit hoher Beteiligung, auf der die Gespr\u00e4che dynamisch und oft nischenspezifisch sind. Wenn Ihre Marke Teil dieser echten Diskussionen wird, schafft das Glaubw\u00fcrdigkeit und Vertrauen. Anstatt Ihre Botschaft zu pushen, werden Sie zu einem wertvollen Teil des Dialogs in der Community.<\/p>\n<\/div>\n<\/div><\/section>\n\n\n\n<section id=\"wp-block-themeisle-blocks-advanced-columns-c568fbc0\" class=\"wp-block-themeisle-blocks-advanced-columns has-3-columns has-desktop-equal-layout has-tablet-equal-layout has-mobile-collapsedRows-layout has-vertical-flex-start\"><div class=\"wp-block-themeisle-blocks-advanced-columns-overlay\"><\/div><div class=\"innerblocks-wrap\">\n<div id=\"wp-block-themeisle-blocks-advanced-column-645429cb\" class=\"wp-block-themeisle-blocks-advanced-column\">\n<h3 id=\"wp-block-themeisle-blocks-advanced-heading-21fcd68f\" class=\"wp-block-themeisle-blocks-advanced-heading wp-block-themeisle-blocks-advanced-heading-21fcd68f\">Erreichen Sie die richtige Zielgruppe<\/h3>\n\n\n\n<p class=\"has-text-align-left has-white-color has-text-color\">Reddit ist nicht nur ein riesiges Forum, sondern auch eine Sammlung von zielgerichteten Communities. Ob Startup-Gr\u00fcnder, Krypto-Enthusiasten, gesundheitsbewusste Menschen oder Heimwerker - es gibt ein Subreddit f\u00fcr praktisch jede Zielgruppe, die sich f\u00fcr Ihre Angebote interessiert.<\/p>\n\n\n\n<p class=\"has-text-align-left has-white-color has-text-color\">Indem wir Ihre Links in aktiven, relevanten Themen platzieren, stellen wir sicher, dass Ihre Botschaft die Menschen erreicht, die sich f\u00fcr Ihr Angebot interessieren. Diese pr\u00e4zise Ausrichtung garantiert, dass Ihre Links von denjenigen gesehen werden, die sich am ehesten daf\u00fcr interessieren, und erh\u00f6ht die Sichtbarkeit und Wirkung.<\/p>\n<\/div>\n\n\n\n<div id=\"wp-block-themeisle-blocks-advanced-column-46197171\" class=\"wp-block-themeisle-blocks-advanced-column\">\n<h3 id=\"wp-block-themeisle-blocks-advanced-heading-2ec6c5e2\" class=\"wp-block-themeisle-blocks-advanced-heading wp-block-themeisle-blocks-advanced-heading-2ec6c5e2\">Nat\u00fcrliche, nahtlose Integration<\/h3>\n\n\n\n<p class=\"has-text-align-left has-white-color has-text-color\">Ein erfolgreicher Reddit-Beitrag sieht nicht nach Marketing aus, sondern wirkt wie ein echter Beitrag. Wir passen jeden Kommentar an den Ton und das Timing der Konversation an und sorgen daf\u00fcr, dass Ihr Link auf nat\u00fcrliche Weise in die Diskussion eingeflochten wird.<\/p>\n\n\n\n<p class=\"has-text-align-left has-white-color has-text-color\">Dieser authentische Ansatz sorgt daf\u00fcr, dass Ihre Inhalte bei der Community Anklang finden, was das Vertrauen f\u00f6rdert und das Engagement steigert. Wenn Sie die Reddit-Normen respektieren, ist es wahrscheinlicher, dass Ihre Inhalte sichtbar bleiben und nicht markiert werden.<\/p>\n<\/div>\n\n\n\n<div id=\"wp-block-themeisle-blocks-advanced-column-7465c66f\" class=\"wp-block-themeisle-blocks-advanced-column\">\n<h3 id=\"wp-block-themeisle-blocks-advanced-heading-24bf7e06\" class=\"wp-block-themeisle-blocks-advanced-heading wp-block-themeisle-blocks-advanced-heading-24bf7e06\">Nutzen Sie den sozialen Beweis<\/h3>\n\n\n\n<p class=\"has-text-align-left has-white-color has-text-color\">Auf Reddit werden qualitativ hochwertige Inhalte mit Upvotes, Antworten und positiven Interaktionen belohnt. Dies steigert die Sichtbarkeit und Glaubw\u00fcrdigkeit Ihrer Marke, da der Reddit-Algorithmus Beitr\u00e4ge bevorzugt, die ein sinnvolles Engagement erzeugen.<\/p>\n\n\n\n<p class=\"has-text-align-left has-white-color has-text-color\">Je mehr Engagement Ihr Beitrag erf\u00e4hrt, desto st\u00e4rker und vertrauensw\u00fcrdiger wird Ihr Link, was zu mehr Verkehr und mehr Konversionen f\u00fchrt. Social Proof ermutigt auch andere, sich an der Konversation zu beteiligen und die Reichweite Ihrer Marke organisch zu erh\u00f6hen.<\/p>\n<\/div>\n<\/div><\/section>\n\n\n\n<section id=\"wp-block-themeisle-blocks-advanced-columns-b9b0609a\" class=\"wp-block-themeisle-blocks-advanced-columns has-3-columns has-desktop-equal-layout has-tablet-equal-layout has-mobile-collapsedRows-layout has-vertical-flex-start\"><div class=\"wp-block-themeisle-blocks-advanced-columns-overlay\"><\/div><div class=\"innerblocks-wrap\">\n<div id=\"wp-block-themeisle-blocks-advanced-column-1bb8111a\" class=\"wp-block-themeisle-blocks-advanced-column\">\n<h3 id=\"wp-block-themeisle-blocks-advanced-heading-60291257\" class=\"wp-block-themeisle-blocks-advanced-heading wp-block-themeisle-blocks-advanced-heading-60291257\">Sofortige R\u00fcckmeldung<\/h3>\n\n\n\n<p class=\"has-text-align-left has-white-color has-text-color\">M\u00f6chten Sie herausfinden, wie Ihr Publikum auf Ihre Nachricht reagiert? Reddit bietet sofortiges, ungefiltertes Feedback, oft innerhalb weniger Minuten. Diese schnelle Reaktion bietet einzigartige Einblicke in die Stimmung der Nutzer und liefert Ihnen wertvolle Daten, die \u00fcber herk\u00f6mmliche Kan\u00e4le nur schwer zu erfassen sind.<\/p>\n\n\n\n<p class=\"has-text-align-left has-white-color has-text-color\">Nutzen Sie dieses Feedback, um Ihr Messaging zu verfeinern, Ihre Ideen zu validieren und ein tieferes Verst\u00e4ndnis f\u00fcr Ihr Publikum zu gewinnen. Es ist wie Live-Marktforschung, die direkt in Ihre SEO-Strategie integriert ist. Schnelle Einblicke von Reddit k\u00f6nnen Ihnen helfen, Strategien schneller als mit herk\u00f6mmlichen Methoden anzupassen.<\/p>\n<\/div>\n\n\n\n<div id=\"wp-block-themeisle-blocks-advanced-column-6d75d844\" class=\"wp-block-themeisle-blocks-advanced-column\">\n<h3 id=\"wp-block-themeisle-blocks-advanced-heading-823af651\" class=\"wp-block-themeisle-blocks-advanced-heading wp-block-themeisle-blocks-advanced-heading-823af651\">St\u00e4rken Sie Ihr Linkprofil<\/h3>\n\n\n\n<p class=\"has-text-align-left has-white-color has-text-color\">Reddit-Links sind keine typischen Backlinks. Sie sind manuell platziert, relevant und in nutzergenerierte Inhalte integriert - Signale, die Google sehr sch\u00e4tzt. Dieser Kontext verleiht Ihren Backlinks einen erheblichen Mehrwert und macht sie effektiver als generische, massenproduzierte Links.<\/p>\n\n\n\n<p class=\"has-text-align-left has-white-color has-text-color\">Diese Links diversifizieren Ihr Backlinkprofil und erg\u00e4nzen andere Quellen wie Gastbeitr\u00e4ge oder Verzeichnisse. Dies steigert die Autorit\u00e4t Ihrer Website und gibt Ihren SEO-Bem\u00fchungen einen nat\u00fcrlichen Schub. Mit der Zeit st\u00e4rkt diese Vielfalt Ihre SEO-Strategie und erh\u00f6ht ihre Widerstandsf\u00e4higkeit.<\/p>\n<\/div>\n\n\n\n<div id=\"wp-block-themeisle-blocks-advanced-column-5d0cfcca\" class=\"wp-block-themeisle-blocks-advanced-column\">\n<h3 id=\"wp-block-themeisle-blocks-advanced-heading-5d4326db\" class=\"wp-block-themeisle-blocks-advanced-heading wp-block-themeisle-blocks-advanced-heading-5d4326db\">Langfristige Auswirkungen<\/h3>\n\n\n\n<p class=\"has-text-align-left has-white-color has-text-color\">Reddit-Beitr\u00e4ge haben eine dauerhafte Wirkung. Sie ranken weiterhin in Google und erregen Aufmerksamkeit, auch nachdem der urspr\u00fcngliche Beitrag verfasst wurde. Wenn Ihr Kommentar fr\u00fchzeitig Aufmerksamkeit erregt, kann er \u00fcber Monate oder sogar Jahre hinweg best\u00e4ndigen Traffic bringen.<\/p>\n\n\n\n<p class=\"has-text-align-left has-white-color has-text-color\">Betrachten Sie Reddit als einen langfristigen Aktivposten, der immer wieder f\u00fcr Ihre Marke arbeitet. Die dauerhafte Pr\u00e4senz Ihrer Links stellt sicher, dass sich Ihre Investition in Reddit weit \u00fcber die erste Interaktion hinaus auszahlt.<\/p>\n<\/div>\n<\/div><\/section>\n<\/div>\n<\/div><\/section>\n\n\n\n<div id=\"wp-block-themeisle-blocks-advanced-columns-5472bd69\" class=\"wp-block-themeisle-blocks-advanced-columns has-1-columns has-desktop-equal-layout has-tablet-equal-layout has-mobile-equal-layout has-vertical-unset\"><div class=\"wp-block-themeisle-blocks-advanced-columns-overlay\"><\/div><div class=\"innerblocks-wrap\">\n<div id=\"wp-block-themeisle-blocks-advanced-column-a31c0900\" class=\"wp-block-themeisle-blocks-advanced-column\">\n<p><\/p>\n<\/div>\n<\/div><\/div>\n\n\n\n<div id=\"wp-block-themeisle-blocks-advanced-columns-0208cb9c\" class=\"wp-block-themeisle-blocks-advanced-columns has-1-columns has-desktop-equal-layout has-tablet-equal-layout has-mobile-equal-layout has-vertical-unset\"><div class=\"wp-block-themeisle-blocks-advanced-columns-overlay\"><\/div><div class=\"innerblocks-wrap\">\n<div id=\"wp-block-themeisle-blocks-advanced-column-addf58ae\" class=\"wp-block-themeisle-blocks-advanced-column\">\n<div class=\"wp-block-group is-vertical is-layout-flex wp-container-core-group-is-layout-8cf370e7 wp-block-group-is-layout-flex\">\n<h2 class=\"wp-block-heading has-text-align-center\">Was Sie mit Quora Links erhalten<\/h2>\n\n\n\n<p><\/p>\n<\/div>\n<\/div>\n<\/div><\/div>\n\n\n\n<p>Quora belohnt Marken, die einen echten Wertbeitrag leisten, und das beginnt mit einer durchdachten, authentischen Linkplatzierung. Bei LinkBuilder Germany verwenden wir einen manuellen, vertrauensw\u00fcrdigen Ansatz, der auf die Standards von Quora zugeschnitten ist und sicherstellt, dass jeder Link nat\u00fcrlich wirkt und einen Mehrwert bietet. Das Ergebnis? Ein stetiger Fluss an relevantem Traffic, erh\u00f6hte Markenautorit\u00e4t und dauerhafte Sichtbarkeit in den Suchmaschinen.<\/p>\n\n\n\n<!DOCTYPE html>\n<html lang=\"en\">\n<head>\n  <meta charset=\"UTF-8\" \/>\n  <meta name=\"viewport\" content=\"width=device-width, initial-scale=1.0\">\n  <title>Link Building Dienstleistungen in Deutschland<\/title>\n  <style>\n    \/* General styling for the block *\/\n    .content-block {\n      display: flex;\n      justify-content: space-between;\n      gap: 20px;\n      padding: 20px;\n      max-width: 1200px;\n      margin: 0 auto;\n      flex-wrap: wrap; \/* Allow blocks to wrap on small screens *\/\n    }\n\n    .block {\n      flex: 1;\n      min-width: 250px; \/* Adjust width for smaller screens *\/\n      background-color: #fff;\n      box-shadow: 0 2px 4px rgba(0,0,0,0.1);\n      border-radius: 8px;\n      padding: 15px;\n      text-align: center;\n    }\n\n    .block h3 {\n      font-size: 1.25rem;\n      color: #333;\n      margin-bottom: 10px;\n    }\n\n    .block p {\n      font-size: 1rem;\n      color: #555;\n      line-height: 1.6;\n    }\n\n    \/* Responsive design *\/\n    @media (max-width: 768px) {\n      .content-block {\n        flex-direction: column;\n        align-items: center;\n      }\n\n      .block {\n        width: 100%;\n        margin-bottom: 20px;\n      }\n    }\n  <\/style>\n<\/head>\n<body>\n\n  <!-- This is the specific block where your content is displayed -->\n  <div class=\"content-block\">\n    <div class=\"block\">\n      <h3>Personalisierte Strategie<\/h3>\n      <p>\n        Wir verfolgen bei jedem Projekt einen individuellen Ansatz, indem wir Ihre Nische, Ihr Zielpublikum und Ihre Gesch\u00e4ftsziele gr\u00fcndlich studieren. Dies erm\u00f6glicht es uns, die Quora-Themen auszuw\u00e4hlen, in die sich Ihr Link auf nat\u00fcrliche Weise einf\u00fcgt und den gr\u00f6\u00dften Nutzen bringt.\n      <\/p>\n    <\/div>\n\n    <div class=\"block\">\n      <h3>Antworten auf Experten-Niveau<\/h3>\n      <p>\n        Wir verlassen uns nicht auf generische Vorlagen oder F\u00fcllmaterial. Jede Antwort wird von Grund auf von einem Spezialisten mit echtem Wissen in Ihrer Nische verfasst. Bevor wir schreiben, analysieren wir den Kontext der Diskussion, die Absicht der Nutzer hinter der Frage und die Positionierung Ihrer Marke.\n\nSo k\u00f6nnen wir Antworten verfassen, die sowohl informativ als auch auf Ihre Ziele abgestimmt sind. Diese Antworten stechen hervor, gewinnen an Sichtbarkeit und ziehen mit der Zeit immer mehr engagierte Leser an.\n      <\/p>\n    <\/div>\n\n    <div class=\"block\">\n      <h3>Keine Vorlagen oder Automatisierung<\/h3>\n      <p>\n        Wir vermeiden Abk\u00fcrzungen wie Bots oder generische Antworten. Jede Antwort wird manuell verfasst, unter Ber\u00fccksichtigung des Kontexts, der Zielgruppe und der SEO-Ziele.\n\nDas kann zwar l\u00e4nger dauern, aber dieser Ansatz stellt sicher, dass die Inhalte von hoher Qualit\u00e4t sind und langfristig wertvoll bleiben. Marken, die ein nachhaltiges Wachstum und einen guten Ruf anstreben, profitieren am meisten von dieser zielgerichteten, menschenzentrierten Methode.\n      <\/p>\n    <\/div>\n\n    <div class=\"block\">\n      <h3>Sprach- und regionen\u00fcbergreifende Zielgruppenansprache<\/h3>\n      <p>\n        Unser Fachwissen geht \u00fcber die englischsprachigen Zielgruppen hinaus. Wir k\u00f6nnen Ihre Strategie an verschiedene Sprachen und Regionen anpassen und so sicherstellen, dass Ihre Botschaft in dem von Ihnen gew\u00fcnschten Markt ankommt.\n\nWir w\u00e4hlen relevante Diskussionen und Plattformen aus, die auf Ihre geografischen und sprachspezifischen Ziele abgestimmt sind, um maximale Wirkung zu erzielen.\n      <\/p>\n    <\/div>\n\n    <div class=\"block\">\n      <h3>Transparente Berichterstattung<\/h3>\n      <p>\n       Sie erhalten detaillierte Berichte zu jeder Platzierung, aus denen hervorgeht, wo Ihre Links platziert wurden, wie sie abschneiden und wie die Nutzer mit ihnen umgehen.\n\nWir liefern Live-URLs, Anzahl der Aufrufe, Bewertungen und Kommentare - keine aufgebl\u00e4hten Zahlen oder vagen Zusammenfassungen. Durch diese Transparenz behalten Sie die Kontrolle und stellen sicher, dass jeder Link einen echten Mehrwert bringt.\n      <\/p>\n    <\/div>\n\n    <div class=\"block\">\n      <h3>Laufende Qualit\u00e4tskontrolle<\/h3>\n      <p>\n       Wir \u00fcberwachen kontinuierlich jede ver\u00f6ffentlichte Antwort und verfolgen Sichtbarkeit, Engagement und Leistung.\n\nWenn ein Beitrag an Zugkraft verliert oder nicht den erwarteten Traffic bringt, handeln wir schnell - und aktualisieren die Antwort oder wechseln zu einem geeigneteren Thema. Unser Engagement endet nicht nach der Platzierung, sondern wir bleiben dran, um sicherzustellen, dass jeder Link einen dauerhaften Wert hat. Unser Ziel ist eine langfristige Wirkung, nicht nur das Abhaken von Aufgaben.\n      <\/p>\n    <\/div>\n  <\/div>\n\n<\/body>\n<\/html>\n\n\n\n<p><\/p>\n\n\n\n<section id=\"wp-block-themeisle-blocks-advanced-columns-96aa30cf\" class=\"wp-block-themeisle-blocks-advanced-columns alignfull has-1-columns has-desktop-equal-layout has-tablet-equal-layout has-mobile-equal-layout has-vertical-center has-dark-bg\"><div class=\"wp-block-themeisle-blocks-advanced-columns-overlay\"><\/div><div class=\"innerblocks-wrap\">\n<div id=\"wp-block-themeisle-blocks-advanced-column-28ac09dd\" class=\"wp-block-themeisle-blocks-advanced-column\">\n<h2 class=\"wp-block-heading has-text-align-center has-base-2-color has-text-color has-huge-font-size\" style=\"font-style:normal;font-weight:700\">Sind Sie bereit, Ihre SEO mit Gastbeitr\u00e4gen in Deutschland zu verbessern?<\/h2>\n\n\n\n<p class=\"has-text-align-center has-nv-text-dark-bg-color has-text-color\">Kontaktieren Sie uns noch heute, um Ihre Gastbeitragskampagne zu starten. Unser Expertenteam hilft Ihnen dabei, Ihre Marke aufzuwerten und Ihre Rankings in Deutschland zu verbessern.<\/p>\n\n\n\n<div class=\"wp-block-buttons is-horizontal is-content-justification-center is-layout-flex wp-container-core-buttons-is-layout-499968f5 wp-block-buttons-is-layout-flex\">\n<div class=\"wp-block-button is-style-primary\"><a class=\"wp-block-button__link has-text-color has-background has-link-color wp-element-button\" href=\"https:\/\/linkbuildinggermany.de\/de\/bcd31-kontakt\/\" style=\"border-radius:100px;color:#ffffff;background-color:#49a392\"><strong>Kontakt aufnehmen<\/strong> \/ <strong>Anfrage f\u00fcr ein individuelles Angebot<\/strong><\/a><\/div>\n<\/div>\n<\/div>\n<\/div><\/section>","protected":false},"excerpt":{"rendered":"<p>Quora rewards brands that contribute real value, and that starts with thoughtful, authentic link placement. At LinkBuilder Germany, we use a manual, high-trust approach tailored to Quora&#8217;s standards, ensuring that every link feels natural and adds value. The result? A steady flow of relevant traffic, enhanced brand authority, and lasting search visibility. Link Building Services&hellip;&nbsp;<a href=\"https:\/\/linkbuildinggermany.de\/de\/reddit-quora-backlinks-und-markenerwahnungen\/\" rel=\"bookmark\">Weiterlesen \"<span class=\"screen-reader-text\">Reddit &amp; Quora Backlinks und Markenerw\u00e4hnungen<\/span><\/a><\/p>","protected":false},"author":1,"featured_media":0,"parent":0,"menu_order":0,"comment_status":"closed","ping_status":"closed","template":"","meta":{"neve_meta_sidebar":"","neve_meta_container":"","neve_meta_enable_content_width":"","neve_meta_content_width":0,"neve_meta_title_alignment":"","neve_meta_author_avatar":"","neve_post_elements_order":"","neve_meta_disable_header":"","neve_meta_disable_footer":"","neve_meta_disable_title":"on","_themeisle_gutenberg_block_has_review":false,"footnotes":""},"class_list":["post-1740","page","type-page","status-publish","hentry"],"_links":{"self":[{"href":"https:\/\/linkbuildinggermany.de\/de\/wp-json\/wp\/v2\/pages\/1740","targetHints":{"allow":["GET"]}}],"collection":[{"href":"https:\/\/linkbuildinggermany.de\/de\/wp-json\/wp\/v2\/pages"}],"about":[{"href":"https:\/\/linkbuildinggermany.de\/de\/wp-json\/wp\/v2\/types\/page"}],"author":[{"embeddable":true,"href":"https:\/\/linkbuildinggermany.de\/de\/wp-json\/wp\/v2\/users\/1"}],"replies":[{"embeddable":true,"href":"https:\/\/linkbuildinggermany.de\/de\/wp-json\/wp\/v2\/comments?post=1740"}],"version-history":[{"count":3,"href":"https:\/\/linkbuildinggermany.de\/de\/wp-json\/wp\/v2\/pages\/1740\/revisions"}],"predecessor-version":[{"id":1744,"href":"https:\/\/linkbuildinggermany.de\/de\/wp-json\/wp\/v2\/pages\/1740\/revisions\/1744"}],"wp:attachment":[{"href":"https:\/\/linkbuildinggermany.de\/de\/wp-json\/wp\/v2\/media?parent=1740"}],"curies":[{"name":"wp","href":"https:\/\/api.w.org\/{rel}","templated":true}]}}